{"id":3758,"date":"2020-10-06T09:46:01","date_gmt":"2020-10-06T09:46:01","guid":{"rendered":"https:\/\/www.pisonivini.it\/reboro\/"},"modified":"2021-01-15T08:55:21","modified_gmt":"2021-01-15T08:55:21","slug":"reboro","status":"publish","type":"page","link":"https:\/\/pisonivini.it\/cs\/vini-del-trentino\/reboro\/","title":{"rendered":"Reboro"},"content":{"rendered":"<p class=\"p1\">Projekt tohoto v\u00edna vznikl z\u00a0p\u0159\u00e1telstv\u00ed a spolupr\u00e1ce n\u011bkter\u00fdch vina\u0159\u016f z\u00a0\u00fadol\u00ed Valle dei Laghi, kter\u00ed se rozhodli vlo\u017eit svou zku\u0161enost do techniky \u201eappassimento\u201c, zpracov\u00e1n\u00ed hrozn\u016f p\u0159i v\u00fdrob\u011b velmi vz\u00e1cn\u00e9ho \u010derven\u00e9ho v\u00edna.<\/p>\n","protected":false},"excerpt":{"rendered":"<p>Projekt tohoto v\u00edna vznikl z\u00a0p\u0159\u00e1telstv\u00ed a spolupr\u00e1ce n\u011bkter\u00fdch vina\u0159\u016f z\u00a0\u00fadol\u00ed Valle dei Laghi, kter\u00ed se rozhodli vlo\u017eit svou zku\u0161enost do techniky \u201eappassimento\u201c, zpracov\u00e1n\u00ed hrozn\u016f p\u0159i v\u00fdrob\u011b velmi vz\u00e1cn\u00e9ho \u010derven\u00e9ho v\u00edna.<\/p>\n","protected":false},"author":4,"featured_media":3759,"parent":3851,"menu_order":0,"comment_status":"closed","ping_status":"closed","template":"template-vini.php","meta":{"footnotes":""},"class_list":["post-3758","page","type-page","status-publish","has-post-thumbnail","hentry","odd"],"aioseo_notices":[],"_links":{"self":[{"href":"https:\/\/pisonivini.it\/cs\/wp-json\/wp\/v2\/pages\/3758","targetHints":{"allow":["GET"]}}],"collection":[{"href":"https:\/\/pisonivini.it\/cs\/wp-json\/wp\/v2\/pages"}],"about":[{"href":"https:\/\/pisonivini.it\/cs\/wp-json\/wp\/v2\/types\/page"}],"author":[{"embeddable":true,"href":"https:\/\/pisonivini.it\/cs\/wp-json\/wp\/v2\/users\/4"}],"replies":[{"embeddable":true,"href":"https:\/\/pisonivini.it\/cs\/wp-json\/wp\/v2\/comments?post=3758"}],"version-history":[{"count":0,"href":"https:\/\/pisonivini.it\/cs\/wp-json\/wp\/v2\/pages\/3758\/revisions"}],"up":[{"embeddable":true,"href":"https:\/\/pisonivini.it\/cs\/wp-json\/wp\/v2\/pages\/3851"}],"wp:featuredmedia":[{"embeddable":true,"href":"https:\/\/pisonivini.it\/cs\/wp-json\/wp\/v2\/media\/3759"}],"wp:attachment":[{"href":"https:\/\/pisonivini.it\/cs\/wp-json\/wp\/v2\/media?parent=3758"}],"curies":[{"name":"wp","href":"https:\/\/api.w.org\/{rel}","templated":true}]}}