{"id":3760,"date":"2020-10-01T15:50:20","date_gmt":"2020-10-01T15:50:20","guid":{"rendered":"https:\/\/www.pisonivini.it\/condizioni-generali-di-vendita\/"},"modified":"2020-10-01T15:50:20","modified_gmt":"2020-10-01T15:50:20","slug":"condizioni-generali-di-vendita","status":"publish","type":"page","link":"https:\/\/pisonivini.it\/cs\/wine-shop\/condizioni-generali-di-vendita\/","title":{"rendered":"Condizioni generali di vendita"},"content":{"rendered":"<p>L\u2019Acquirente dichiara espressamente di compiere l\u2019acquisto per fini estranei all\u2019attivit\u00e0 commerciale o professionale esercitata.<\/p>\n<p><strong>Identificazione del Fornitore<\/strong><\/p>\n<ul>\n<li>I beni oggetto delle presenti condizioni generali sono posti in vendita dall\u2019Azienda Agricola Fratelli di Pisoni di Marco e Stefano con sede in Pergolese di Lasino \u2013 38070 Sarche (TN), via San Siro 7\/B \u2013 di seguito indicata come \u201cFornitore\u201d.<\/li>\n<\/ul>\n<p><strong>Definizioni<\/strong><\/p>\n<ul>\n<li>Con l\u2019espressione \u201ccontratto di vendita on line\u201d, si intende il contratto di compravendita relativo ai beni mobili materiali del Fornitore, stipulato tra questi e l\u2019Acquirente nell\u2019ambito di un sistema di vendita a distanza tramite strumenti telematici, organizzato dal Fornitore.<\/li>\n<li>Con l\u2019espressione \u201cAcquirente\u201d si intende il consumatore persona fisica che compie l\u2019acquisto, di cui al presente contratto, per scopi non riferibili all\u2019attivit\u00e0 commerciale o professionale eventualmente svolta.<\/li>\n<li>Con l\u2019espressione \u201cFornitore\u201d si intende il soggetto indicato in epigrafe ovvero il soggetto prestatore dei servizi di informazione.<\/li>\n<\/ul>\n<p><strong>Oggetto del contratto<\/strong><\/p>\n<ul>\n<li>Con il presente contratto, rispettivamente, il Fornitore vende e l\u2019Acquirente acquista a distanza tramite strumenti telematici i beni mobili materiali indicati e offerti in vendita sul sito www.pisonishop.it.<\/li>\n<li>L\u2019attivit\u00e0 di commercio elettronico effettuata tramite www.pisonishop.it si rivolge esclusivamente ad utenti finali che siano consumatori, di et\u00e0 maggiore di anni 18 ed in accordo con le vigenti disposizioni in materia di commercio elettronico.<\/li>\n<li>L\u2019Acquirente garantisce di essere di et\u00e0 superiore ad anni 18 e che anche la persona che ricever\u00e0 la spedizione dei prodotti ordinati sul predetto sito sar\u00e0 di et\u00e0 superiore ad anni 18.<\/li>\n<li>Il Fornitore si riserva il diritto di non dare seguito ad ordini che siano in contrasto con le vigenti disposizioni in materia acquisto e consegna di vino ed alcolici, ovvero che non siano effettuati da soggetti che non siano qualificabili come consumatori.<\/li>\n<\/ul>\n<p><strong>Modalit\u00e0 di stipulazione del contratto<\/strong><\/p>\n<ul>\n<li>Il contratto tra il Fornitore e l\u2019Acquirente si conclude esclusivamente attraverso la rete Internet mediante l\u2019accesso dell\u2019Acquirente all\u2019indirizzo www.pisonishop.it, ove, seguendo le procedure indicate, l\u2019Acquirente arriver\u00e0 a formalizzare la proposta per l\u2019acquisto dei beni il contratto per l\u2019acquisto dei beni.<\/li>\n<\/ul>\n<p><strong>Conclusione ed efficacia del contratto<\/strong><\/p>\n<ul>\n<li>Il contratto di acquisto si conclude mediante l\u2019esatta compilazione del modulo di richiesta e il consenso all\u2019acquisto manifestato tramite l\u2019adesione inviata on line ovvero con la compilazione del form\/modulo allegato al catalogo elettronico on line all\u2019indirizzo www.pisonishop.it e il successivo invio del form\/modulo stesso, sempre previa visualizzazione di una pagina web di riepilogo dell\u2019ordine, stampabile, nella quale sono riportati gli estremi dell\u2019ordinante e dell\u2019ordinazione, il prezzo del bene acquistato, le spese di spedizione e gli eventuali ulteriori oneri accessori, le modalit\u00e0 e i termini di pagamento, l\u2019indirizzo ove il bene verr\u00e0 consegnato e quello di fatturazione.<\/li>\n<li>Nel momento in cui il Fornitore riceve dall\u2019Acquirente l\u2019ordinazione provvede all\u2019invio di una e-mail di conferma nella quale siano anche riportati i dati sopraelencati.<\/li>\n<li>Il contratto non si considera perfezionato ed efficace fra le parti in difetto di quanto indicato al paragrafo precedente.<\/li>\n<\/ul>\n<p><strong>Modalit\u00e0 di pagamento e rimborso<\/strong><\/p>\n<ul>\n<li>Ogni pagamento da parte dell\u2019Acquirente potr\u00e0 avvenire unicamente per mezzo di uno dei metodi indicati nell\u2019<a href=\"http:\/\/pisoni.myshopify.com\/pages\/pagamenti-e-spedizioni\">apposita pagina web<\/a>\u00a0dal Fornitore.<\/li>\n<li>Ogni eventuale rimborso all\u2019Acquirente verr\u00e0 accreditato mediante una delle modalit\u00e0 proposte dal Fornitore e scelta dall\u2019Acquirente, in modo tempestivo e, in caso di esercizio del diritto di recesso al massimo entro 30 giorni dalla data in cui il Fornitore \u00e8 venuto a conoscenza del recesso stesso.<\/li>\n<li>Tutte le comunicazioni relative ai pagamenti avvengono su un\u2019apposita linea del Fornitore protetta da sistema di cifratura. Il Fornitore garantisce la memorizzazione di queste informazioni con un ulteriore livello di cifratura di sicurezza e in ossequio di quanto previsto dalla vigente disciplina in materia di tutela dei dati personali.<\/li>\n<\/ul>\n<p><strong>Tempi e modalit\u00e0 della consegna<\/strong><\/p>\n<ul>\n<li>\n<ul>\n<li>Il Fornitore provveder\u00e0 a recapitare i prodotti selezionati e ordinati, con le modalit\u00e0 scelte dall\u2019Acquirente o indicate sul sito web al momento dell\u2019acquisto del bene, cos\u00ec come confermate nella e-mail di conferma.<\/li>\n<li>I tempi della spedizione variano da 5 a 7\u00a0giorni lavorativi dalla conferma dello stesso. Nel caso in cui il Fornitore non sia in grado di effettuare la spedizione entro detto termine ne verr\u00e0 dato tempestivo avviso tramite e-mail all\u2019Acquirente.<\/li>\n<li>Le modalit\u00e0, i tempi e i costi di spedizione sono chiaramente indicati e ben evidenziati\u00a0nell\u2019<a href=\"http:\/\/pisoni.myshopify.com\/pages\/pagamenti-e-spedizioni\">apposita pagina web<\/a><\/li>\n<\/ul>\n<\/li>\n<\/ul>\n<p><strong>Prezzi<\/strong><\/p>\n<ul>\n<li>Tutti i prezzi di vendita dei prodotti esposti e indicati all\u2019interno del sito Internet www.pisonishop.it sono espressi in euro e costituiscono offerta al pubblico ai sensi dell\u2019art. 1336 c.c.<\/li>\n<li>I prezzi di vendita, di cui al punto precedente, sono comprensivi di IVA e di ogni eventuale altra imposta. I costi di spedizione e gli eventuali oneri accessori (ad es. sdoganamento), se presenti, pur non ricompresi nel prezzo di acquisto, devono essere indicati e calcolati nella procedura di acquisto prima dell\u2019inoltro dell\u2019ordine da parte dell\u2019Acquirente e altres\u00ec contenuti nella pagina web di riepilogo dell\u2019ordine effettuato.<\/li>\n<\/ul>\n<p><strong>Disponibilit\u00e0 dei prodotti<\/strong><\/p>\n<ul>\n<li>Il Fornitore assicura tramite il sistema telematico utilizzato l\u2019elaborazione ed evasione degli ordini senza ritardo.<\/li>\n<li>Qualora un ordine dovesse superare la quantit\u00e0 esistente nel magazzino, il Fornitore, tramite e-mail, render\u00e0 noto all\u2019Acquirente se il bene non sia pi\u00f9 prenotabile ovvero quali siano i tempi di attesa per ottenere il bene scelto, chiedendo se intende confermare l\u2019ordine o meno.<\/li>\n<li>Il sistema informatico del Fornitore conferma nel pi\u00f9 breve tempo possibile l\u2019avvenuta registrazione dell\u2019ordine inoltrando all\u2019Utente una conferma per posta elettronica.<\/li>\n<\/ul>\n<p><strong>Limitazioni di responsabilit\u00e0<\/strong><\/p>\n<ul>\n<li>Il Fornitore non si assume alcuna responsabilit\u00e0 per i disservizi imputabili a causa di forza maggiore quali incidenti, esplosioni, incendi, scioperi e\/o serrate, terremoti, alluvioni ed altri similari eventi che impedissero, in tutto o in parte, di dare esecuzione nei tempi concordati al contratto.<\/li>\n<li>Il Fornitore non sar\u00e0 responsabile nei confronti di alcuna parte in merito a danni, perdite e costi subiti a seguito della mancata esecuzione del contratto per le cause sopra citate, avendo l\u2019Acquirente diritto soltanto alla restituzione del prezzo corrisposto.<\/li>\n<li>Il Fornitore non \u00e8 responsabile dell\u2019eventuale uso fraudolento ed illecito che possa essere fatto da parte di terzi, di carte di credito, assegni ed altri mezzi di pagamento, all\u2019atto del pagamento dei prodotti acquistati sul sito www.pisonishop.it Fatte salve le ipotesi di dolo o colpa grave del Fornitore, \u00e8 sin d\u2019ora convenuto che, qualora fosse accertata la responsabilit\u00e0 del Fornitore a qualsiasi titolo nei confronti dell\u2019Acquirente \u2013 ivi compreso il caso di inadempimento, totale o parziale, agli obblighi assunti dal Fornitore nei confronti dell\u2019Acquirente per effetto dell\u2019esecuzione di un ordine \u2013 la responsabilit\u00e0 del Fornitore non potr\u00e0 essere superiore al prezzo dei Prodotti acquistati dall\u2019Acquirente e per i quali sia sorta la contestazione.<\/li>\n<li>La responsabilita\u2019 del Fornitore per i ritardi nella consegna non pu\u00f2 superare l\u2019ammontare delle spese di spedizione sostenute dal Cliente.<\/li>\n<\/ul>\n<p><strong>Garanzie<\/strong><\/p>\n<ul>\n<li>Le caratteristiche essenziali dei prodotti offerti dal Fornitore sono presentate con apposite schede prodotto, visibili direttamente sul sito. Le immagini ed i colori dei prodotti offerti in vendita potrebbero tuttavia non essere corrispondenti a quelli reali a causa del browser Internet e del monitor utilizzato.<\/li>\n<li>Tutti i prodotti vengono spediti con imballaggi idonei. Qualora al momento della consegna i cartoni risultassero danneggiati, manomessi, o con evidenti segni di rottura, siete pregati di rifiutare il ritiro.<\/li>\n<\/ul>\n<p><strong>Diritto di recesso<\/strong><\/p>\n<ul>\n<li>Come stabilito dalle normative vigenti, l\u2019Acquirente ha 10 giorni di tempo dal ricevimento della merce per esercitare il suo diritto di recesso. Facciamo presente che tale diritto sancito espressamente dal cosidetto \u201ccodice del consumo\u201d, stabilisce anche che la merce deve essere riconsegnata nelle stesse condizioni in cui \u00e8 stata ricevuta. Quindi l\u2019imballo deve essere integro. Il diritto di recesso d\u00e0 modo al cliente di avere un ripensamento dopo aver acquistato e non entra in nessun modo nelle discussioni sulla garanzia e sostituzione.<\/li>\n<li>Non verranno accettate confezioni, imballi o oggetti che siano stati usati o non siano nelle condizioni originali. Oltre a rispedire l\u2019oggetto o gli oggetti, l\u2019Acquirente, dovr\u00e0 contattare il Fornitore e prima di spedire deve aspettare l\u2019accettazione da parte del Fornitore della richiesta di recesso. Una volta che l\u2019articolo o gli articoli saranno pervenuti al Fornitore e dopo aver controllato lo stato della merce, se questa corrisponder\u00e0 agli standard citati prima, entro 30 giorni sar\u00e0 rimborsato all\u2019Acquirente l\u2019importo totale della sua spesa, comprese le spese di spedizione iniziali.<\/li>\n<li>ATTENZIONE: come stabilito dalla Corte di Giustizia Europea, le spese che l\u2019Aquirente sosterr\u00e0 per riconsegnare il bene non saranno rimborsate.<\/li>\n<\/ul>\n<p><strong>Tutela della riservatezza e trattamento dei dati dell\u2019Acquirente<\/strong><\/p>\n<ul>\n<li>Il Fornitore tutela la privacy dei propri clienti e garantisce che il trattamento dei dati \u00e8 conforme a quanto previsto dalla normativa sulla privacy di cui al d.lgs. 30 giugno 2003, n. 1961.<\/li>\n<li>I dati personali anagrafici e fiscali acquisiti direttamente e\/o tramite terzi dal Fornitore, titolare del trattamento, vengono raccolti e trattati in forma cartacea, informatica, telematica, in relazione alle modalit\u00e0 di trattamento con la finalit\u00e0 di registrare l\u2019ordine e attivare nei suoi confronti le procedure per l\u2019esecuzione del presente contratto e le relative necessarie comunicazioni, oltre all\u2019adempimento degli eventuali obblighi di legge, nonch\u00e9 per consentire un\u2019efficace gestione dei rapporti commerciali nella misura necessaria per espletare al meglio il servizio richiesto (art. 24, comma 1, lett. b, d.lgs. 196\/2003)2.<\/li>\n<li>Il Fornitore si obbliga a trattare con riservatezza i dati e le informazioni trasmessi dall\u2019Acquirente e di non rivelarli a persone non autorizzate, n\u00e9 a usarli per scopi diversi da quelli per i quali sono stati raccolti o a trasmetterli a terze parti. Tali dati potranno essere esibiti soltanto su richiesta dell\u2019Autorit\u00e0 giudiziaria ovvero di altre autorit\u00e0 per legge autorizzate.<\/li>\n<li>I dati personali saranno comunicati, previa sottoscrizione di un impegno di riservatezza dei dati stessi, solo a soggetti delegati all\u2019espletamento delle attivit\u00e0 necessarie per l\u2019esecuzione del contratto stipulato e comunicati esclusivamente nell\u2019ambito di tale finalit\u00e0.<\/li>\n<li>L\u2019Acquirente gode dei diritti di cui all\u2019art. 7 del d.lgs. 196\/2003, e cio\u00e8 del diritto di ottenere:<br \/>\na) l\u2019aggiornamento, la rettificazione ovvero, quando vi ha interesse, l\u2019integrazione dei dati;<br \/>\nb) la cancellazione, la trasformazione in forma anonima o il blocco dei dati trattati in violazione di legge, compresi quelli di cui non \u00e8 necessaria la conservazione in relazione agli scopi per i quali i dati sono stati raccolti o successivamente trattati;<br \/>\nc) l\u2019attestazione che le operazioni di cui alle lettere a) e b) sono state portate a conoscenza, anche per quanto riguarda il loro contenuto, di coloro ai quali i dati sono stati comunicati o diffusi, eccettuato il caso in cui tale adempimento si rivela impossibile o comporta un impiego di mezzi manifestamente sproporzionato rispetto al diritto tutelato. L\u2019interessato ha inoltre il diritto di opporsi, in tutto o in parte: i) per motivi legittimi al trattamento dei dati personali che lo riguardano, ancorch\u00e9 pertinenti allo scopo della raccolta; ii) al trattamento di dati personali che lo riguardano a fini di invio di materiale pubblicitario o di vendita diretta o per il compimento di ricerche di mercato o di comunicazione commerciale.<\/li>\n<li>La comunicazione dei propri dati personali da parte dell\u2019Acquirente \u00e8 condizione necessaria per la corretta e tempestiva esecuzione del presente contratto. In difetto, non potr\u00e0 essere dato corso alla domanda dell\u2019Acquirente stesso.<\/li>\n<li>Titolare della raccolta e del trattamento dei dati personali \u00e8 il Fornitore, al quale l\u2019Acquirente potr\u00e0 indirizzare, presso la sede aziendale, ogni richiesta<\/li>\n<\/ul>\n","protected":false},"excerpt":{"rendered":"<p>L\u2019Acquirente dichiara espressamente di compiere l\u2019acquisto per fini estranei all\u2019attivit\u00e0 commerciale o professionale esercitata. Identificazione del Fornitore I beni oggetto delle presenti condizioni generali sono posti in vendita dall\u2019Azienda Agricola Fratelli di Pisoni di Marco e Stefano con sede in Pergolese di Lasino \u2013 38070 Sarche (TN), via San Siro 7\/B \u2013 di seguito indicata [&hellip;]<\/p>\n","protected":false},"author":4,"featured_media":3761,"parent":3782,"menu_order":0,"comment_status":"closed","ping_status":"closed","template":"","meta":{"footnotes":""},"class_list":["post-3760","page","type-page","status-publish","has-post-thumbnail","hentry","odd"],"aioseo_notices":[],"_links":{"self":[{"href":"https:\/\/pisonivini.it\/cs\/wp-json\/wp\/v2\/pages\/3760","targetHints":{"allow":["GET"]}}],"collection":[{"href":"https:\/\/pisonivini.it\/cs\/wp-json\/wp\/v2\/pages"}],"about":[{"href":"https:\/\/pisonivini.it\/cs\/wp-json\/wp\/v2\/types\/page"}],"author":[{"embeddable":true,"href":"https:\/\/pisonivini.it\/cs\/wp-json\/wp\/v2\/users\/4"}],"replies":[{"embeddable":true,"href":"https:\/\/pisonivini.it\/cs\/wp-json\/wp\/v2\/comments?post=3760"}],"version-history":[{"count":0,"href":"https:\/\/pisonivini.it\/cs\/wp-json\/wp\/v2\/pages\/3760\/revisions"}],"up":[{"embeddable":true,"href":"https:\/\/pisonivini.it\/cs\/wp-json\/wp\/v2\/pages\/3782"}],"wp:featuredmedia":[{"embeddable":true,"href":"https:\/\/pisonivini.it\/cs\/wp-json\/wp\/v2\/media\/3761"}],"wp:attachment":[{"href":"https:\/\/pisonivini.it\/cs\/wp-json\/wp\/v2\/media?parent=3760"}],"curies":[{"name":"wp","href":"https:\/\/api.w.org\/{rel}","templated":true}]}}