{"id":3774,"date":"2018-12-04T12:19:40","date_gmt":"2018-12-04T12:19:40","guid":{"rendered":"https:\/\/www.pisonivini.it\/your-vine-your-wine\/"},"modified":"2021-02-24T14:50:35","modified_gmt":"2021-02-24T14:50:35","slug":"your-vine-your-wine","status":"publish","type":"page","link":"https:\/\/pisonivini.it\/cs\/your-vine-your-wine\/","title":{"rendered":"Your vine, your wine"},"content":{"rendered":"<p class=\"p1\">Aby bylo v\u00edno, mus\u00ed b\u00fdt r\u00e9va.<\/p>\n<p class=\"p1\">Aby bylo dobr\u00e9 v\u00edno, mus\u00ed b\u00fdt dobr\u00e1 r\u00e9va.<br \/>\nMy vina\u0159i to dob\u0159e v\u00edme: proto jsme se rozhodli v\u011bnovat <b>novou vinici<\/b> v\u00ednu <b>Reboro<\/b>, nov\u00e9mu v\u00ednu, kter\u00e9 vzniklo ze stalet\u00e9 tradice; spole\u010dn\u00fd projekt, kter\u00fd vznikl z\u00a0p\u0159\u00e1telstv\u00ed vina\u0159\u016f v\u00a0\u00fadol\u00ed Valle dei Laghi; naprosto vynikaj\u00edc\u00ed \u010derven\u00e9 v\u00edno, kter\u00e9 p\u0159edstavuje to nejlep\u0161\u00ed z\u00a0na\u0161eho kraje.<\/p>\n<p class=\"p1\">Bude to zvl\u00e1\u0161tn\u00ed nov\u00e1 vinice, proto\u017ee vznikne na kopci San Siro, jednom z\u00a0nejp\u0159\u00edhodn\u011bj\u0161\u00edch m\u00edst v\u00a0\u00fadol\u00ed Valle dei Laghi (Trentino), na k\u0159i\u017eovatce mezi jezerem Garda a poho\u0159\u00edm Dolomiti di Brenta, zapsan\u00fdm na\u00a0seznamu Unesco.<\/p>\n<p class=\"p1\">Bude v\u011bnovan\u00e1 produkci hrozn\u016f Rebo, autoktonn\u00ed varianty, kter\u00e1 v\u00a0sob\u011b spojuje to nejlep\u0161\u00ed z\u00a0odr\u016fd Merlot a Teroldego, jejich\u017e je potomkem.<br \/>\nBude zaj\u00edmav\u00e1 hlavn\u011b t\u00edm, \u017ee ji nechceme vid\u011bt jako \u201ena\u0161i vinici\u201c, ale jako <b>neobvykl\u00e9 m\u00edsto<\/b>, na kter\u00e9m se milovn\u00edci v\u00edna Reboro budou c\u00edtit jako doma, budou moci vtisknout vinici sv\u00e9 jm\u00e9no, m\u00edt p\u0159ehled o v\u0161ech f\u00e1z\u00edch p\u011bstov\u00e1n\u00ed a zpracov\u00e1n\u00ed hrozn\u016f, a nakonec se pod\u00edvat do sklepa a odhalit jeho tajemstv\u00ed.<\/p>\n<p class=\"p1\">Bude to \u201cva\u0161e vinice\u201d, proto\u017ee Reboro je \u201cva\u0161e v\u00edno\u201d, a na\u0161\u00ed milou povinnost\u00ed je jen v\u00e1s s\u00a0n\u00edm sezn\u00e1mit, abyste jej mohli m\u00edt r\u00e1di.<\/p>\n<hr \/>\n<p class=\"p1\"><b>Chcete d\u00e1t sv\u00e9 jm\u00e9no nebo jm\u00e9no n\u011bkoho bl\u00edzk\u00e9ho jedn\u00e9 z\u00a0rostlin na nov\u00e9 vinici? <\/b><\/p>\n<p class=\"p2\"><b>Za pouh\u00fdch 10 Euro vyryjeme Va\u0161e jm\u00e9no do zvl\u00e1\u0161tn\u00ed kovov\u00e9 desti\u010dky, kter\u00e1 bude zav\u011b\u0161en\u00e1 na rostlin\u011b, dokud bude vinice st\u00e1t: budete moci p\u0159ij\u00edt a pod\u00edvat se jak roste, jak se skl\u00edz\u00ed hrozny a jak se zpracov\u00e1vaj\u00ed, a sledovat proces zr\u00e1n\u00ed v\u00edna Reboro. Budete sou\u010d\u00e1st\u00ed komunity p\u0159\u00e1tel tohoto v\u00edna a sou\u010d\u00e1st\u00ed na\u0161\u00ed rodiny! <\/b><\/p>\n<p>&nbsp;<\/p>\n<p><strong>Paypal<\/strong><\/p>\n<form class=\"paypal\" action=\"https:\/\/www.paypal.com\/cgi-bin\/webscr\" method=\"post\" target=\"_top\"><input name=\"cmd\" type=\"hidden\" value=\"_s-xclick\" \/><br \/>\n<input name=\"hosted_button_id\" type=\"hidden\" value=\"87V88VD3RL6Q2\" \/><br \/>\n<input alt=\"PayPal \u00e8 il metodo rapido e sicuro per pagare e farsi pagare online.\" name=\"submit\" src=\"https:\/\/www.paypalobjects.com\/it_IT\/IT\/i\/btn\/btn_buynowCC_LG.gif\" type=\"image\" \/><br \/>\n<img loading=\"lazy\" decoding=\"async\" src=\"https:\/\/www.paypalobjects.com\/it_IT\/i\/scr\/pixel.gif\" alt=\"\" width=\"1\" height=\"1\" border=\"0\" \/><\/form>\n<p>o con <strong>bonifico bancario<\/strong><\/p>\n<p class=\"p1\">Cassa Rurale Alto Garda filiale di Sarche<br \/>\nIBAN Code: IT 54 G 08016 05603 000033803084<br \/>\nSWIFT Code: CCRTIT2T04A<\/p>\n<p>specificando come causale &#8222;YOUR VINE, YOUR WINE e il nome da imprimere sulla targhetta.<\/p>\n<p><em><b>Marco e Stefano Pisoni<\/b><\/em><\/p>\n\n<div class=\"wpcf7 no-js\" id=\"wpcf7-f1247-o1\" lang=\"en-US\" dir=\"ltr\" data-wpcf7-id=\"1247\">\n<div class=\"screen-reader-response\"><p role=\"status\" aria-live=\"polite\" aria-atomic=\"true\"><\/p> <ul><\/ul><\/div>\n<form action=\"\/cs\/wp-json\/wp\/v2\/pages\/3774#wpcf7-f1247-o1\" method=\"post\" class=\"wpcf7-form init\" aria-label=\"Contact form\" novalidate=\"novalidate\" data-status=\"init\">\n<fieldset class=\"hidden-fields-container\"><input type=\"hidden\" name=\"_wpcf7\" value=\"1247\" \/><input type=\"hidden\" name=\"_wpcf7_version\" value=\"6.1.5\" \/><input type=\"hidden\" name=\"_wpcf7_locale\" value=\"en_US\" \/><input type=\"hidden\" name=\"_wpcf7_unit_tag\" value=\"wpcf7-f1247-o1\" \/><input type=\"hidden\" name=\"_wpcf7_container_post\" value=\"0\" \/><input type=\"hidden\" name=\"_wpcf7_posted_data_hash\" value=\"\" \/><input type=\"hidden\" name=\"_wpcf7_recaptcha_response\" value=\"\" \/>\n<\/fieldset>\n<div class=\"form-vine\">\n\t<p><label>Nome (*)<\/label><span class=\"wpcf7-form-control-wrap\" data-name=\"your-first-name\"><input size=\"40\" maxlength=\"400\" class=\"wpcf7-form-control wpcf7-text wpcf7-validates-as-required\" aria-required=\"true\" aria-invalid=\"false\" value=\"\" type=\"text\" name=\"your-first-name\" \/><\/span>\n\t<\/p>\n\t<p><label>Cognome (*)<\/label><span class=\"wpcf7-form-control-wrap\" data-name=\"your-last-name\"><input size=\"40\" maxlength=\"400\" class=\"wpcf7-form-control wpcf7-text wpcf7-validates-as-required\" aria-required=\"true\" aria-invalid=\"false\" value=\"\" type=\"text\" name=\"your-last-name\" \/><\/span>\n\t<\/p>\n<\/div>\n<div class=\"form-vine\">\n\t<p><label>Data di nascita (*)<\/label><span class=\"wpcf7-form-control-wrap\" data-name=\"date-birth\"><input class=\"wpcf7-form-control wpcf7-date wpcf7-validates-as-required wpcf7-validates-as-date\" aria-required=\"true\" aria-invalid=\"false\" value=\"\" type=\"date\" name=\"date-birth\" \/><\/span>\n\t<\/p>\n\t<p><label>Email (*)<\/label><span class=\"wpcf7-form-control-wrap\" data-name=\"your-email\"><input size=\"40\" maxlength=\"400\" class=\"wpcf7-form-control wpcf7-email wpcf7-validates-as-required wpcf7-text wpcf7-validates-as-email\" aria-required=\"true\" aria-invalid=\"false\" value=\"\" type=\"email\" name=\"your-email\" \/><\/span>\n\t<\/p>\n<\/div>\n<div class=\"form-vine\">\n\t<p><label>Codice fiscale (*)<\/label><span class=\"wpcf7-form-control-wrap\" data-name=\"your-code\"><input size=\"40\" maxlength=\"400\" class=\"wpcf7-form-control wpcf7-text wpcf7-validates-as-required\" aria-required=\"true\" aria-invalid=\"false\" value=\"\" type=\"text\" name=\"your-code\" \/><\/span>\n\t<\/p>\n\t<p><label>Paese (*)<\/label><span class=\"wpcf7-form-control-wrap\" data-name=\"your-country\"><input size=\"40\" maxlength=\"400\" class=\"wpcf7-form-control wpcf7-text wpcf7-validates-as-required\" aria-required=\"true\" aria-invalid=\"false\" value=\"\" type=\"text\" name=\"your-country\" \/><\/span>\n\t<\/p>\n<\/div>\n<div class=\"form-vine\">\n\t<p><label>Regione (*)<\/label><span class=\"wpcf7-form-control-wrap\" data-name=\"your-region\"><input size=\"40\" maxlength=\"400\" class=\"wpcf7-form-control wpcf7-text wpcf7-validates-as-required\" aria-required=\"true\" aria-invalid=\"false\" value=\"\" type=\"text\" name=\"your-region\" \/><\/span>\n\t<\/p>\n\t<p><label>Provincia (*)<\/label><span class=\"wpcf7-form-control-wrap\" data-name=\"your-province\"><input size=\"40\" maxlength=\"400\" class=\"wpcf7-form-control wpcf7-text wpcf7-validates-as-required\" aria-required=\"true\" aria-invalid=\"false\" value=\"\" type=\"text\" name=\"your-province\" \/><\/span>\n\t<\/p>\n<\/div>\n<div class=\"form-vine\">\n\t<p><label>Citt\u00e0 (*)<\/label><span class=\"wpcf7-form-control-wrap\" data-name=\"your-city\"><input size=\"40\" maxlength=\"400\" class=\"wpcf7-form-control wpcf7-text wpcf7-validates-as-required\" aria-required=\"true\" aria-invalid=\"false\" value=\"\" type=\"text\" name=\"your-city\" \/><\/span>\n\t<\/p>\n\t<p><label>CAP (*)<\/label><span class=\"wpcf7-form-control-wrap\" data-name=\"your-postcode\"><input size=\"40\" maxlength=\"400\" class=\"wpcf7-form-control wpcf7-text wpcf7-validates-as-required\" aria-required=\"true\" aria-invalid=\"false\" value=\"\" type=\"text\" name=\"your-postcode\" \/><\/span>\n\t<\/p>\n<\/div>\n<div class=\"form-vine\">\n\t<p><label>Indirizzo (*)<\/label><span class=\"wpcf7-form-control-wrap\" data-name=\"your-address\"><input size=\"40\" maxlength=\"400\" class=\"wpcf7-form-control wpcf7-text wpcf7-validates-as-required\" aria-required=\"true\" aria-invalid=\"false\" value=\"\" type=\"text\" name=\"your-address\" \/><\/span>\n\t<\/p>\n\t<p><label>Telefono (*)<\/label><span class=\"wpcf7-form-control-wrap\" data-name=\"your-phone\"><input size=\"40\" maxlength=\"400\" class=\"wpcf7-form-control wpcf7-text wpcf7-validates-as-required\" aria-required=\"true\" aria-invalid=\"false\" value=\"\" type=\"text\" name=\"your-phone\" \/><\/span>\n\t<\/p>\n<\/div>\n<div class=\"form-vine\">\n\t<p><label>Nome che si vuole imprimere sulla targhetta (*)<\/label><span class=\"wpcf7-form-control-wrap\" data-name=\"your-project\"><input size=\"40\" maxlength=\"400\" class=\"wpcf7-form-control wpcf7-text wpcf7-validates-as-required\" aria-required=\"true\" aria-invalid=\"false\" value=\"\" type=\"text\" name=\"your-project\" \/><\/span>\n\t<\/p>\n\t<p><span class=\"wpcf7-form-control-wrap\" data-name=\"acceptance-572\"><span class=\"wpcf7-form-control wpcf7-acceptance\"><span class=\"wpcf7-list-item\"><input type=\"checkbox\" name=\"acceptance-572\" value=\"1\" aria-invalid=\"false\" \/><\/span><\/span><\/span> Ho letto l'<a href=\"https:\/\/www.iubenda.com\/privacy-policy\/29975873\">informativa sulla privacy<\/a> e acconsento al trattamento dei miei dati personali\n\t<\/p>\n<\/div>\n<div style=\"clear:both;\">\n\t<p>&nbsp;\n\t<\/p>\n<\/div>\n<p>\n\n<\/p>\n<p><input class=\"wpcf7-form-control wpcf7-submit has-spinner\" type=\"submit\" value=\"Invia\" \/>\n<\/p><div class=\"wpcf7-response-output\" aria-hidden=\"true\"><\/div>\n<\/form>\n<\/div>\n\n","protected":false},"excerpt":{"rendered":"<p>Aby bylo v\u00edno, mus\u00ed b\u00fdt r\u00e9va. Aby bylo dobr\u00e9 v\u00edno, mus\u00ed b\u00fdt dobr\u00e1 r\u00e9va. My vina\u0159i to dob\u0159e v\u00edme: proto jsme se rozhodli v\u011bnovat novou vinici v\u00ednu Reboro, nov\u00e9mu v\u00ednu, kter\u00e9 vzniklo ze stalet\u00e9 tradice; spole\u010dn\u00fd projekt, kter\u00fd vznikl z\u00a0p\u0159\u00e1telstv\u00ed vina\u0159\u016f v\u00a0\u00fadol\u00ed Valle dei Laghi; naprosto vynikaj\u00edc\u00ed \u010derven\u00e9 v\u00edno, kter\u00e9 p\u0159edstavuje to nejlep\u0161\u00ed z\u00a0na\u0161eho kraje. [&hellip;]<\/p>\n","protected":false},"author":4,"featured_media":3775,"parent":0,"menu_order":0,"comment_status":"closed","ping_status":"closed","template":"","meta":{"footnotes":""},"class_list":["post-3774","page","type-page","status-publish","has-post-thumbnail","hentry","odd"],"aioseo_notices":[],"_links":{"self":[{"href":"https:\/\/pisonivini.it\/cs\/wp-json\/wp\/v2\/pages\/3774","targetHints":{"allow":["GET"]}}],"collection":[{"href":"https:\/\/pisonivini.it\/cs\/wp-json\/wp\/v2\/pages"}],"about":[{"href":"https:\/\/pisonivini.it\/cs\/wp-json\/wp\/v2\/types\/page"}],"author":[{"embeddable":true,"href":"https:\/\/pisonivini.it\/cs\/wp-json\/wp\/v2\/users\/4"}],"replies":[{"embeddable":true,"href":"https:\/\/pisonivini.it\/cs\/wp-json\/wp\/v2\/comments?post=3774"}],"version-history":[{"count":2,"href":"https:\/\/pisonivini.it\/cs\/wp-json\/wp\/v2\/pages\/3774\/revisions"}],"predecessor-version":[{"id":4402,"href":"https:\/\/pisonivini.it\/cs\/wp-json\/wp\/v2\/pages\/3774\/revisions\/4402"}],"wp:featuredmedia":[{"embeddable":true,"href":"https:\/\/pisonivini.it\/cs\/wp-json\/wp\/v2\/media\/3775"}],"wp:attachment":[{"href":"https:\/\/pisonivini.it\/cs\/wp-json\/wp\/v2\/media?parent=3774"}],"curies":[{"name":"wp","href":"https:\/\/api.w.org\/{rel}","templated":true}]}}