{"id":3778,"date":"2015-01-26T09:45:12","date_gmt":"2015-01-26T09:45:12","guid":{"rendered":"https:\/\/www.pisonivini.it\/news\/"},"modified":"2021-02-24T13:42:19","modified_gmt":"2021-02-24T13:42:19","slug":"novinky","status":"publish","type":"page","link":"https:\/\/pisonivini.it\/cs\/novinky\/novinky\/","title":{"rendered":"Novinky"},"content":{"rendered":"<p>Pod\u00edvej se pod pokli\u010dku, co se va\u0159\u00ed u rodiny Pisoni! Nov\u00e9 produkty, posledn\u00ed novinky, ve\u010d\u00edrky, veletrhy, trhy a mnoho dal\u0161\u00edho.<\/p>\n","protected":false},"excerpt":{"rendered":"<p>Pod\u00edvej se pod pokli\u010dku, co se va\u0159\u00ed u rodiny Pisoni! Nov\u00e9 produkty, posledn\u00ed novinky, ve\u010d\u00edrky, veletrhy, trhy a mnoho dal\u0161\u00edho.<\/p>\n","protected":false},"author":4,"featured_media":3779,"parent":3783,"menu_order":0,"comment_status":"open","ping_status":"closed","template":"template-news.php","meta":{"footnotes":""},"class_list":["post-3778","page","type-page","status-publish","has-post-thumbnail","hentry","odd"],"aioseo_notices":[],"_links":{"self":[{"href":"https:\/\/pisonivini.it\/cs\/wp-json\/wp\/v2\/pages\/3778","targetHints":{"allow":["GET"]}}],"collection":[{"href":"https:\/\/pisonivini.it\/cs\/wp-json\/wp\/v2\/pages"}],"about":[{"href":"https:\/\/pisonivini.it\/cs\/wp-json\/wp\/v2\/types\/page"}],"author":[{"embeddable":true,"href":"https:\/\/pisonivini.it\/cs\/wp-json\/wp\/v2\/users\/4"}],"replies":[{"embeddable":true,"href":"https:\/\/pisonivini.it\/cs\/wp-json\/wp\/v2\/comments?post=3778"}],"version-history":[{"count":1,"href":"https:\/\/pisonivini.it\/cs\/wp-json\/wp\/v2\/pages\/3778\/revisions"}],"predecessor-version":[{"id":4381,"href":"https:\/\/pisonivini.it\/cs\/wp-json\/wp\/v2\/pages\/3778\/revisions\/4381"}],"up":[{"embeddable":true,"href":"https:\/\/pisonivini.it\/cs\/wp-json\/wp\/v2\/pages\/3783"}],"wp:featuredmedia":[{"embeddable":true,"href":"https:\/\/pisonivini.it\/cs\/wp-json\/wp\/v2\/media\/3779"}],"wp:attachment":[{"href":"https:\/\/pisonivini.it\/cs\/wp-json\/wp\/v2\/media?parent=3778"}],"curies":[{"name":"wp","href":"https:\/\/api.w.org\/{rel}","templated":true}]}}