{"id":3782,"date":"2014-11-25T11:00:25","date_gmt":"2014-11-25T11:00:25","guid":{"rendered":"https:\/\/www.pisonivini.it\/wine-shop\/"},"modified":"2021-03-29T12:14:33","modified_gmt":"2021-03-29T12:14:33","slug":"wine-shop","status":"publish","type":"page","link":"https:\/\/pisonivini.it\/cs\/wine-shop\/","title":{"rendered":"Shop on line"},"content":{"rendered":"<p><span class=\"s2\">Nakoupit <\/span><span class=\"s2\">p\u0159imo v\u00a0\u010cesk\u00e9 a Slovensk\u00e9 republice za v\u00fdhodn\u00e9 ceny <\/span><span class=\"s2\">m\u016f\u017eete prost\u0159ednictv\u00edm <\/span><span class=\"s2\">na\u0161eho v\u00fdhradn\u00edho<\/span><span class=\"s2\"> dovozce<\/span><span class=\"s2\">.<\/span><\/p>\n<p><span class=\"s2\">Lupo Terragni<br \/>\n<\/span><a href=\"mailto:lupovlk@hotmail.com\"><span class=\"s3\">lupovlk@hotmail.com<\/span><\/a><span class=\"s2\"><br \/>\n<\/span><span class=\"s2\">603\u00a0953 576<\/span><\/p>\n<p><img loading=\"lazy\" decoding=\"async\" class=\"alignnone size-medium wp-image-5060\" src=\"\/wp-content\/uploads\/2021\/03\/Lupo-sito-Pisoni-2-300x169.jpg\" alt=\"\" width=\"300\" height=\"169\" srcset=\"https:\/\/pisonivini.it\/wp-content\/uploads\/2021\/03\/Lupo-sito-Pisoni-2-300x169.jpg 300w, https:\/\/pisonivini.it\/wp-content\/uploads\/2021\/03\/Lupo-sito-Pisoni-2-1024x576.jpg 1024w, https:\/\/pisonivini.it\/wp-content\/uploads\/2021\/03\/Lupo-sito-Pisoni-2-768x432.jpg 768w, https:\/\/pisonivini.it\/wp-content\/uploads\/2021\/03\/Lupo-sito-Pisoni-2-600x338.jpg 600w, https:\/\/pisonivini.it\/wp-content\/uploads\/2021\/03\/Lupo-sito-Pisoni-2.jpg 1440w\" sizes=\"auto, (max-width: 300px) 100vw, 300px\" \/><\/p>\n","protected":false},"excerpt":{"rendered":"<p>Nakoupit p\u0159imo v\u00a0\u010cesk\u00e9 a Slovensk\u00e9 republice za v\u00fdhodn\u00e9 ceny m\u016f\u017eete prost\u0159ednictv\u00edm na\u0161eho v\u00fdhradn\u00edho dovozce. Lupo Terragni lupovlk@hotmail.com 603\u00a0953 576<\/p>\n","protected":false},"author":4,"featured_media":0,"parent":0,"menu_order":0,"comment_status":"open","ping_status":"closed","template":"template-shop.php","meta":{"footnotes":""},"class_list":["post-3782","page","type-page","status-publish","hentry","odd"],"aioseo_notices":[],"_links":{"self":[{"href":"https:\/\/pisonivini.it\/cs\/wp-json\/wp\/v2\/pages\/3782","targetHints":{"allow":["GET"]}}],"collection":[{"href":"https:\/\/pisonivini.it\/cs\/wp-json\/wp\/v2\/pages"}],"about":[{"href":"https:\/\/pisonivini.it\/cs\/wp-json\/wp\/v2\/types\/page"}],"author":[{"embeddable":true,"href":"https:\/\/pisonivini.it\/cs\/wp-json\/wp\/v2\/users\/4"}],"replies":[{"embeddable":true,"href":"https:\/\/pisonivini.it\/cs\/wp-json\/wp\/v2\/comments?post=3782"}],"version-history":[{"count":9,"href":"https:\/\/pisonivini.it\/cs\/wp-json\/wp\/v2\/pages\/3782\/revisions"}],"predecessor-version":[{"id":5064,"href":"https:\/\/pisonivini.it\/cs\/wp-json\/wp\/v2\/pages\/3782\/revisions\/5064"}],"wp:attachment":[{"href":"https:\/\/pisonivini.it\/cs\/wp-json\/wp\/v2\/media?parent=3782"}],"curies":[{"name":"wp","href":"https:\/\/api.w.org\/{rel}","templated":true}]}}