{"id":3783,"date":"2014-10-27T15:58:00","date_gmt":"2014-10-27T15:58:00","guid":{"rendered":"https:\/\/www.pisonivini.it\/novita\/"},"modified":"2021-03-05T15:55:08","modified_gmt":"2021-03-05T15:55:08","slug":"novinky","status":"publish","type":"page","link":"https:\/\/pisonivini.it\/cs\/novinky\/","title":{"rendered":"Novinky"},"content":{"rendered":"<p class=\"p1\">A\u0165 v\u00edte o v\u0161ech novink\u00e1ch a akc\u00edch, kter\u00e9 p\u0159ipravuje vina\u0159stv\u00ed <b>Azienda Agricola e Cantina Pisoni<\/b>\u00a0v Pergolese. Prozkoumejte v\u0161echny novinky a nejnov\u011bj\u0161\u00ed <b>nab\u00eddky z\u00a0\u00fadol\u00ed<\/b> <b>Valle dei Laghi<\/b>!<\/p>\n<hr \/>\n<h3><a title=\"News\" href=\"https:\/\/www.pisonivini.it\/cs\/news\/\"><img loading=\"lazy\" decoding=\"async\" class=\"aligncenter wp-image-334 size-bigger_panoramic\" src=\"\/wp-content\/uploads\/2014\/10\/Cantina-Pisoni-1219-800x400.jpg\" width=\"800\" height=\"400\" \/><\/a><\/h3>\n<h3><a title=\"News\" href=\"https:\/\/www.pisonivini.it\/cs\/news\/\">News<\/a><\/h3>\n<p class=\"p1\">Posledn\u00ed novinky Vina\u0159stv\u00ed Pisoni<\/p>\n<hr \/>\n<h3><a title=\"Eventi\" href=\"https:\/\/www.pisonivini.it\/nl\/novita\/eventi\/\"><img loading=\"lazy\" decoding=\"async\" class=\"aligncenter wp-image-184 size-bigger_panoramic\" src=\"\/wp-content\/uploads\/2014\/10\/eventi1-800x400.jpg\" alt=\"Eventi in cantina\" width=\"800\" height=\"400\" \/><\/a><\/h3>\n<h3><a title=\"\u00dadalosti\" href=\"https:\/\/www.pisonivini.it\/nl\/novita\/eventi\/\">\u00dadalosti ve vina\u0159stv\u00ed<\/a><\/h3>\n<p class=\"p1\">\u00dadalosti ve vina\u0159stv\u00ed, ochutn\u00e1vky, vinobran\u00ed, ve\u010d\u00edrky, kurzy a je\u0161t\u011b mnoho dal\u0161\u00edho<\/p>\n<hr \/>\n","protected":false},"excerpt":{"rendered":"<p>A\u0165 v\u00edte o v\u0161ech novink\u00e1ch a akc\u00edch, kter\u00e9 p\u0159ipravuje vina\u0159stv\u00ed Azienda Agricola e Cantina Pisoni\u00a0v Pergolese. Prozkoumejte v\u0161echny novinky a nejnov\u011bj\u0161\u00ed nab\u00eddky z\u00a0\u00fadol\u00ed Valle dei Laghi! News Posledn\u00ed novinky Vina\u0159stv\u00ed Pisoni \u00dadalosti ve vina\u0159stv\u00ed \u00dadalosti ve vina\u0159stv\u00ed, ochutn\u00e1vky, vinobran\u00ed, ve\u010d\u00edrky, kurzy a je\u0161t\u011b mnoho dal\u0161\u00edho<\/p>\n","protected":false},"author":4,"featured_media":3784,"parent":0,"menu_order":0,"comment_status":"open","ping_status":"open","template":"","meta":{"footnotes":""},"class_list":["post-3783","page","type-page","status-publish","has-post-thumbnail","hentry","odd"],"aioseo_notices":[],"_links":{"self":[{"href":"https:\/\/pisonivini.it\/cs\/wp-json\/wp\/v2\/pages\/3783","targetHints":{"allow":["GET"]}}],"collection":[{"href":"https:\/\/pisonivini.it\/cs\/wp-json\/wp\/v2\/pages"}],"about":[{"href":"https:\/\/pisonivini.it\/cs\/wp-json\/wp\/v2\/types\/page"}],"author":[{"embeddable":true,"href":"https:\/\/pisonivini.it\/cs\/wp-json\/wp\/v2\/users\/4"}],"replies":[{"embeddable":true,"href":"https:\/\/pisonivini.it\/cs\/wp-json\/wp\/v2\/comments?post=3783"}],"version-history":[{"count":2,"href":"https:\/\/pisonivini.it\/cs\/wp-json\/wp\/v2\/pages\/3783\/revisions"}],"predecessor-version":[{"id":4482,"href":"https:\/\/pisonivini.it\/cs\/wp-json\/wp\/v2\/pages\/3783\/revisions\/4482"}],"wp:featuredmedia":[{"embeddable":true,"href":"https:\/\/pisonivini.it\/cs\/wp-json\/wp\/v2\/media\/3784"}],"wp:attachment":[{"href":"https:\/\/pisonivini.it\/cs\/wp-json\/wp\/v2\/media?parent=3783"}],"curies":[{"name":"wp","href":"https:\/\/api.w.org\/{rel}","templated":true}]}}