{"id":3785,"date":"2014-10-27T15:57:13","date_gmt":"2014-10-27T15:57:13","guid":{"rendered":"https:\/\/www.pisonivini.it\/azienda-agricola-pisoni\/"},"modified":"2021-03-03T14:02:36","modified_gmt":"2021-03-03T14:02:36","slug":"azienda-agricola-pisoni","status":"publish","type":"page","link":"https:\/\/pisonivini.it\/cs\/","title":{"rendered":"Azienda Agricola Pisoni"},"content":{"rendered":"<h2>Od roku 1852. P\u0159\u00edb\u011bh z\u00a0Trentina.<\/h2>\n<p>Na\u0161e s\u00eddlo najdete ve vinic\u00edch \u00fadol\u00ed <strong>Valle dei Laghi<\/strong>, mezi horami <strong>Dolomiti di Brenta<\/strong>, sou\u010d\u00e1st\u00ed sv\u011btov\u00e9ho d\u011bdictv\u00ed UNESCO, a severn\u00edm okrajem <strong>jezera Garda<\/strong>. Srdce velk\u00e9 <strong>vina\u0159sk\u00e9<\/strong> rodiny s\u00a0dlouhou tradic\u00ed sed\u00ed pevn\u011b ve sv\u00e9m kraji.<br \/>\nJako jedni z\u00a0m\u00e1la v\u00a0Tridentsku se zab\u00fdv\u00e1me v\u00fdrobou vyhl\u00e1\u0161en\u00e9ho v\u00edna Vino Santo Trentino DOC \u2013 pod z\u00e1\u0161titou Slow Food \u2013 a vyr\u00e1b\u00edme b\u00edl\u00e1 a \u010derven\u00e1 elegantn\u00ed v\u00edna s\u00a0v\u00fdte\u010dnou strukturou, kter\u00e1 vznikaj\u00ed d\u00edky biologick\u00e9mu hospoda\u0159en\u00ed.<\/p>\n","protected":false},"excerpt":{"rendered":"<p>Od roku 1852. P\u0159\u00edb\u011bh z\u00a0Trentina. Na\u0161e s\u00eddlo najdete ve vinic\u00edch \u00fadol\u00ed Valle dei Laghi, mezi horami Dolomiti di Brenta, sou\u010d\u00e1st\u00ed sv\u011btov\u00e9ho d\u011bdictv\u00ed UNESCO, a severn\u00edm okrajem jezera Garda. Srdce velk\u00e9 vina\u0159sk\u00e9 rodiny s\u00a0dlouhou tradic\u00ed sed\u00ed pevn\u011b ve sv\u00e9m kraji. Jako jedni z\u00a0m\u00e1la v\u00a0Tridentsku se zab\u00fdv\u00e1me v\u00fdrobou vyhl\u00e1\u0161en\u00e9ho v\u00edna Vino Santo Trentino DOC \u2013 pod z\u00e1\u0161titou [&hellip;]<\/p>\n","protected":false},"author":4,"featured_media":3787,"parent":0,"menu_order":0,"comment_status":"open","ping_status":"closed","template":"front-page.php","meta":{"footnotes":""},"class_list":["post-3785","page","type-page","status-publish","has-post-thumbnail","hentry","odd"],"aioseo_notices":[],"_links":{"self":[{"href":"https:\/\/pisonivini.it\/cs\/wp-json\/wp\/v2\/pages\/3785","targetHints":{"allow":["GET"]}}],"collection":[{"href":"https:\/\/pisonivini.it\/cs\/wp-json\/wp\/v2\/pages"}],"about":[{"href":"https:\/\/pisonivini.it\/cs\/wp-json\/wp\/v2\/types\/page"}],"author":[{"embeddable":true,"href":"https:\/\/pisonivini.it\/cs\/wp-json\/wp\/v2\/users\/4"}],"replies":[{"embeddable":true,"href":"https:\/\/pisonivini.it\/cs\/wp-json\/wp\/v2\/comments?post=3785"}],"version-history":[{"count":3,"href":"https:\/\/pisonivini.it\/cs\/wp-json\/wp\/v2\/pages\/3785\/revisions"}],"predecessor-version":[{"id":4463,"href":"https:\/\/pisonivini.it\/cs\/wp-json\/wp\/v2\/pages\/3785\/revisions\/4463"}],"wp:featuredmedia":[{"embeddable":true,"href":"https:\/\/pisonivini.it\/cs\/wp-json\/wp\/v2\/media\/3787"}],"wp:attachment":[{"href":"https:\/\/pisonivini.it\/cs\/wp-json\/wp\/v2\/media?parent=3785"}],"curies":[{"name":"wp","href":"https:\/\/api.w.org\/{rel}","templated":true}]}}