{"id":3790,"date":"2014-10-22T21:39:33","date_gmt":"2014-10-22T21:39:33","guid":{"rendered":"https:\/\/www.pisonivini.it\/credits\/"},"modified":"2021-02-24T14:21:30","modified_gmt":"2021-02-24T14:21:30","slug":"credits","status":"publish","type":"page","link":"https:\/\/pisonivini.it\/cs\/credits\/","title":{"rendered":"Credits"},"content":{"rendered":"<p>\u00a9 <strong>Web Coordinator &amp; Consultant &#8211; Margherita Pisoni<\/strong><\/p>\n<p>\u00a9 <b>Majitel<br \/>\n<\/b>Azienda Agricola Fratelli Pisoni di Marco e Stefano<br \/>\nVia San Siro, 7\/B &#8211; 38070 Pergolese di Lasino &#8211; Sarche (TN)<br \/>\nP.IVA. 00454380221<br \/>\nC.F. 80011150226<br \/>\n<a href=\"mailto:info@pisonivini.it\">info@pisonivini.it<\/a><br \/>\nTel + 39 0461 563216<br \/>\nFax +39 \u00a00461 563163<\/p>\n<p>\u00a9 <strong>Web Editing &#8211; Margherita Pisoni<br \/>\n<\/strong>Marketing &amp; Consulting<br \/>\nTel. +39 348 53 33 072<br \/>\n<a href=\"https:\/\/www.linkedin.com\/in\/margheritapisoni\/\">https:\/\/www.linkedin.com\/in\/margheritapisoni\/<\/a><\/p>\n<p><strong>\u00a9 Design\u00a0a\u00a0v\u00fdroba webu &#8211; Kioo Studio<\/strong><br \/>\nTel. +39 0465 674540<br \/>\n<a href=\"https:\/\/www.kioostudio.it\" target=\"_blank\" rel=\"noopener noreferrer\">www.kioostudio.it<\/a>\u00a0&#8211; <a href=\"mailto:hello@kioostudio.it\">hello@kioostudio.it<\/a><\/p>\n<p>\u00a9 <b>Fotoarchiv<\/b><\/p>\n<p class=\"p1\">Nicola Buosi Photography<br \/>\n<a href=\"http:\/\/www.nicolabuosi.com\" target=\"_blank\" rel=\"noopener noreferrer\">www.nicolabuosi.com<\/a> &#8211; <a href=\"mailto:info@nicolabuosi.com\" target=\"_blank\" rel=\"noopener noreferrer\">info@nicolabuosi.com<\/a><\/p>\n<p class=\"p1\"><i>Zem\u011bd\u011blsk\u00fd podnik Azienda Agricola Fratelli Pisoni upozor\u0148uje, \u017ee v\u0161echny obr\u00e1zky zde publikovan\u00e9 jsou chr\u00e1n\u011bn\u00e9 zna\u010dkou COPYRIGHT a \u017ee jejich kop\u00edrov\u00e1n\u00ed na jin\u00e9 weby je zak\u00e1z\u00e1no, krom\u011b p\u0159\u00edpad\u016f, kdy majitel pou\u017eit\u00ed odsouhlas\u00ed. D\u00e1le je p\u0159\u00edsn\u011b zak\u00e1z\u00e1na jak\u00e1koli forma jejich \u0161\u00ed\u0159en\u00ed, \u00faprav, tisku a kop\u00edrov\u00e1n\u00ed. <\/i><\/p>\n","protected":false},"excerpt":{"rendered":"<p>\u00a9 Web Coordinator &amp; Consultant &#8211; Margherita Pisoni \u00a9 Majitel Azienda Agricola Fratelli Pisoni di Marco e Stefano Via San Siro, 7\/B &#8211; 38070 Pergolese di Lasino &#8211; Sarche (TN) P.IVA. 00454380221 C.F. 80011150226 info@pisonivini.it Tel + 39 0461 563216 Fax +39 \u00a00461 563163 \u00a9 Web Editing &#8211; Margherita Pisoni Marketing &amp; Consulting Tel. +39 [&hellip;]<\/p>\n","protected":false},"author":4,"featured_media":3791,"parent":0,"menu_order":0,"comment_status":"open","ping_status":"open","template":"","meta":{"footnotes":""},"class_list":["post-3790","page","type-page","status-publish","has-post-thumbnail","hentry","odd"],"aioseo_notices":[],"_links":{"self":[{"href":"https:\/\/pisonivini.it\/cs\/wp-json\/wp\/v2\/pages\/3790","targetHints":{"allow":["GET"]}}],"collection":[{"href":"https:\/\/pisonivini.it\/cs\/wp-json\/wp\/v2\/pages"}],"about":[{"href":"https:\/\/pisonivini.it\/cs\/wp-json\/wp\/v2\/types\/page"}],"author":[{"embeddable":true,"href":"https:\/\/pisonivini.it\/cs\/wp-json\/wp\/v2\/users\/4"}],"replies":[{"embeddable":true,"href":"https:\/\/pisonivini.it\/cs\/wp-json\/wp\/v2\/comments?post=3790"}],"version-history":[{"count":2,"href":"https:\/\/pisonivini.it\/cs\/wp-json\/wp\/v2\/pages\/3790\/revisions"}],"predecessor-version":[{"id":4395,"href":"https:\/\/pisonivini.it\/cs\/wp-json\/wp\/v2\/pages\/3790\/revisions\/4395"}],"wp:featuredmedia":[{"embeddable":true,"href":"https:\/\/pisonivini.it\/cs\/wp-json\/wp\/v2\/media\/3791"}],"wp:attachment":[{"href":"https:\/\/pisonivini.it\/cs\/wp-json\/wp\/v2\/media?parent=3790"}],"curies":[{"name":"wp","href":"https:\/\/api.w.org\/{rel}","templated":true}]}}