{"id":3795,"date":"2014-10-22T21:22:07","date_gmt":"2014-10-22T21:22:07","guid":{"rendered":"https:\/\/www.pisonivini.it\/dove-siamo\/"},"modified":"2021-02-24T13:34:46","modified_gmt":"2021-02-24T13:34:46","slug":"kde-jsme","status":"publish","type":"page","link":"https:\/\/pisonivini.it\/cs\/kde-jsme\/","title":{"rendered":"Kde jsme"},"content":{"rendered":"<p class=\"p1\">Vina\u0159stv\u00ed Pisoni se nach\u00e1z\u00ed v\u00a0ulici Via San Siro, 7 v Pergolese v Lasino (TN), mezi m\u011bsty Trento a Riva del Garda, v\u00a0\u00fa\u017easn\u00e9 krajin\u011b \u00fadol\u00ed Valle dei Laghi v Trentinu.<\/p>\n<p><iframe loading=\"lazy\" style=\"border: 0;\" src=\"https:\/\/www.google.com\/maps\/embed?pb=!1m14!1m8!1m3!1d2770.188468535728!2d10.961035!3d46.027387999999995!3m2!1i1024!2i768!4f13.1!3m3!1m2!1s0x47826d0001cf879b%3A0xa91b00f25c19540d!2sCantina+Pisoni!5e0!3m2!1sit!2s!4v1414758514702\" width=\"100%\" height=\"450\" frameborder=\"0\"><\/iframe><\/p>\n","protected":false},"excerpt":{"rendered":"<p>Vina\u0159stv\u00ed Pisoni se nach\u00e1z\u00ed v\u00a0ulici Via San Siro, 7 v Pergolese v Lasino (TN), mezi m\u011bsty Trento a Riva del Garda, v\u00a0\u00fa\u017easn\u00e9 krajin\u011b \u00fadol\u00ed Valle dei Laghi v Trentinu.<\/p>\n","protected":false},"author":4,"featured_media":3797,"parent":0,"menu_order":0,"comment_status":"open","ping_status":"open","template":"","meta":{"footnotes":""},"class_list":["post-3795","page","type-page","status-publish","has-post-thumbnail","hentry","odd"],"aioseo_notices":[],"_links":{"self":[{"href":"https:\/\/pisonivini.it\/cs\/wp-json\/wp\/v2\/pages\/3795","targetHints":{"allow":["GET"]}}],"collection":[{"href":"https:\/\/pisonivini.it\/cs\/wp-json\/wp\/v2\/pages"}],"about":[{"href":"https:\/\/pisonivini.it\/cs\/wp-json\/wp\/v2\/types\/page"}],"author":[{"embeddable":true,"href":"https:\/\/pisonivini.it\/cs\/wp-json\/wp\/v2\/users\/4"}],"replies":[{"embeddable":true,"href":"https:\/\/pisonivini.it\/cs\/wp-json\/wp\/v2\/comments?post=3795"}],"version-history":[{"count":2,"href":"https:\/\/pisonivini.it\/cs\/wp-json\/wp\/v2\/pages\/3795\/revisions"}],"predecessor-version":[{"id":4372,"href":"https:\/\/pisonivini.it\/cs\/wp-json\/wp\/v2\/pages\/3795\/revisions\/4372"}],"wp:featuredmedia":[{"embeddable":true,"href":"https:\/\/pisonivini.it\/cs\/wp-json\/wp\/v2\/media\/3797"}],"wp:attachment":[{"href":"https:\/\/pisonivini.it\/cs\/wp-json\/wp\/v2\/media?parent=3795"}],"curies":[{"name":"wp","href":"https:\/\/api.w.org\/{rel}","templated":true}]}}