{"id":3798,"date":"2014-10-22T21:19:32","date_gmt":"2014-10-22T21:19:32","guid":{"rendered":"https:\/\/www.pisonivini.it\/newsletter\/"},"modified":"2021-02-24T13:14:30","modified_gmt":"2021-02-24T13:14:30","slug":"newsletter","status":"publish","type":"page","link":"https:\/\/pisonivini.it\/cs\/newsletter\/","title":{"rendered":"Newsletter"},"content":{"rendered":"<p class=\"p1\"><b>Vina\u0159stv\u00ed Cantina Pisoni v oblasti Trentino<\/b>: p\u0159ihlaste se k\u00a0odb\u011bru novinek ohledn\u011b <b>akc\u00ed vina\u0159stv\u00ed<\/b>, jako jsou nap\u0159\u00edklad zahradn\u00ed aperitivy, <b>komentovan\u00e9 prohl\u00eddky s\u00a0degustacemi<\/b> a novinky z\u00a0na\u0161eho <b>wine-shopu<\/b>.<\/p>\n","protected":false},"excerpt":{"rendered":"<p>Vina\u0159stv\u00ed Cantina Pisoni v oblasti Trentino: p\u0159ihlaste se k\u00a0odb\u011bru novinek ohledn\u011b akc\u00ed vina\u0159stv\u00ed, jako jsou nap\u0159\u00edklad zahradn\u00ed aperitivy, komentovan\u00e9 prohl\u00eddky s\u00a0degustacemi a novinky z\u00a0na\u0161eho wine-shopu.<\/p>\n","protected":false},"author":4,"featured_media":3799,"parent":0,"menu_order":0,"comment_status":"open","ping_status":"open","template":"template-newsletter.php","meta":{"footnotes":""},"class_list":["post-3798","page","type-page","status-publish","has-post-thumbnail","hentry","odd"],"aioseo_notices":[],"_links":{"self":[{"href":"https:\/\/pisonivini.it\/cs\/wp-json\/wp\/v2\/pages\/3798","targetHints":{"allow":["GET"]}}],"collection":[{"href":"https:\/\/pisonivini.it\/cs\/wp-json\/wp\/v2\/pages"}],"about":[{"href":"https:\/\/pisonivini.it\/cs\/wp-json\/wp\/v2\/types\/page"}],"author":[{"embeddable":true,"href":"https:\/\/pisonivini.it\/cs\/wp-json\/wp\/v2\/users\/4"}],"replies":[{"embeddable":true,"href":"https:\/\/pisonivini.it\/cs\/wp-json\/wp\/v2\/comments?post=3798"}],"version-history":[{"count":1,"href":"https:\/\/pisonivini.it\/cs\/wp-json\/wp\/v2\/pages\/3798\/revisions"}],"predecessor-version":[{"id":4361,"href":"https:\/\/pisonivini.it\/cs\/wp-json\/wp\/v2\/pages\/3798\/revisions\/4361"}],"wp:featuredmedia":[{"embeddable":true,"href":"https:\/\/pisonivini.it\/cs\/wp-json\/wp\/v2\/media\/3799"}],"wp:attachment":[{"href":"https:\/\/pisonivini.it\/cs\/wp-json\/wp\/v2\/media?parent=3798"}],"curies":[{"name":"wp","href":"https:\/\/api.w.org\/{rel}","templated":true}]}}