{"id":3800,"date":"2014-10-22T21:17:49","date_gmt":"2014-10-22T21:17:49","guid":{"rendered":"https:\/\/www.pisonivini.it\/photogallery\/"},"modified":"2021-02-24T13:32:33","modified_gmt":"2021-02-24T13:32:33","slug":"photogallery","status":"publish","type":"page","link":"https:\/\/pisonivini.it\/cs\/photogallery\/","title":{"rendered":"Photogallery"},"content":{"rendered":"<p class=\"p1\">Nahl\u00e9dn\u011bte do sv\u011bta autentick\u00fdch pocit\u016f, kter\u00e9 za\u017eijete u n\u00e1s ve vina\u0159stv\u00ed\u00a0<b>La Cantina Pisoni v \u00fadol\u00ed Valle dei Laghi<\/b>\u2026<\/p>\n","protected":false},"excerpt":{"rendered":"<p>Nahl\u00e9dn\u011bte do sv\u011bta autentick\u00fdch pocit\u016f, kter\u00e9 za\u017eijete u n\u00e1s ve vina\u0159stv\u00ed\u00a0La Cantina Pisoni v \u00fadol\u00ed Valle dei Laghi\u2026<\/p>\n","protected":false},"author":4,"featured_media":3801,"parent":0,"menu_order":0,"comment_status":"open","ping_status":"open","template":"template-gallery.php","meta":{"footnotes":""},"class_list":["post-3800","page","type-page","status-publish","has-post-thumbnail","hentry","odd"],"aioseo_notices":[],"_links":{"self":[{"href":"https:\/\/pisonivini.it\/cs\/wp-json\/wp\/v2\/pages\/3800","targetHints":{"allow":["GET"]}}],"collection":[{"href":"https:\/\/pisonivini.it\/cs\/wp-json\/wp\/v2\/pages"}],"about":[{"href":"https:\/\/pisonivini.it\/cs\/wp-json\/wp\/v2\/types\/page"}],"author":[{"embeddable":true,"href":"https:\/\/pisonivini.it\/cs\/wp-json\/wp\/v2\/users\/4"}],"replies":[{"embeddable":true,"href":"https:\/\/pisonivini.it\/cs\/wp-json\/wp\/v2\/comments?post=3800"}],"version-history":[{"count":1,"href":"https:\/\/pisonivini.it\/cs\/wp-json\/wp\/v2\/pages\/3800\/revisions"}],"predecessor-version":[{"id":4368,"href":"https:\/\/pisonivini.it\/cs\/wp-json\/wp\/v2\/pages\/3800\/revisions\/4368"}],"wp:featuredmedia":[{"embeddable":true,"href":"https:\/\/pisonivini.it\/cs\/wp-json\/wp\/v2\/media\/3801"}],"wp:attachment":[{"href":"https:\/\/pisonivini.it\/cs\/wp-json\/wp\/v2\/media?parent=3800"}],"curies":[{"name":"wp","href":"https:\/\/api.w.org\/{rel}","templated":true}]}}