{"id":3802,"date":"2014-10-22T21:14:46","date_gmt":"2014-10-22T21:14:46","guid":{"rendered":"https:\/\/www.pisonivini.it\/lago-di-garda\/"},"modified":"2021-01-14T17:04:13","modified_gmt":"2021-01-14T17:04:13","slug":"lago-di-garda","status":"publish","type":"page","link":"https:\/\/pisonivini.it\/cs\/krajina\/lago-di-garda\/","title":{"rendered":"Jezero Lago di Garda"},"content":{"rendered":"<h2>Tridentsko: nejen hory<\/h2>\n<p class=\"p1\"><span class=\"s1\"><b>Dovolen\u00e1 v\u00a0Trentinu<\/b> znamen\u00e1 tak\u00e9 pobyt u jezera. \u00a0Za n\u00e1v\u0161t\u011bvu ur\u010dit\u011b stoj\u00ed severn\u00ed kraj <b>jezera Garda<\/b>, od n\u011bj\u017e je to kousek do <b>vina\u0159stv\u00ed Pisoni<\/b>, a najdete u n\u011bj n\u011bkter\u00e9 perly tridentsk\u00e9ho kraje, nap\u0159\u00edklad m\u011bste\u010dka <b>Riva del Garda, Torbole, Malcesine<\/b> a <b>Limone<\/b>. <\/span><\/p>\n<p class=\"p1\"><span class=\"s1\">Jezero Garda je ide\u00e1ln\u00edm m\u00edstem pro milovn\u00edky <b>aktivn\u00edho odpo\u010dinku<\/b>. Daj\u00ed se tu provozovat r\u016fzn\u00e9 venkovn\u00ed sporty, jako <b>ch\u016fze po hor\u00e1ch, horsk\u00e9 kolo, trekking, windsurf, jachting <\/b>a<b> lezen\u00ed<\/b> a za\u017e\u00edt p\u0159itom nev\u00eddan\u00e9 v\u011bci, jako nap\u0159\u00edklad pohled na panorama z\u00a0<b>lanovky na Monte Baldo<\/b>.<\/span><\/p>\n<p><img loading=\"lazy\" decoding=\"async\" class=\"alignnone size-bigger_panoramic wp-image-359\" src=\"\/wp-content\/uploads\/2014\/10\/P1010769-800x400.jpg\" alt=\"Lago di Garda\" width=\"800\" height=\"400\" \/><\/p>\n","protected":false},"excerpt":{"rendered":"<p>Tridentsko: nejen hory Dovolen\u00e1 v\u00a0Trentinu znamen\u00e1 tak\u00e9 pobyt u jezera. \u00a0Za n\u00e1v\u0161t\u011bvu ur\u010dit\u011b stoj\u00ed severn\u00ed kraj jezera Garda, od n\u011bj\u017e je to kousek do vina\u0159stv\u00ed Pisoni, a najdete u n\u011bj n\u011bkter\u00e9 perly tridentsk\u00e9ho kraje, nap\u0159\u00edklad m\u011bste\u010dka Riva del Garda, Torbole, Malcesine a Limone. Jezero Garda je ide\u00e1ln\u00edm m\u00edstem pro milovn\u00edky aktivn\u00edho odpo\u010dinku. Daj\u00ed se tu [&hellip;]<\/p>\n","protected":false},"author":4,"featured_media":3803,"parent":3811,"menu_order":40,"comment_status":"open","ping_status":"closed","template":"","meta":{"footnotes":""},"class_list":["post-3802","page","type-page","status-publish","has-post-thumbnail","hentry","odd"],"aioseo_notices":[],"_links":{"self":[{"href":"https:\/\/pisonivini.it\/cs\/wp-json\/wp\/v2\/pages\/3802","targetHints":{"allow":["GET"]}}],"collection":[{"href":"https:\/\/pisonivini.it\/cs\/wp-json\/wp\/v2\/pages"}],"about":[{"href":"https:\/\/pisonivini.it\/cs\/wp-json\/wp\/v2\/types\/page"}],"author":[{"embeddable":true,"href":"https:\/\/pisonivini.it\/cs\/wp-json\/wp\/v2\/users\/4"}],"replies":[{"embeddable":true,"href":"https:\/\/pisonivini.it\/cs\/wp-json\/wp\/v2\/comments?post=3802"}],"version-history":[{"count":0,"href":"https:\/\/pisonivini.it\/cs\/wp-json\/wp\/v2\/pages\/3802\/revisions"}],"up":[{"embeddable":true,"href":"https:\/\/pisonivini.it\/cs\/wp-json\/wp\/v2\/pages\/3811"}],"wp:featuredmedia":[{"embeddable":true,"href":"https:\/\/pisonivini.it\/cs\/wp-json\/wp\/v2\/media\/3803"}],"wp:attachment":[{"href":"https:\/\/pisonivini.it\/cs\/wp-json\/wp\/v2\/media?parent=3802"}],"curies":[{"name":"wp","href":"https:\/\/api.w.org\/{rel}","templated":true}]}}