{"id":3804,"date":"2014-10-22T21:12:45","date_gmt":"2014-10-22T21:12:45","guid":{"rendered":"https:\/\/www.pisonivini.it\/trentino\/"},"modified":"2021-01-14T16:59:53","modified_gmt":"2021-01-14T16:59:53","slug":"trentino","status":"publish","type":"page","link":"https:\/\/pisonivini.it\/cs\/krajina\/trentino\/","title":{"rendered":"Trentino"},"content":{"rendered":"<h2>Tridentsko: zem\u011b vinic, v\u00edna a skl\u00edpk\u016f<\/h2>\n<p class=\"p1\"><span class=\"s1\"><b>Tridentsko<\/b> <b>(Trentino)<\/b>, je krajina velk\u00fdch p\u0159\u00edrodn\u00edch kr\u00e1s: od <b>Dolomit<\/b> po \u00fachvatn\u00e1 jezera jak\u00fdm je <b>Lago di Garda<\/b>, ide\u00e1ln\u00ed m\u00edsto na dovolenou v\u00a0hor\u00e1ch. <b>Jet na<\/b> <b>dovolenou<\/b> do <b>Trentina<\/b> znamen\u00e1 tak\u00e9 setkat se s\u00a0tamn\u00ed histori\u00ed, kulturou, nap\u0159\u00edklad v\u00a0muze\u00edch <b>MUSE<\/b> ve m\u011bst\u011b <b>Trento<\/b> a <b>MART<\/b> v\u00a0sousedn\u00edm m\u011bst\u011b <b>Rovereto<\/b>. <\/span><\/p>\n<p class=\"p1\"><span class=\"s1\">Ale p\u0159edev\u0161\u00edm ochutnat <b>m\u00edstn\u00ed produkty<\/b> a <b>zn\u00e1m\u00e1 m\u00edstn\u00ed v\u00edna<\/b>, od <b>Teroldega<\/b>\u00a0po\u00a0<b>Marzemino<\/b>, od\u00a0<b>TRENTO DOC<\/b>\u00a0po odr\u016fdu\u00a0<b>Nosiola<\/b>. Tridentsko je poset\u00e9 <b>vinicemi<\/b> a <b>sady<\/b>, kamenn\u00fdmi z\u00eddkami, <b>vinn\u00fdmi sklepy<\/b>, <b>vinicemi<\/b>, na nich\u017e se rod\u00ed v\u00edna s\u00a0vynikaj\u00edc\u00ed strukturou.<\/span><\/p>\n<p><img loading=\"lazy\" decoding=\"async\" class=\"alignnone size-bigger_panoramic wp-image-360\" src=\"\/wp-content\/uploads\/2014\/10\/15058233881_4ed59d69db_k-800x400.jpg\" alt=\"Muse\" width=\"800\" height=\"400\" \/><\/p>\n","protected":false},"excerpt":{"rendered":"<p>Tridentsko: zem\u011b vinic, v\u00edna a skl\u00edpk\u016f Tridentsko (Trentino), je krajina velk\u00fdch p\u0159\u00edrodn\u00edch kr\u00e1s: od Dolomit po \u00fachvatn\u00e1 jezera jak\u00fdm je Lago di Garda, ide\u00e1ln\u00ed m\u00edsto na dovolenou v\u00a0hor\u00e1ch. Jet na dovolenou do Trentina znamen\u00e1 tak\u00e9 setkat se s\u00a0tamn\u00ed histori\u00ed, kulturou, nap\u0159\u00edklad v\u00a0muze\u00edch MUSE ve m\u011bst\u011b Trento a MART v\u00a0sousedn\u00edm m\u011bst\u011b Rovereto. Ale p\u0159edev\u0161\u00edm ochutnat m\u00edstn\u00ed [&hellip;]<\/p>\n","protected":false},"author":4,"featured_media":3805,"parent":3811,"menu_order":30,"comment_status":"open","ping_status":"closed","template":"","meta":{"footnotes":""},"class_list":["post-3804","page","type-page","status-publish","has-post-thumbnail","hentry","odd"],"aioseo_notices":[],"_links":{"self":[{"href":"https:\/\/pisonivini.it\/cs\/wp-json\/wp\/v2\/pages\/3804","targetHints":{"allow":["GET"]}}],"collection":[{"href":"https:\/\/pisonivini.it\/cs\/wp-json\/wp\/v2\/pages"}],"about":[{"href":"https:\/\/pisonivini.it\/cs\/wp-json\/wp\/v2\/types\/page"}],"author":[{"embeddable":true,"href":"https:\/\/pisonivini.it\/cs\/wp-json\/wp\/v2\/users\/4"}],"replies":[{"embeddable":true,"href":"https:\/\/pisonivini.it\/cs\/wp-json\/wp\/v2\/comments?post=3804"}],"version-history":[{"count":0,"href":"https:\/\/pisonivini.it\/cs\/wp-json\/wp\/v2\/pages\/3804\/revisions"}],"up":[{"embeddable":true,"href":"https:\/\/pisonivini.it\/cs\/wp-json\/wp\/v2\/pages\/3811"}],"wp:featuredmedia":[{"embeddable":true,"href":"https:\/\/pisonivini.it\/cs\/wp-json\/wp\/v2\/media\/3805"}],"wp:attachment":[{"href":"https:\/\/pisonivini.it\/cs\/wp-json\/wp\/v2\/media?parent=3804"}],"curies":[{"name":"wp","href":"https:\/\/api.w.org\/{rel}","templated":true}]}}