{"id":3806,"date":"2014-10-22T21:10:30","date_gmt":"2014-10-22T21:10:30","guid":{"rendered":"https:\/\/www.pisonivini.it\/valle-dei-laghi\/"},"modified":"2021-01-14T16:59:19","modified_gmt":"2021-01-14T16:59:19","slug":"udoli-valle-dei-laghi","status":"publish","type":"page","link":"https:\/\/pisonivini.it\/cs\/krajina\/udoli-valle-dei-laghi\/","title":{"rendered":"\u00dadol\u00ed Valle dei Laghi"},"content":{"rendered":"<h2>Valle dei Laghi \u2013 Trentino: kde rostou vinice<\/h2>\n<p class=\"p1\"><span class=\"s1\">Nedaleko od m\u011bsta Trento, na severn\u00edm okraji <b>jezera<\/b> <b>Garda<\/b>, se nach\u00e1z\u00ed \u00fadol\u00ed <b>Valle dei Laghi<\/b>, chr\u00e1n\u011bn\u00e9 horami <b>Dolomiti<\/b> a poset\u00e9 mnoha <b>vodn\u00edmi plochami<\/b>. Voda v\u00a0krajin\u011b spolu se st\u0159edozemn\u00ed a horskou vegetac\u00ed vytv\u00e1\u0159ej\u00ed skute\u010dn\u00fd triumf barev.<\/span><\/p>\n<p class=\"p1\"><span class=\"s1\">Proto\u017ee tu panuje zvl\u00e1\u0161tn\u00ed \u201est\u0159edozemn\u00ed\u201c klima, je na\u0161e oblast ide\u00e1ln\u00edm m\u00edstem pro <b>p\u011bstov\u00e1n\u00ed vinn\u00e9 r\u00e9vy, olivovn\u00edku<\/b> a <b>ovocn\u00fdch strom\u016f<\/b>, jako \u0161vestek, slivon\u00ed, kiwi, jablon\u00ed a botanick\u00fdch druh\u016f v\u00a0horsk\u00e9 krajin\u011b velmi vz\u00e1cn\u00fdch, jako je nap\u0159\u00edklad <b>dub cesm\u00ednov\u00fd<\/b>. V\u00a0okol\u00ed se nach\u00e1z\u00ed mnoho jezer, nap\u0159\u00edklad <b>Lago di Cavedine<\/b>, r\u00e1j pro windsurfing, jezero <b>Lago di Toblino<\/b> s\u00a0hradem, jezero <b>Lago di Terlago<\/b> a mnoho dal\u0161\u00edch. <\/span><\/p>\n<p><img loading=\"lazy\" decoding=\"async\" class=\"alignnone size-bigger_panoramic wp-image-238\" src=\"\/wp-content\/uploads\/2014\/10\/Cantina-Pisoni-1059-800x400.jpg\" alt=\"Valle dei Laghi\" width=\"800\" height=\"400\" \/><\/p>\n<p align=\"JUSTIFY\">\n","protected":false},"excerpt":{"rendered":"<p>Valle dei Laghi \u2013 Trentino: kde rostou vinice Nedaleko od m\u011bsta Trento, na severn\u00edm okraji jezera Garda, se nach\u00e1z\u00ed \u00fadol\u00ed Valle dei Laghi, chr\u00e1n\u011bn\u00e9 horami Dolomiti a poset\u00e9 mnoha vodn\u00edmi plochami. Voda v\u00a0krajin\u011b spolu se st\u0159edozemn\u00ed a horskou vegetac\u00ed vytv\u00e1\u0159ej\u00ed skute\u010dn\u00fd triumf barev. Proto\u017ee tu panuje zvl\u00e1\u0161tn\u00ed \u201est\u0159edozemn\u00ed\u201c klima, je na\u0161e oblast ide\u00e1ln\u00edm m\u00edstem pro [&hellip;]<\/p>\n","protected":false},"author":4,"featured_media":3808,"parent":3811,"menu_order":20,"comment_status":"open","ping_status":"closed","template":"","meta":{"footnotes":""},"class_list":["post-3806","page","type-page","status-publish","has-post-thumbnail","hentry","odd"],"aioseo_notices":[],"_links":{"self":[{"href":"https:\/\/pisonivini.it\/cs\/wp-json\/wp\/v2\/pages\/3806","targetHints":{"allow":["GET"]}}],"collection":[{"href":"https:\/\/pisonivini.it\/cs\/wp-json\/wp\/v2\/pages"}],"about":[{"href":"https:\/\/pisonivini.it\/cs\/wp-json\/wp\/v2\/types\/page"}],"author":[{"embeddable":true,"href":"https:\/\/pisonivini.it\/cs\/wp-json\/wp\/v2\/users\/4"}],"replies":[{"embeddable":true,"href":"https:\/\/pisonivini.it\/cs\/wp-json\/wp\/v2\/comments?post=3806"}],"version-history":[{"count":0,"href":"https:\/\/pisonivini.it\/cs\/wp-json\/wp\/v2\/pages\/3806\/revisions"}],"up":[{"embeddable":true,"href":"https:\/\/pisonivini.it\/cs\/wp-json\/wp\/v2\/pages\/3811"}],"wp:featuredmedia":[{"embeddable":true,"href":"https:\/\/pisonivini.it\/cs\/wp-json\/wp\/v2\/media\/3808"}],"wp:attachment":[{"href":"https:\/\/pisonivini.it\/cs\/wp-json\/wp\/v2\/media?parent=3806"}],"curies":[{"name":"wp","href":"https:\/\/api.w.org\/{rel}","templated":true}]}}