{"id":3809,"date":"2014-10-22T21:05:10","date_gmt":"2014-10-22T21:05:10","guid":{"rendered":"https:\/\/www.pisonivini.it\/geologia\/"},"modified":"2021-01-14T17:04:25","modified_gmt":"2021-01-14T17:04:25","slug":"geologia-geologie","status":"publish","type":"page","link":"https:\/\/pisonivini.it\/cs\/krajina\/geologia-geologie\/","title":{"rendered":"Geologie"},"content":{"rendered":"<h2>Geologie a slo\u017een\u00ed p\u016fdy v\u00a0\u00fadol\u00ed Valle dei Laghi<\/h2>\n<p class=\"p1\"><span class=\"s1\">\u00dadol\u00ed <b>Valle dei Laghi<\/b> mezi horami\u00a0<b>Paganella<\/b> a\u00a0<b>Monte Bondone<\/b> je chr\u00e1n\u011bn\u00e9 <b>impozantn\u00edmi sv\u011btl\u00fdmi skaln\u00edmi st\u011bnami<\/b>, kter\u00e9 po cel\u00fd den odr\u00e1\u017eej\u00ed slune\u010dn\u00ed paprsky. Tento fenom\u00e9n zaji\u0161\u0165uje <b>teplo a sv\u011btlo cel\u00e9mu \u00fadol\u00ed<\/b> a prosp\u00edv\u00e1 tak zem\u011bd\u011blstv\u00ed, kter\u00e9 tu nach\u00e1z\u00ed ide\u00e1ln\u00ed klima.<\/span><\/p>\n<p class=\"p1\"><span class=\"s1\">Krajina <b>\u00fadol\u00ed Valle dei Laghi<\/b>\u00a0je vhodn\u00e1 i pro p\u011bstov\u00e1n\u00ed <b>vinn\u00e9 r\u00e9vy<\/b>. D\u00edky geologick\u00e9mu <b>slo\u017een\u00ed<\/b> a <b>uspo\u0159\u00e1d\u00e1n\u00ed<\/b> (p\u0159edev\u0161\u00edm\u00a0<i>Dolomia<\/i>,\u00a0<i>v\u00e1penat\u00e1 opuka<\/i>,\u00a0<i>v\u00e1penec a ho\u0159\u010d\u00edk<\/i>) nach\u00e1zej\u00ed ko\u0159eny v\u00fd\u017eivu, kter\u00e1 ovliv\u0148uje charakter v\u00edna.\u00a0<\/span><\/p>\n<p><img loading=\"lazy\" decoding=\"async\" class=\"alignnone size-bigger_panoramic wp-image-235\" src=\"\/wp-content\/uploads\/2014\/10\/Cantina-Pisoni-1086-800x400.jpg\" alt=\"Cantina Pisoni-1086\" width=\"800\" height=\"400\" \/><\/p>\n","protected":false},"excerpt":{"rendered":"<p>Geologie a slo\u017een\u00ed p\u016fdy v\u00a0\u00fadol\u00ed Valle dei Laghi \u00dadol\u00ed Valle dei Laghi mezi horami\u00a0Paganella a\u00a0Monte Bondone je chr\u00e1n\u011bn\u00e9 impozantn\u00edmi sv\u011btl\u00fdmi skaln\u00edmi st\u011bnami, kter\u00e9 po cel\u00fd den odr\u00e1\u017eej\u00ed slune\u010dn\u00ed paprsky. Tento fenom\u00e9n zaji\u0161\u0165uje teplo a sv\u011btlo cel\u00e9mu \u00fadol\u00ed a prosp\u00edv\u00e1 tak zem\u011bd\u011blstv\u00ed, kter\u00e9 tu nach\u00e1z\u00ed ide\u00e1ln\u00ed klima. Krajina \u00fadol\u00ed Valle dei Laghi\u00a0je vhodn\u00e1 i pro p\u011bstov\u00e1n\u00ed [&hellip;]<\/p>\n","protected":false},"author":4,"featured_media":3810,"parent":3811,"menu_order":10,"comment_status":"open","ping_status":"open","template":"","meta":{"footnotes":""},"class_list":["post-3809","page","type-page","status-publish","has-post-thumbnail","hentry","odd"],"aioseo_notices":[],"_links":{"self":[{"href":"https:\/\/pisonivini.it\/cs\/wp-json\/wp\/v2\/pages\/3809","targetHints":{"allow":["GET"]}}],"collection":[{"href":"https:\/\/pisonivini.it\/cs\/wp-json\/wp\/v2\/pages"}],"about":[{"href":"https:\/\/pisonivini.it\/cs\/wp-json\/wp\/v2\/types\/page"}],"author":[{"embeddable":true,"href":"https:\/\/pisonivini.it\/cs\/wp-json\/wp\/v2\/users\/4"}],"replies":[{"embeddable":true,"href":"https:\/\/pisonivini.it\/cs\/wp-json\/wp\/v2\/comments?post=3809"}],"version-history":[{"count":0,"href":"https:\/\/pisonivini.it\/cs\/wp-json\/wp\/v2\/pages\/3809\/revisions"}],"up":[{"embeddable":true,"href":"https:\/\/pisonivini.it\/cs\/wp-json\/wp\/v2\/pages\/3811"}],"wp:featuredmedia":[{"embeddable":true,"href":"https:\/\/pisonivini.it\/cs\/wp-json\/wp\/v2\/media\/3810"}],"wp:attachment":[{"href":"https:\/\/pisonivini.it\/cs\/wp-json\/wp\/v2\/media?parent=3809"}],"curies":[{"name":"wp","href":"https:\/\/api.w.org\/{rel}","templated":true}]}}