{"id":3811,"date":"2014-10-22T21:02:12","date_gmt":"2014-10-22T21:02:12","guid":{"rendered":"https:\/\/www.pisonivini.it\/territorio\/"},"modified":"2021-02-24T13:29:48","modified_gmt":"2021-02-24T13:29:48","slug":"krajina","status":"publish","type":"page","link":"https:\/\/pisonivini.it\/cs\/krajina\/","title":{"rendered":"Krajina"},"content":{"rendered":"<h2>Valle dei Laghi: kopce na v\u00fdslun\u00ed mezi tridentsk\u00fdmi jezery<\/h2>\n<p class=\"p1\">Vina\u0159stv\u00ed\u00a0<b>Cantina Pisoni di Pergolese, anima rurale<\/b>, je prakticky tot\u00e9\u017e co krajina \u00fadol\u00ed\u00a0<b>Valle dei Laghi<\/b>, bludi\u0161t\u011b <b>\u0159\u00e1dk\u016f vinic<\/b>, kter\u00e9 lemuj\u00ed b\u0159ehy jezer, kamenn\u00e9 z\u00eddky, kter\u00e9 ozna\u010duj\u00ed hranice a jsou sv\u011bdky rodinn\u00e9 historie <b>tridentsk\u00fdch vina\u0159\u016f<\/b>.<\/p>\n<p class=\"p1\">V\u00a0t\u00e9to \u010d\u00e1sti Tridentska, na <b>kopc\u00edch oz\u00e1\u0159en\u00fdch sluncem a ov\u00edvan\u00fdch v\u00e1nkem<\/b>, na\u0161la sv\u00e9 ide\u00e1ln\u00ed prost\u0159ed\u00ed odr\u016fda <b>Nosiola, autoktonn\u00ed odr\u016fda<\/b>, z\u00a0n\u00ed\u017e se vyr\u00e1b\u00ed zn\u00e1m\u00e9 <b>Vino Santo del Trentino<\/b>,\u00a0<b>presidio Slow Food<\/b>.<\/p>\n<p><img loading=\"lazy\" decoding=\"async\" class=\"alignnone size-bigger_panoramic wp-image-143\" src=\"\/wp-content\/uploads\/2014\/10\/valle-dei-laghi-800x400.jpg\" alt=\"Valle dei laghi\" width=\"800\" height=\"400\" \/><\/p>\n","protected":false},"excerpt":{"rendered":"<p>Valle dei Laghi: kopce na v\u00fdslun\u00ed mezi tridentsk\u00fdmi jezery Vina\u0159stv\u00ed\u00a0Cantina Pisoni di Pergolese, anima rurale, je prakticky tot\u00e9\u017e co krajina \u00fadol\u00ed\u00a0Valle dei Laghi, bludi\u0161t\u011b \u0159\u00e1dk\u016f vinic, kter\u00e9 lemuj\u00ed b\u0159ehy jezer, kamenn\u00e9 z\u00eddky, kter\u00e9 ozna\u010duj\u00ed hranice a jsou sv\u011bdky rodinn\u00e9 historie tridentsk\u00fdch vina\u0159\u016f. V\u00a0t\u00e9to \u010d\u00e1sti Tridentska, na kopc\u00edch oz\u00e1\u0159en\u00fdch sluncem a ov\u00edvan\u00fdch v\u00e1nkem, na\u0161la sv\u00e9 ide\u00e1ln\u00ed [&hellip;]<\/p>\n","protected":false},"author":4,"featured_media":3812,"parent":0,"menu_order":0,"comment_status":"open","ping_status":"open","template":"","meta":{"footnotes":""},"class_list":["post-3811","page","type-page","status-publish","has-post-thumbnail","hentry","odd"],"aioseo_notices":[],"_links":{"self":[{"href":"https:\/\/pisonivini.it\/cs\/wp-json\/wp\/v2\/pages\/3811","targetHints":{"allow":["GET"]}}],"collection":[{"href":"https:\/\/pisonivini.it\/cs\/wp-json\/wp\/v2\/pages"}],"about":[{"href":"https:\/\/pisonivini.it\/cs\/wp-json\/wp\/v2\/types\/page"}],"author":[{"embeddable":true,"href":"https:\/\/pisonivini.it\/cs\/wp-json\/wp\/v2\/users\/4"}],"replies":[{"embeddable":true,"href":"https:\/\/pisonivini.it\/cs\/wp-json\/wp\/v2\/comments?post=3811"}],"version-history":[{"count":1,"href":"https:\/\/pisonivini.it\/cs\/wp-json\/wp\/v2\/pages\/3811\/revisions"}],"predecessor-version":[{"id":4366,"href":"https:\/\/pisonivini.it\/cs\/wp-json\/wp\/v2\/pages\/3811\/revisions\/4366"}],"wp:featuredmedia":[{"embeddable":true,"href":"https:\/\/pisonivini.it\/cs\/wp-json\/wp\/v2\/media\/3812"}],"wp:attachment":[{"href":"https:\/\/pisonivini.it\/cs\/wp-json\/wp\/v2\/media?parent=3811"}],"curies":[{"name":"wp","href":"https:\/\/api.w.org\/{rel}","templated":true}]}}