{"id":3824,"date":"2014-10-22T20:33:21","date_gmt":"2014-10-22T20:33:21","guid":{"rendered":"https:\/\/www.pisonivini.it\/novita\/eventi\/"},"modified":"2021-03-15T08:34:43","modified_gmt":"2021-03-15T08:34:43","slug":"udalosti","status":"publish","type":"page","link":"https:\/\/pisonivini.it\/cs\/novinky\/udalosti\/","title":{"rendered":"Ud\u00e1losti"},"content":{"rendered":"<h2>\u00dadalosti ve vina\u0159stv\u00ed, ochutn\u00e1vky, vinobran\u00ed, ve\u010d\u00edrky, kurzy a je\u0161t\u011b mnoho dal\u0161\u00edho<\/h2>\n<p>Nev\u00edte kam vyrazit o v\u00edkendu nebo hled\u00e1te zaj\u00edmav\u00e9 <strong>ud\u00e1losti v\u00a0oblasti Trentino<\/strong>? Ve <strong>vina\u0159stv\u00ed Pisoni, anima rurale di Pergolese<\/strong> se kolem v\u00edna n\u011bco d\u011bje ve v\u0161ech ro\u010dn\u00edch obdob\u00edch.<\/p>\n<p>Na podzim si nenechte uj\u00edt vinobran\u00ed, ritu\u00e1l, kter\u00fd z\u016fst\u00e1v\u00e1 stejn\u00fd i v prom\u011bn\u00e1ch \u010dasu, d\u00e1le podzimn\u00ed slavnost ka\u0161tan\u016f a mlad\u00e9ho v\u00edna il <strong>Torgellen<\/strong>; v zim\u011b kurzy pozn\u00e1v\u00e1n\u00ed v\u00edna na v\u0161ech \u00farovn\u00edch; na ja\u0159e a v l\u00e9t\u011b <strong>wine tour po vinic\u00edch v \u00fadol\u00ed Valle dei Laghi<\/strong>.<\/p>\n<p>Chete darovat neobvykl\u00fd z\u00e1\u017eitek, <strong>vinobran\u00ed<\/strong>, <strong>voucher na degustaci<\/strong> nebo <strong>kurz pozn\u00e1v\u00e1n\u00ed v\u00edna<\/strong>? <a title=\"Kontaktujte n\u00e1s!\" href=\"https:\/\/www.pisonivini.it\/cs\/kontakty\/\">Kontaktujte n\u00e1s!<\/a><\/p>\n","protected":false},"excerpt":{"rendered":"<p>\u00dadalosti ve vina\u0159stv\u00ed, ochutn\u00e1vky, vinobran\u00ed, ve\u010d\u00edrky, kurzy a je\u0161t\u011b mnoho dal\u0161\u00edho Nev\u00edte kam vyrazit o v\u00edkendu nebo hled\u00e1te zaj\u00edmav\u00e9 ud\u00e1losti v\u00a0oblasti Trentino? Ve vina\u0159stv\u00ed Pisoni, anima rurale di Pergolese se kolem v\u00edna n\u011bco d\u011bje ve v\u0161ech ro\u010dn\u00edch obdob\u00edch. Na podzim si nenechte uj\u00edt vinobran\u00ed, ritu\u00e1l, kter\u00fd z\u016fst\u00e1v\u00e1 stejn\u00fd i v prom\u011bn\u00e1ch \u010dasu, d\u00e1le podzimn\u00ed slavnost [&hellip;]<\/p>\n","protected":false},"author":4,"featured_media":3826,"parent":3783,"menu_order":40,"comment_status":"open","ping_status":"closed","template":"template-events.php","meta":{"footnotes":""},"class_list":["post-3824","page","type-page","status-publish","has-post-thumbnail","hentry","odd"],"aioseo_notices":[],"_links":{"self":[{"href":"https:\/\/pisonivini.it\/cs\/wp-json\/wp\/v2\/pages\/3824","targetHints":{"allow":["GET"]}}],"collection":[{"href":"https:\/\/pisonivini.it\/cs\/wp-json\/wp\/v2\/pages"}],"about":[{"href":"https:\/\/pisonivini.it\/cs\/wp-json\/wp\/v2\/types\/page"}],"author":[{"embeddable":true,"href":"https:\/\/pisonivini.it\/cs\/wp-json\/wp\/v2\/users\/4"}],"replies":[{"embeddable":true,"href":"https:\/\/pisonivini.it\/cs\/wp-json\/wp\/v2\/comments?post=3824"}],"version-history":[{"count":2,"href":"https:\/\/pisonivini.it\/cs\/wp-json\/wp\/v2\/pages\/3824\/revisions"}],"predecessor-version":[{"id":4887,"href":"https:\/\/pisonivini.it\/cs\/wp-json\/wp\/v2\/pages\/3824\/revisions\/4887"}],"up":[{"embeddable":true,"href":"https:\/\/pisonivini.it\/cs\/wp-json\/wp\/v2\/pages\/3783"}],"wp:featuredmedia":[{"embeddable":true,"href":"https:\/\/pisonivini.it\/cs\/wp-json\/wp\/v2\/media\/3826"}],"wp:attachment":[{"href":"https:\/\/pisonivini.it\/cs\/wp-json\/wp\/v2\/media?parent=3824"}],"curies":[{"name":"wp","href":"https:\/\/api.w.org\/{rel}","templated":true}]}}