{"id":3827,"date":"2014-10-22T20:29:21","date_gmt":"2014-10-22T20:29:21","guid":{"rendered":"https:\/\/www.pisonivini.it\/vini-biologici\/"},"modified":"2021-01-14T16:48:15","modified_gmt":"2021-01-14T16:48:15","slug":"vyhody-biologickeho-pestovani","status":"publish","type":"page","link":"https:\/\/pisonivini.it\/cs\/bio-sklep\/vyhody-biologickeho-pestovani\/","title":{"rendered":"V\u00fdhody biologick\u00e9ho p\u011bstov\u00e1n\u00ed"},"content":{"rendered":"<h2>Bio v\u00edna z\u00a0oblasti Tridentska\u2026 vyroben\u00e1 podle receptu matky Zem\u011b<\/h2>\n<p class=\"p1\"><span class=\"s1\">Na\u0161\u00edm p\u0159esv\u011bd\u010den\u00edm je ned\u011blat nic n\u00e1siln\u00e9ho, co je proti <\/span><span class=\"s2\"><b>p\u0159irozen\u00e9 s\u00edle Zem\u011b<\/b><\/span><span class=\"s1\">. Proto na na\u0161ich pozemc\u00edch v\u00a0\u00fadol\u00ed <\/span><span class=\"s2\"><b>Valle dei Laghi<\/b><\/span><span class=\"s1\"> odjak\u017eiva uplat\u0148ujeme principy, kter\u00e9 se \u0159\u00edd\u00ed lun\u00e1rn\u00edm kalend\u00e1\u0159em a u\u017e\u00edv\u00e1me organick\u00e9 metody jako je kompostov\u00e1n\u00ed.<\/span><\/p>\n<p class=\"p1\"><span class=\"s1\">Jsme jedni z\u00a0prvn\u00edch, kdo zavedl na <\/span><span class=\"s2\"><b>tridentsk\u00fdch vinic\u00edch<\/b><\/span> <span class=\"s2\"><b>techniku bio-integrovan\u00e9 produkce<\/b><\/span><span class=\"s1\">, na\u0161\u00edm c\u00edlem je chr\u00e1nit p\u0159\u00edrodu pomoc\u00ed metod, kter\u00e9 p\u0159edpokl\u00e1daj\u00ed nepou\u017e\u00edv\u00e1n\u00ed chemick\u00fdch p\u0159\u00edpravk\u016f a zapojen\u00ed p\u0159irozen\u00fdch technik, jak\u00fdmi jsou nap\u0159\u00edklad ko\u0148sk\u00fd potah p\u0159i orb\u011b.<\/span><\/p>\n<p><img loading=\"lazy\" decoding=\"async\" class=\"alignnone size-bigger_panoramic wp-image-352\" src=\"\/wp-content\/uploads\/2014\/10\/vigna-800x400.jpg\" alt=\"vigna\" width=\"800\" height=\"400\" \/><\/p>\n","protected":false},"excerpt":{"rendered":"<p>Bio v\u00edna z\u00a0oblasti Tridentska\u2026 vyroben\u00e1 podle receptu matky Zem\u011b Na\u0161\u00edm p\u0159esv\u011bd\u010den\u00edm je ned\u011blat nic n\u00e1siln\u00e9ho, co je proti p\u0159irozen\u00e9 s\u00edle Zem\u011b. Proto na na\u0161ich pozemc\u00edch v\u00a0\u00fadol\u00ed Valle dei Laghi odjak\u017eiva uplat\u0148ujeme principy, kter\u00e9 se \u0159\u00edd\u00ed lun\u00e1rn\u00edm kalend\u00e1\u0159em a u\u017e\u00edv\u00e1me organick\u00e9 metody jako je kompostov\u00e1n\u00ed. Jsme jedni z\u00a0prvn\u00edch, kdo zavedl na tridentsk\u00fdch vinic\u00edch techniku bio-integrovan\u00e9 produkce, [&hellip;]<\/p>\n","protected":false},"author":4,"featured_media":3828,"parent":3834,"menu_order":30,"comment_status":"open","ping_status":"closed","template":"","meta":{"footnotes":""},"class_list":["post-3827","page","type-page","status-publish","has-post-thumbnail","hentry","odd"],"aioseo_notices":[],"_links":{"self":[{"href":"https:\/\/pisonivini.it\/cs\/wp-json\/wp\/v2\/pages\/3827","targetHints":{"allow":["GET"]}}],"collection":[{"href":"https:\/\/pisonivini.it\/cs\/wp-json\/wp\/v2\/pages"}],"about":[{"href":"https:\/\/pisonivini.it\/cs\/wp-json\/wp\/v2\/types\/page"}],"author":[{"embeddable":true,"href":"https:\/\/pisonivini.it\/cs\/wp-json\/wp\/v2\/users\/4"}],"replies":[{"embeddable":true,"href":"https:\/\/pisonivini.it\/cs\/wp-json\/wp\/v2\/comments?post=3827"}],"version-history":[{"count":0,"href":"https:\/\/pisonivini.it\/cs\/wp-json\/wp\/v2\/pages\/3827\/revisions"}],"up":[{"embeddable":true,"href":"https:\/\/pisonivini.it\/cs\/wp-json\/wp\/v2\/pages\/3834"}],"wp:featuredmedia":[{"embeddable":true,"href":"https:\/\/pisonivini.it\/cs\/wp-json\/wp\/v2\/media\/3828"}],"wp:attachment":[{"href":"https:\/\/pisonivini.it\/cs\/wp-json\/wp\/v2\/media?parent=3827"}],"curies":[{"name":"wp","href":"https:\/\/api.w.org\/{rel}","templated":true}]}}