{"id":3829,"date":"2014-10-22T20:26:07","date_gmt":"2014-10-22T20:26:07","guid":{"rendered":"https:\/\/www.pisonivini.it\/cantina\/"},"modified":"2021-01-14T16:50:16","modified_gmt":"2021-01-14T16:50:16","slug":"sklepy","status":"publish","type":"page","link":"https:\/\/pisonivini.it\/cs\/bio-sklep\/sklepy\/","title":{"rendered":"Sklepy"},"content":{"rendered":"<h2>Vinn\u00e9 sklepy Pisoni: um\u011bn\u00ed generac\u00ed tridentsk\u00fdch vina\u0159\u016f<\/h2>\n<p class=\"p1\"><span class=\"s1\">Ve <b>sklep\u00edch<\/b> rodiny Pisoni se m\u016f\u017eete nadechnout historick\u00e9 atmosf\u00e9ry ze \u017eivota generac\u00ed vina\u0159\u016f, ale tak\u00e9 okusit n\u011bco z modern\u00edch poznatk\u016f a prost\u0159edk\u016f, kter\u00e9 st\u00e1le v\u00edce napom\u00e1haj\u00ed vzniku <b>kvalitn\u00edch, \u010dist\u00fdch v\u00edn v\u00a0\u00fact\u011b k\u00a0identit\u011b m\u00edstn\u00ed krajiny<\/b>: tradice a inovace se tu setk\u00e1vaj\u00ed mezi star\u00fdmi sudy z\u00a0dob Rakouska \u2013 Uherska a na\u0161\u00edm modern\u00edm sklepem, kde se v\u00edno vyr\u00e1b\u00ed a zraje, kde po l\u00e9ta zraj\u00ed na\u0161e v\u00edna, od sladk\u00e9ho Vino Santo Trentino a\u017e po Reboro. <\/span><\/p>\n<p>&nbsp;<\/p>\n<p><a href=\"\/wp-content\/uploads\/2014\/10\/Cantina-Pisoni-1261.jpg\"><img loading=\"lazy\" decoding=\"async\" class=\"alignnone size-big wp-image-289\" src=\"\/wp-content\/uploads\/2014\/10\/Cantina-Pisoni-1261-900x600.jpg\" alt=\"Cantina Pisoni-1261\" width=\"900\" height=\"600\" \/><\/a><\/p>\n<p>&nbsp;<\/p>\n<p>&nbsp;<\/p>\n<p>&nbsp;<\/p>\n<p>&nbsp;<\/p>\n<p>&nbsp;<\/p>\n<p>&nbsp;<\/p>\n<p>&nbsp;<\/p>\n","protected":false},"excerpt":{"rendered":"<p>Vinn\u00e9 sklepy Pisoni: um\u011bn\u00ed generac\u00ed tridentsk\u00fdch vina\u0159\u016f Ve sklep\u00edch rodiny Pisoni se m\u016f\u017eete nadechnout historick\u00e9 atmosf\u00e9ry ze \u017eivota generac\u00ed vina\u0159\u016f, ale tak\u00e9 okusit n\u011bco z modern\u00edch poznatk\u016f a prost\u0159edk\u016f, kter\u00e9 st\u00e1le v\u00edce napom\u00e1haj\u00ed vzniku kvalitn\u00edch, \u010dist\u00fdch v\u00edn v\u00a0\u00fact\u011b k\u00a0identit\u011b m\u00edstn\u00ed krajiny: tradice a inovace se tu setk\u00e1vaj\u00ed mezi star\u00fdmi sudy z\u00a0dob Rakouska \u2013 Uherska a [&hellip;]<\/p>\n","protected":false},"author":4,"featured_media":3831,"parent":3834,"menu_order":20,"comment_status":"open","ping_status":"closed","template":"","meta":{"footnotes":""},"class_list":["post-3829","page","type-page","status-publish","has-post-thumbnail","hentry","odd"],"aioseo_notices":[],"_links":{"self":[{"href":"https:\/\/pisonivini.it\/cs\/wp-json\/wp\/v2\/pages\/3829","targetHints":{"allow":["GET"]}}],"collection":[{"href":"https:\/\/pisonivini.it\/cs\/wp-json\/wp\/v2\/pages"}],"about":[{"href":"https:\/\/pisonivini.it\/cs\/wp-json\/wp\/v2\/types\/page"}],"author":[{"embeddable":true,"href":"https:\/\/pisonivini.it\/cs\/wp-json\/wp\/v2\/users\/4"}],"replies":[{"embeddable":true,"href":"https:\/\/pisonivini.it\/cs\/wp-json\/wp\/v2\/comments?post=3829"}],"version-history":[{"count":1,"href":"https:\/\/pisonivini.it\/cs\/wp-json\/wp\/v2\/pages\/3829\/revisions"}],"predecessor-version":[{"id":3962,"href":"https:\/\/pisonivini.it\/cs\/wp-json\/wp\/v2\/pages\/3829\/revisions\/3962"}],"up":[{"embeddable":true,"href":"https:\/\/pisonivini.it\/cs\/wp-json\/wp\/v2\/pages\/3834"}],"wp:featuredmedia":[{"embeddable":true,"href":"https:\/\/pisonivini.it\/cs\/wp-json\/wp\/v2\/media\/3831"}],"wp:attachment":[{"href":"https:\/\/pisonivini.it\/cs\/wp-json\/wp\/v2\/media?parent=3829"}],"curies":[{"name":"wp","href":"https:\/\/api.w.org\/{rel}","templated":true}]}}