{"id":3832,"date":"2014-10-22T20:23:01","date_gmt":"2014-10-22T20:23:01","guid":{"rendered":"https:\/\/www.pisonivini.it\/vigneti\/"},"modified":"2021-01-14T16:47:11","modified_gmt":"2021-01-14T16:47:11","slug":"nase-vinice","status":"publish","type":"page","link":"https:\/\/pisonivini.it\/cs\/bio-sklep\/nase-vinice\/","title":{"rendered":"Na\u0161e vinice"},"content":{"rendered":"<h2>Vinice v \u00fadol\u00ed Valle dei Laghi: m\u00edsta kde se sch\u00e1z\u00ed tradice, historie a cit<\/h2>\n<p class=\"p1\"><span class=\"s1\">\u00dadol\u00ed\u00a0<b>Valle dei Laghi<\/b>, nedaleko od m\u011bsta Trento, v\u00e1s ohrom\u00ed svou barevnost\u00ed a sv\u011btlem: <b>vinice<\/b> charakteristick\u00e9 pro oblast <b>Tridentska<\/b>, k\u0159i\u0161\u0165\u00e1lov\u00e1 jez\u00edrka jasn\u011b modr\u00e9 barvy a mor\u00e9nov\u00fd val <b>Marocche di Dro<\/b>, obrovsk\u00e9 balvany, kter\u00e9 kraluj\u00ed \u00fadol\u00ed <b>valle del Sarca<\/b> jako n\u011bjak\u00e9 obelisky. <\/span><\/p>\n<p class=\"p1\"><span class=\"s1\">Na <b>pozemc\u00edch<\/b> vina\u0159stv\u00ed <b>Azienda Agricola Pisoni<\/b>\u00a0(<i>San Siro, Cesura, Mas del Gobo<\/i>\u00a0a<i>\u00a0Le Part<\/i>) jsou <b>rodinn\u00e9 vinice<\/b>, z\u00a0jejich\u017e plod\u016f vznikaj\u00ed v\u00edna bohat\u00fdch v\u016fn\u00ed a chut\u00ed. Nenechte si uj\u00edt <b>wine tour po vinic\u00edch<\/b>, p\u0159i n\u011bm\u017e odhal\u00edte v\u0161echna tajemstv\u00ed <b>vina\u0159\u016f Pisoni<\/b>.\u00a0<\/span><\/p>\n<p><img loading=\"lazy\" decoding=\"async\" class=\"alignnone size-bigger_panoramic wp-image-234\" src=\"\/wp-content\/uploads\/2014\/10\/Cantina-Pisoni-1113-800x400.jpg\" alt=\"WIne tour nel vigneto\" width=\"800\" height=\"400\" \/><\/p>\n","protected":false},"excerpt":{"rendered":"<p>Vinice v \u00fadol\u00ed Valle dei Laghi: m\u00edsta kde se sch\u00e1z\u00ed tradice, historie a cit \u00dadol\u00ed\u00a0Valle dei Laghi, nedaleko od m\u011bsta Trento, v\u00e1s ohrom\u00ed svou barevnost\u00ed a sv\u011btlem: vinice charakteristick\u00e9 pro oblast Tridentska, k\u0159i\u0161\u0165\u00e1lov\u00e1 jez\u00edrka jasn\u011b modr\u00e9 barvy a mor\u00e9nov\u00fd val Marocche di Dro, obrovsk\u00e9 balvany, kter\u00e9 kraluj\u00ed \u00fadol\u00ed valle del Sarca jako n\u011bjak\u00e9 obelisky. Na [&hellip;]<\/p>\n","protected":false},"author":4,"featured_media":3833,"parent":3834,"menu_order":10,"comment_status":"open","ping_status":"closed","template":"","meta":{"footnotes":""},"class_list":["post-3832","page","type-page","status-publish","has-post-thumbnail","hentry","odd"],"aioseo_notices":[],"_links":{"self":[{"href":"https:\/\/pisonivini.it\/cs\/wp-json\/wp\/v2\/pages\/3832","targetHints":{"allow":["GET"]}}],"collection":[{"href":"https:\/\/pisonivini.it\/cs\/wp-json\/wp\/v2\/pages"}],"about":[{"href":"https:\/\/pisonivini.it\/cs\/wp-json\/wp\/v2\/types\/page"}],"author":[{"embeddable":true,"href":"https:\/\/pisonivini.it\/cs\/wp-json\/wp\/v2\/users\/4"}],"replies":[{"embeddable":true,"href":"https:\/\/pisonivini.it\/cs\/wp-json\/wp\/v2\/comments?post=3832"}],"version-history":[{"count":0,"href":"https:\/\/pisonivini.it\/cs\/wp-json\/wp\/v2\/pages\/3832\/revisions"}],"up":[{"embeddable":true,"href":"https:\/\/pisonivini.it\/cs\/wp-json\/wp\/v2\/pages\/3834"}],"wp:featuredmedia":[{"embeddable":true,"href":"https:\/\/pisonivini.it\/cs\/wp-json\/wp\/v2\/media\/3833"}],"wp:attachment":[{"href":"https:\/\/pisonivini.it\/cs\/wp-json\/wp\/v2\/media?parent=3832"}],"curies":[{"name":"wp","href":"https:\/\/api.w.org\/{rel}","templated":true}]}}