{"id":3834,"date":"2014-10-22T20:18:29","date_gmt":"2014-10-22T20:18:29","guid":{"rendered":"https:\/\/www.pisonivini.it\/cantina-2\/"},"modified":"2021-02-24T15:07:16","modified_gmt":"2021-02-24T15:07:16","slug":"bio-sklep","status":"publish","type":"page","link":"https:\/\/pisonivini.it\/cs\/bio-sklep\/","title":{"rendered":"BIo sklep"},"content":{"rendered":"<h2 style=\"text-align: center;\" align=\"JUSTIFY\">Kde odpo\u010d\u00edvaj\u00ed plody zem\u011b a plody lidsk\u00e9 pr\u00e1ce<\/h2>\n<p class=\"p1\">Sklep <b>vina\u0159stv\u00ed<\/b> <span class=\"s1\"><b>Azienda Agricola Pisoni<\/b><\/span>\u00a0je m\u00edsto klidu a ticha, kde <b>tridentsk\u00e9 v\u00edno<\/b> odpo\u010d\u00edv\u00e1 v\u00a0<b>d\u0159ev\u011bn\u00fdch sudech<\/b> a v\u011bnuje se poklidn\u00e9 fermentaci, aby z\u00a0n\u011bj byl n\u00e1poj s\u00a0vynikaj\u00edc\u00edm charakterem.<\/p>\n<p class=\"p1\">B\u011bhem proch\u00e1zky <span class=\"s1\"><b>wine-tour<\/b><\/span>\u00a0a <b>komentovan\u00fdch prohl\u00eddek sklepa<\/b> jej projdete krok po kroku a ochutn\u00e1te v\u00fdte\u010dn\u00e1 v\u00edna s\u00a0<b>du\u0161\u00ed tohoto kraje<\/b>, kter\u00e1 v\u00e1m p\u0159ipravuj\u00ed Marco a Stefano. Neprop\u00e1sn\u011bte akce po\u0159\u00e1dan\u00e9 b\u011bhem roku, jako nap\u0159\u00edklad <b>ritu\u00e1l vinobran\u00ed<\/b>, <b>ochutn\u00e1vky v\u00edna<\/b> a <b>setk\u00e1n\u00ed s\u00a0p\u0159edstavov\u00e1n\u00edm v\u00edn<\/b>.<\/p>\n<p align=\"JUSTIFY\"><img loading=\"lazy\" decoding=\"async\" class=\"alignnone size-bigger_panoramic wp-image-342\" src=\"\/wp-content\/uploads\/2014\/10\/Cantina-Pisoni-1271-800x400.jpg\" alt=\"Degustazione vini\" width=\"800\" height=\"400\" \/><\/p>\n","protected":false},"excerpt":{"rendered":"<p>Kde odpo\u010d\u00edvaj\u00ed plody zem\u011b a plody lidsk\u00e9 pr\u00e1ce Sklep vina\u0159stv\u00ed Azienda Agricola Pisoni\u00a0je m\u00edsto klidu a ticha, kde tridentsk\u00e9 v\u00edno odpo\u010d\u00edv\u00e1 v\u00a0d\u0159ev\u011bn\u00fdch sudech a v\u011bnuje se poklidn\u00e9 fermentaci, aby z\u00a0n\u011bj byl n\u00e1poj s\u00a0vynikaj\u00edc\u00edm charakterem. B\u011bhem proch\u00e1zky wine-tour\u00a0a komentovan\u00fdch prohl\u00eddek sklepa jej projdete krok po kroku a ochutn\u00e1te v\u00fdte\u010dn\u00e1 v\u00edna s\u00a0du\u0161\u00ed tohoto kraje, kter\u00e1 v\u00e1m p\u0159ipravuj\u00ed [&hellip;]<\/p>\n","protected":false},"author":4,"featured_media":3835,"parent":0,"menu_order":0,"comment_status":"open","ping_status":"open","template":"","meta":{"footnotes":""},"class_list":["post-3834","page","type-page","status-publish","has-post-thumbnail","hentry","odd"],"aioseo_notices":[],"_links":{"self":[{"href":"https:\/\/pisonivini.it\/cs\/wp-json\/wp\/v2\/pages\/3834","targetHints":{"allow":["GET"]}}],"collection":[{"href":"https:\/\/pisonivini.it\/cs\/wp-json\/wp\/v2\/pages"}],"about":[{"href":"https:\/\/pisonivini.it\/cs\/wp-json\/wp\/v2\/types\/page"}],"author":[{"embeddable":true,"href":"https:\/\/pisonivini.it\/cs\/wp-json\/wp\/v2\/users\/4"}],"replies":[{"embeddable":true,"href":"https:\/\/pisonivini.it\/cs\/wp-json\/wp\/v2\/comments?post=3834"}],"version-history":[{"count":2,"href":"https:\/\/pisonivini.it\/cs\/wp-json\/wp\/v2\/pages\/3834\/revisions"}],"predecessor-version":[{"id":4403,"href":"https:\/\/pisonivini.it\/cs\/wp-json\/wp\/v2\/pages\/3834\/revisions\/4403"}],"wp:featuredmedia":[{"embeddable":true,"href":"https:\/\/pisonivini.it\/cs\/wp-json\/wp\/v2\/media\/3835"}],"wp:attachment":[{"href":"https:\/\/pisonivini.it\/cs\/wp-json\/wp\/v2\/media?parent=3834"}],"curies":[{"name":"wp","href":"https:\/\/api.w.org\/{rel}","templated":true}]}}