{"id":3838,"date":"2014-10-22T20:13:06","date_gmt":"2014-10-22T20:13:06","guid":{"rendered":"https:\/\/www.pisonivini.it\/contatti\/"},"modified":"2021-03-03T13:06:44","modified_gmt":"2021-03-03T13:06:44","slug":"kontakty","status":"publish","type":"page","link":"https:\/\/pisonivini.it\/cs\/kontakty\/","title":{"rendered":"Kontakty"},"content":{"rendered":"<p class=\"p1\">Informace ohledn\u011b akc\u00ed ve <b>vina\u0159stv\u00ed<\/b>,\u00a0<b>degustac\u00edch<\/b>,\u00a0<b>prodeji v\u00edna a bio produkt\u016f<\/b>:<\/p>\n<p><strong>Azienda Agricola Fratelli Pisoni di Marco e Stefano<\/strong><br \/>\nVia San Siro, 7\/B &#8211; 38070 Pergolese di Lasino &#8211; Sarche (TN)<br \/>\n<a href=\"mailto:info@pisonivini.it\">info@pisonivini.it<\/a><br \/>\nTel + 39 0461 563216<br \/>\nFax +39 \u00a00461 563163<\/p>\n<p>&nbsp;<\/p>\n<p>&nbsp;<\/p>\n\n<div class=\"wpcf7 no-js\" id=\"wpcf7-f4461-o1\" lang=\"en-US\" dir=\"ltr\" data-wpcf7-id=\"4461\">\n<div class=\"screen-reader-response\"><p role=\"status\" aria-live=\"polite\" aria-atomic=\"true\"><\/p> <ul><\/ul><\/div>\n<form action=\"\/cs\/wp-json\/wp\/v2\/pages\/3838#wpcf7-f4461-o1\" method=\"post\" class=\"wpcf7-form init\" aria-label=\"Contact form\" novalidate=\"novalidate\" data-status=\"init\">\n<fieldset class=\"hidden-fields-container\"><input type=\"hidden\" name=\"_wpcf7\" value=\"4461\" \/><input type=\"hidden\" name=\"_wpcf7_version\" value=\"6.1.5\" \/><input type=\"hidden\" name=\"_wpcf7_locale\" value=\"en_US\" \/><input type=\"hidden\" name=\"_wpcf7_unit_tag\" value=\"wpcf7-f4461-o1\" \/><input type=\"hidden\" name=\"_wpcf7_container_post\" value=\"0\" \/><input type=\"hidden\" name=\"_wpcf7_posted_data_hash\" value=\"\" \/><input type=\"hidden\" name=\"_wpcf7_recaptcha_response\" value=\"\" \/>\n<\/fieldset>\n<p><label>Jm\u00e9no (*)<\/label><span class=\"wpcf7-form-control-wrap\" data-name=\"your-first-name\"><input size=\"40\" maxlength=\"400\" class=\"wpcf7-form-control wpcf7-text wpcf7-validates-as-required\" aria-required=\"true\" aria-invalid=\"false\" value=\"\" type=\"text\" name=\"your-first-name\" \/><\/span>\n<\/p>\n<p><label>P\u0159\u00edjmen\u00ed (*)<\/label><span class=\"wpcf7-form-control-wrap\" data-name=\"your-last-name\"><input size=\"40\" maxlength=\"400\" class=\"wpcf7-form-control wpcf7-text wpcf7-validates-as-required\" aria-required=\"true\" aria-invalid=\"false\" value=\"\" type=\"text\" name=\"your-last-name\" \/><\/span>\n<\/p>\n<p><label>Email (*)<\/label><span class=\"wpcf7-form-control-wrap\" data-name=\"your-email\"><input size=\"40\" maxlength=\"400\" class=\"wpcf7-form-control wpcf7-email wpcf7-validates-as-required wpcf7-text wpcf7-validates-as-email\" aria-required=\"true\" aria-invalid=\"false\" value=\"\" type=\"email\" name=\"your-email\" \/><\/span>\n<\/p>\n<p><label>Via<\/label><span class=\"wpcf7-form-control-wrap\" data-name=\"your-address\"><input size=\"40\" maxlength=\"400\" class=\"wpcf7-form-control wpcf7-text\" aria-invalid=\"false\" value=\"\" type=\"text\" name=\"your-address\" \/><\/span>\n<\/p>\n<p><label>CAP<\/label><span class=\"wpcf7-form-control-wrap\" data-name=\"your-postcode\"><input size=\"40\" maxlength=\"400\" class=\"wpcf7-form-control wpcf7-text\" aria-invalid=\"false\" value=\"\" type=\"text\" name=\"your-postcode\" \/><\/span>\n<\/p>\n<p><label>Citt\u00e0<\/label><span class=\"wpcf7-form-control-wrap\" data-name=\"your-city\"><input size=\"40\" maxlength=\"400\" class=\"wpcf7-form-control wpcf7-text\" aria-invalid=\"false\" value=\"\" type=\"text\" name=\"your-city\" \/><\/span>\n<\/p>\n<p><label>Provincia<\/label><span class=\"wpcf7-form-control-wrap\" data-name=\"your-province\"><input size=\"40\" maxlength=\"400\" class=\"wpcf7-form-control wpcf7-text\" aria-invalid=\"false\" value=\"\" type=\"text\" name=\"your-province\" \/><\/span>\n<\/p>\n<p><label>Telefon (*)<\/label><span class=\"wpcf7-form-control-wrap\" data-name=\"your-phone\"><input size=\"40\" maxlength=\"400\" class=\"wpcf7-form-control wpcf7-text wpcf7-validates-as-required\" aria-required=\"true\" aria-invalid=\"false\" value=\"\" type=\"text\" name=\"your-phone\" \/><\/span>\n<\/p>\n<p><label>Co byste si p\u0159\u00e1li?<\/label><span class=\"wpcf7-form-control-wrap\" data-name=\"your-message\"><textarea cols=\"40\" rows=\"10\" maxlength=\"2000\" class=\"wpcf7-form-control wpcf7-textarea\" aria-invalid=\"false\" name=\"your-message\"><\/textarea><\/span>\n<\/p>\n<p><span class=\"wpcf7-form-control-wrap\" data-name=\"privacy\"><span class=\"wpcf7-form-control wpcf7-acceptance\"><span class=\"wpcf7-list-item\"><input type=\"checkbox\" name=\"privacy\" value=\"1\" aria-invalid=\"false\" \/><\/span><\/span><\/span> \u010cetl jsem informace o <a href=\"https:\/\/www.iubenda.com\/privacy-policy\/94856721\">zpracov\u00e1n\u00ed soukrom\u00fdch \u00fadaj\u016f<\/a>\u00a0a povoluji zpracov\u00e1n\u00ed dat\n<\/p>\n\n<p><input class=\"wpcf7-form-control wpcf7-submit has-spinner\" type=\"submit\" value=\"Odeslat\" \/>\n<\/p><div class=\"wpcf7-response-output\" aria-hidden=\"true\"><\/div>\n<\/form>\n<\/div>\n\n","protected":false},"excerpt":{"rendered":"<p>Informace ohledn\u011b akc\u00ed ve vina\u0159stv\u00ed,\u00a0degustac\u00edch,\u00a0prodeji v\u00edna a bio produkt\u016f: Azienda Agricola Fratelli Pisoni di Marco e Stefano Via San Siro, 7\/B &#8211; 38070 Pergolese di Lasino &#8211; Sarche (TN) info@pisonivini.it Tel + 39 0461 563216 Fax +39 \u00a00461 563163 &nbsp; &nbsp;<\/p>\n","protected":false},"author":4,"featured_media":3839,"parent":0,"menu_order":0,"comment_status":"open","ping_status":"open","template":"","meta":{"footnotes":""},"class_list":["post-3838","page","type-page","status-publish","has-post-thumbnail","hentry","odd"],"aioseo_notices":[],"_links":{"self":[{"href":"https:\/\/pisonivini.it\/cs\/wp-json\/wp\/v2\/pages\/3838","targetHints":{"allow":["GET"]}}],"collection":[{"href":"https:\/\/pisonivini.it\/cs\/wp-json\/wp\/v2\/pages"}],"about":[{"href":"https:\/\/pisonivini.it\/cs\/wp-json\/wp\/v2\/types\/page"}],"author":[{"embeddable":true,"href":"https:\/\/pisonivini.it\/cs\/wp-json\/wp\/v2\/users\/4"}],"replies":[{"embeddable":true,"href":"https:\/\/pisonivini.it\/cs\/wp-json\/wp\/v2\/comments?post=3838"}],"version-history":[{"count":4,"href":"https:\/\/pisonivini.it\/cs\/wp-json\/wp\/v2\/pages\/3838\/revisions"}],"predecessor-version":[{"id":4462,"href":"https:\/\/pisonivini.it\/cs\/wp-json\/wp\/v2\/pages\/3838\/revisions\/4462"}],"wp:featuredmedia":[{"embeddable":true,"href":"https:\/\/pisonivini.it\/cs\/wp-json\/wp\/v2\/media\/3839"}],"wp:attachment":[{"href":"https:\/\/pisonivini.it\/cs\/wp-json\/wp\/v2\/media?parent=3838"}],"curies":[{"name":"wp","href":"https:\/\/api.w.org\/{rel}","templated":true}]}}