{"id":3840,"date":"2014-10-22T19:40:13","date_gmt":"2014-10-22T19:40:13","guid":{"rendered":"https:\/\/www.pisonivini.it\/vino-santo\/"},"modified":"2021-01-15T08:54:46","modified_gmt":"2021-01-15T08:54:46","slug":"vino-santo","status":"publish","type":"page","link":"https:\/\/pisonivini.it\/cs\/vini-del-trentino\/vino-santo\/","title":{"rendered":"Vino Santo"},"content":{"rendered":"<h2>Vino Santo Trentino: Passito na druhou, pod z\u00e1\u0161titou Slow Food<\/h2>\n<p class=\"p1\">Ve vina\u0159stv\u00ed\u00a0<b>Cantina Pisoni di Pergolese<\/b>,\u00a0<b>vignaioli del Trentino<\/b>, se zvl\u00e1\u0161tn\u00ed p\u00e9\u010de a pozornosti dost\u00e1v\u00e1 v\u00fdrob\u011b v\u00edna <b>Vino Santo Trentino DOC<\/b>,\u00a0<b>presidio Slow Food<\/b>. Toto vz\u00e1cn\u00e9 v\u00edno typu \u201epassito\u201c se vyr\u00e1b\u00ed z\u00a0<b>vybran\u00fdch hrozn\u016f<\/b> <b>Nosiola, autoktonn\u00ed odr\u016fdy \u00fadol\u00ed Valle dei Laghi<\/b>, kter\u00e1 pr\u00e1v\u011b v\u00a0tomto kout\u011b zem\u011b nach\u00e1z\u00ed sv\u00e9 ide\u00e1ln\u00ed prost\u0159ed\u00ed.<\/p>\n<p class=\"p1\"><b>Hrozny Nosiola<\/b>, ule\u017eel\u00e9 v\u00edce ne\u017e 6 m\u011bs\u00edc\u016f na speci\u00e1ln\u00edch m\u0159\u00ed\u017ek\u00e1ch, kter\u00fdm se \u0159\u00edk\u00e1 \u201ear\u00e8le\u201c, se lisuj\u00ed b\u011bhem Svat\u00e9ho t\u00fddne a pomalou a dlouhou fermentac\u00ed se z\u00a0nich z\u00edsk\u00e1v\u00e1 velmi jemn\u00e9 v\u00edno s\u00a0vyv\u00e1\u017een\u00fdm obsahem cukru a alkoholu, bohat\u00e9 na v\u016fn\u011b a chut\u011b, kter\u00fdmi je jedine\u010dn\u00e9: <b>Vino Santo Trentino DOC<\/b>.<\/p>\n","protected":false},"excerpt":{"rendered":"<p>Vino Santo Trentino: Passito na druhou, pod z\u00e1\u0161titou Slow Food Ve vina\u0159stv\u00ed\u00a0Cantina Pisoni di Pergolese,\u00a0vignaioli del Trentino, se zvl\u00e1\u0161tn\u00ed p\u00e9\u010de a pozornosti dost\u00e1v\u00e1 v\u00fdrob\u011b v\u00edna Vino Santo Trentino DOC,\u00a0presidio Slow Food. Toto vz\u00e1cn\u00e9 v\u00edno typu \u201epassito\u201c se vyr\u00e1b\u00ed z\u00a0vybran\u00fdch hrozn\u016f Nosiola, autoktonn\u00ed odr\u016fdy \u00fadol\u00ed Valle dei Laghi, kter\u00e1 pr\u00e1v\u011b v\u00a0tomto kout\u011b zem\u011b nach\u00e1z\u00ed sv\u00e9 ide\u00e1ln\u00ed [&hellip;]<\/p>\n","protected":false},"author":4,"featured_media":3842,"parent":3851,"menu_order":40,"comment_status":"open","ping_status":"closed","template":"template-vini.php","meta":{"footnotes":""},"class_list":["post-3840","page","type-page","status-publish","has-post-thumbnail","hentry","odd"],"aioseo_notices":[],"_links":{"self":[{"href":"https:\/\/pisonivini.it\/cs\/wp-json\/wp\/v2\/pages\/3840","targetHints":{"allow":["GET"]}}],"collection":[{"href":"https:\/\/pisonivini.it\/cs\/wp-json\/wp\/v2\/pages"}],"about":[{"href":"https:\/\/pisonivini.it\/cs\/wp-json\/wp\/v2\/types\/page"}],"author":[{"embeddable":true,"href":"https:\/\/pisonivini.it\/cs\/wp-json\/wp\/v2\/users\/4"}],"replies":[{"embeddable":true,"href":"https:\/\/pisonivini.it\/cs\/wp-json\/wp\/v2\/comments?post=3840"}],"version-history":[{"count":0,"href":"https:\/\/pisonivini.it\/cs\/wp-json\/wp\/v2\/pages\/3840\/revisions"}],"up":[{"embeddable":true,"href":"https:\/\/pisonivini.it\/cs\/wp-json\/wp\/v2\/pages\/3851"}],"wp:featuredmedia":[{"embeddable":true,"href":"https:\/\/pisonivini.it\/cs\/wp-json\/wp\/v2\/media\/3842"}],"wp:attachment":[{"href":"https:\/\/pisonivini.it\/cs\/wp-json\/wp\/v2\/media?parent=3840"}],"curies":[{"name":"wp","href":"https:\/\/api.w.org\/{rel}","templated":true}]}}