{"id":3843,"date":"2014-10-22T19:35:05","date_gmt":"2014-10-22T19:35:05","guid":{"rendered":"https:\/\/www.pisonivini.it\/vini-rossi\/"},"modified":"2021-01-15T07:52:21","modified_gmt":"2021-01-15T07:52:21","slug":"cervena-vina","status":"publish","type":"page","link":"https:\/\/pisonivini.it\/cs\/vini-del-trentino\/cervena-vina\/","title":{"rendered":"\u010cerven\u00e1 v\u00edna"},"content":{"rendered":"<h2>\u010cerven\u00e1 v\u00edna Cantina Pisoni: aristokratick\u00e1, nezam\u011bniteln\u00e1, intenz\u00edvn\u00ed<\/h2>\n<p class=\"p1\"><b>\u010cerven\u00e1 v\u00edna<\/b> <b>Cantina Pisoni \u2013 anima rurale di Pergolese<\/b>\u00a0jsou plodem zku\u0161enost\u00ed a znalost\u00ed z\u00edskan\u00fdch za mnoho let soust\u0159ed\u011bn\u00e9 pr\u00e1ce.<span class=\"Apple-converted-space\">\u00a0 <\/span>H\u00fd\u010dkejte sv\u00e9 chu\u0165ov\u00e9 bu\u0148ky <b>bio v\u00ednem<\/b> a v\u00ednem <b>bez si\u0159i\u010ditan\u016f<\/b>, jak\u00fdm je nap\u0159\u00edklad Maso Gobbo, v\u00edno se sametov\u011b kv\u011btinovou v\u016fn\u00ed.<\/p>\n<p class=\"p1\">Mnoh\u00e1 vz\u00e1cn\u00e1 v\u00edna jako nap\u0159\u00edklad <b>Sarica<\/b>, v\u00edno velk\u00e9 chuti a elegance, Rebo, kter\u00e9 vzniklo k\u0159\u00ed\u017een\u00edm dvou typick\u00fdch odr\u016fd oblasti Trentino, a Pinot Nero, po fermentaci putuj\u00ed do sud\u016f barrique (d\u0159ev\u011bn\u00fdch), kde se z\u00a0nich st\u00e1vaj\u00ed stabiln\u00ed v\u00edna s\u00a0nezam\u011bniteln\u00fdm buketem.<\/p>\n","protected":false},"excerpt":{"rendered":"<p>\u010cerven\u00e1 v\u00edna Cantina Pisoni: aristokratick\u00e1, nezam\u011bniteln\u00e1, intenz\u00edvn\u00ed \u010cerven\u00e1 v\u00edna Cantina Pisoni \u2013 anima rurale di Pergolese\u00a0jsou plodem zku\u0161enost\u00ed a znalost\u00ed z\u00edskan\u00fdch za mnoho let soust\u0159ed\u011bn\u00e9 pr\u00e1ce.\u00a0 H\u00fd\u010dkejte sv\u00e9 chu\u0165ov\u00e9 bu\u0148ky bio v\u00ednem a v\u00ednem bez si\u0159i\u010ditan\u016f, jak\u00fdm je nap\u0159\u00edklad Maso Gobbo, v\u00edno se sametov\u011b kv\u011btinovou v\u016fn\u00ed. Mnoh\u00e1 vz\u00e1cn\u00e1 v\u00edna jako nap\u0159\u00edklad Sarica, v\u00edno velk\u00e9 chuti [&hellip;]<\/p>\n","protected":false},"author":4,"featured_media":3845,"parent":3851,"menu_order":20,"comment_status":"open","ping_status":"closed","template":"template-vini.php","meta":{"footnotes":""},"class_list":["post-3843","page","type-page","status-publish","has-post-thumbnail","hentry","odd"],"aioseo_notices":[],"_links":{"self":[{"href":"https:\/\/pisonivini.it\/cs\/wp-json\/wp\/v2\/pages\/3843","targetHints":{"allow":["GET"]}}],"collection":[{"href":"https:\/\/pisonivini.it\/cs\/wp-json\/wp\/v2\/pages"}],"about":[{"href":"https:\/\/pisonivini.it\/cs\/wp-json\/wp\/v2\/types\/page"}],"author":[{"embeddable":true,"href":"https:\/\/pisonivini.it\/cs\/wp-json\/wp\/v2\/users\/4"}],"replies":[{"embeddable":true,"href":"https:\/\/pisonivini.it\/cs\/wp-json\/wp\/v2\/comments?post=3843"}],"version-history":[{"count":0,"href":"https:\/\/pisonivini.it\/cs\/wp-json\/wp\/v2\/pages\/3843\/revisions"}],"up":[{"embeddable":true,"href":"https:\/\/pisonivini.it\/cs\/wp-json\/wp\/v2\/pages\/3851"}],"wp:featuredmedia":[{"embeddable":true,"href":"https:\/\/pisonivini.it\/cs\/wp-json\/wp\/v2\/media\/3845"}],"wp:attachment":[{"href":"https:\/\/pisonivini.it\/cs\/wp-json\/wp\/v2\/media?parent=3843"}],"curies":[{"name":"wp","href":"https:\/\/api.w.org\/{rel}","templated":true}]}}