{"id":3846,"date":"2014-10-22T19:25:19","date_gmt":"2014-10-22T19:25:19","guid":{"rendered":"https:\/\/www.pisonivini.it\/vini-bianchi\/"},"modified":"2021-01-14T15:26:57","modified_gmt":"2021-01-14T15:26:57","slug":"bila-vina","status":"publish","type":"page","link":"https:\/\/pisonivini.it\/cs\/vini-del-trentino\/bila-vina\/","title":{"rendered":"B\u00edl\u00e1 v\u00edna"},"content":{"rendered":"<h2>B\u00edl\u00e1 v\u00edna vina\u0159stv\u00ed Cantina Pisoni: ovocn\u00e1, rafinovan\u00e1 a elegantn\u00ed<\/h2>\n<p class=\"p1\"><span class=\"s1\">Mezi v\u00edny <b>Cantina Pisoni di Pegolese<\/b> si zvl\u00e1\u0161tn\u00ed pozornost zaslou\u017e\u00ed pr\u00e1v\u011b <b>b\u00edl\u00e1 v\u00edna<\/b>. Ovocn\u00e1 a rafinovan\u00e1, jako nap\u0159\u00edklad <b>Pinot Grigio<\/b> a <b>Nosiola<\/b>, jedin\u00e9 autoktonn\u00ed tridentsk\u00e9 v\u00edno, d\u00e1le <b>Chardonnay<\/b> a <b>Moscato<\/b>.<\/span><\/p>\n<p class=\"p1\"><span class=\"s1\">B\u00edl\u00e1 v\u00edna, vyroben\u00e1 z\u00a0hrozn\u016f, p\u011bstovan\u00fdch <b>biozem\u011bd\u011blsk\u00fdmi<\/b> metodami, jsou ide\u00e1ln\u00ed jako <b>aperitiv v\u00a0zahrad\u011b<\/b>, nap\u0159\u00edklad po vyj\u00ed\u017e\u010fce na kole po <b>cyklistick\u00e9 stezce<\/b> <b>Pista ciclabile del Garda<\/b>, p\u0159i <b>n\u00e1v\u0161t\u011bv\u011b vina\u0159stv\u00ed s\u00a0ochutn\u00e1vkou v\u00edn<\/b>, nebo p\u0159i <b>degustac\u00edch tridentsk\u00fdch v\u00edn<\/b>. <\/span><\/p>\n","protected":false},"excerpt":{"rendered":"<p>B\u00edl\u00e1 v\u00edna vina\u0159stv\u00ed Cantina Pisoni: ovocn\u00e1, rafinovan\u00e1 a elegantn\u00ed Mezi v\u00edny Cantina Pisoni di Pegolese si zvl\u00e1\u0161tn\u00ed pozornost zaslou\u017e\u00ed pr\u00e1v\u011b b\u00edl\u00e1 v\u00edna. Ovocn\u00e1 a rafinovan\u00e1, jako nap\u0159\u00edklad Pinot Grigio a Nosiola, jedin\u00e9 autoktonn\u00ed tridentsk\u00e9 v\u00edno, d\u00e1le Chardonnay a Moscato. B\u00edl\u00e1 v\u00edna, vyroben\u00e1 z\u00a0hrozn\u016f, p\u011bstovan\u00fdch biozem\u011bd\u011blsk\u00fdmi metodami, jsou ide\u00e1ln\u00ed jako aperitiv v\u00a0zahrad\u011b, nap\u0159\u00edklad po vyj\u00ed\u017e\u010fce na [&hellip;]<\/p>\n","protected":false},"author":4,"featured_media":3848,"parent":3851,"menu_order":30,"comment_status":"open","ping_status":"closed","template":"template-vini.php","meta":{"footnotes":""},"class_list":["post-3846","page","type-page","status-publish","has-post-thumbnail","hentry","odd"],"aioseo_notices":[],"_links":{"self":[{"href":"https:\/\/pisonivini.it\/cs\/wp-json\/wp\/v2\/pages\/3846","targetHints":{"allow":["GET"]}}],"collection":[{"href":"https:\/\/pisonivini.it\/cs\/wp-json\/wp\/v2\/pages"}],"about":[{"href":"https:\/\/pisonivini.it\/cs\/wp-json\/wp\/v2\/types\/page"}],"author":[{"embeddable":true,"href":"https:\/\/pisonivini.it\/cs\/wp-json\/wp\/v2\/users\/4"}],"replies":[{"embeddable":true,"href":"https:\/\/pisonivini.it\/cs\/wp-json\/wp\/v2\/comments?post=3846"}],"version-history":[{"count":0,"href":"https:\/\/pisonivini.it\/cs\/wp-json\/wp\/v2\/pages\/3846\/revisions"}],"up":[{"embeddable":true,"href":"https:\/\/pisonivini.it\/cs\/wp-json\/wp\/v2\/pages\/3851"}],"wp:featuredmedia":[{"embeddable":true,"href":"https:\/\/pisonivini.it\/cs\/wp-json\/wp\/v2\/media\/3848"}],"wp:attachment":[{"href":"https:\/\/pisonivini.it\/cs\/wp-json\/wp\/v2\/media?parent=3846"}],"curies":[{"name":"wp","href":"https:\/\/api.w.org\/{rel}","templated":true}]}}