{"id":3849,"date":"2014-10-22T17:07:39","date_gmt":"2014-10-22T17:07:39","guid":{"rendered":"https:\/\/www.pisonivini.it\/cantina\/terroir\/"},"modified":"2021-01-14T16:49:30","modified_gmt":"2021-01-14T16:49:30","slug":"zemedelska-krajina","status":"publish","type":"page","link":"https:\/\/pisonivini.it\/cs\/bio-sklep\/zemedelska-krajina\/","title":{"rendered":"Zem\u011bd\u011blsk\u00e1 krajina"},"content":{"rendered":"<h3>Terroir v \u00fadol\u00ed Valle dei Laghi: kdy\u017e se potk\u00e1 \u010dlov\u011bk, r\u00e9va, klima a krajina<\/h3>\n<p class=\"p1\"><span class=\"s1\">R\u00e1di ji naz\u00fdv\u00e1me m\u00edstem setk\u00e1n\u00ed: krajina v\u00a0\u00fadol\u00ed <b>Valle dei Laghi<\/b>, kde se ka\u017ed\u00fd den odehr\u00e1v\u00e1 na\u0161e pr\u00e1ce a kde vznikaj\u00ed excelentn\u00ed a vz\u00e1cn\u00e1 v\u00edna.<\/span><\/p>\n<p class=\"p1\"><span class=\"s1\"><b>Klima \u00fadol\u00ed<\/b> <b>Valle dei Laghi,<\/b>\u00a0m\u00edrn\u00e9 d\u00edky v\u00e1nku <b>Ora del Garda<\/b>, krajina bohat\u00e1 na vodu, <b>metody biologick\u00e9ho p\u011bstov\u00e1n\u00ed<\/b>, kter\u00e9 respektuj\u00ed \u017eivotn\u00ed prost\u0159ed\u00ed a valorizace <b>autoktonn\u00edch odr\u016fd<\/b> kterou je nap\u0159\u00edklad <b>Nosiola<\/b>, d\u00e1vaj\u00ed \u017eivot opravdov\u00fdm mistrovsk\u00fdm d\u00edl\u016fm, jak\u00fdm je Vino Santo Trentino.\u00a0<\/span><\/p>\n<p><img loading=\"lazy\" decoding=\"async\" class=\"alignnone size-bigger_panoramic wp-image-264\" src=\"\/wp-content\/uploads\/2014\/10\/Cantina-Pisoni-1008-800x400.jpg\" alt=\"Cantina Pisoni-1008\" width=\"800\" height=\"400\" \/><\/p>\n","protected":false},"excerpt":{"rendered":"<p>Terroir v \u00fadol\u00ed Valle dei Laghi: kdy\u017e se potk\u00e1 \u010dlov\u011bk, r\u00e9va, klima a krajina R\u00e1di ji naz\u00fdv\u00e1me m\u00edstem setk\u00e1n\u00ed: krajina v\u00a0\u00fadol\u00ed Valle dei Laghi, kde se ka\u017ed\u00fd den odehr\u00e1v\u00e1 na\u0161e pr\u00e1ce a kde vznikaj\u00ed excelentn\u00ed a vz\u00e1cn\u00e1 v\u00edna. Klima \u00fadol\u00ed Valle dei Laghi,\u00a0m\u00edrn\u00e9 d\u00edky v\u00e1nku Ora del Garda, krajina bohat\u00e1 na vodu, metody biologick\u00e9ho p\u011bstov\u00e1n\u00ed, [&hellip;]<\/p>\n","protected":false},"author":4,"featured_media":3850,"parent":3834,"menu_order":10,"comment_status":"open","ping_status":"closed","template":"","meta":{"footnotes":""},"class_list":["post-3849","page","type-page","status-publish","has-post-thumbnail","hentry","odd"],"aioseo_notices":[],"_links":{"self":[{"href":"https:\/\/pisonivini.it\/cs\/wp-json\/wp\/v2\/pages\/3849","targetHints":{"allow":["GET"]}}],"collection":[{"href":"https:\/\/pisonivini.it\/cs\/wp-json\/wp\/v2\/pages"}],"about":[{"href":"https:\/\/pisonivini.it\/cs\/wp-json\/wp\/v2\/types\/page"}],"author":[{"embeddable":true,"href":"https:\/\/pisonivini.it\/cs\/wp-json\/wp\/v2\/users\/4"}],"replies":[{"embeddable":true,"href":"https:\/\/pisonivini.it\/cs\/wp-json\/wp\/v2\/comments?post=3849"}],"version-history":[{"count":0,"href":"https:\/\/pisonivini.it\/cs\/wp-json\/wp\/v2\/pages\/3849\/revisions"}],"up":[{"embeddable":true,"href":"https:\/\/pisonivini.it\/cs\/wp-json\/wp\/v2\/pages\/3834"}],"wp:featuredmedia":[{"embeddable":true,"href":"https:\/\/pisonivini.it\/cs\/wp-json\/wp\/v2\/media\/3850"}],"wp:attachment":[{"href":"https:\/\/pisonivini.it\/cs\/wp-json\/wp\/v2\/media?parent=3849"}],"curies":[{"name":"wp","href":"https:\/\/api.w.org\/{rel}","templated":true}]}}