{"id":3851,"date":"2014-10-22T17:03:30","date_gmt":"2014-10-22T17:03:30","guid":{"rendered":"https:\/\/www.pisonivini.it\/vini-del-trentino\/"},"modified":"2021-02-24T13:27:27","modified_gmt":"2021-02-24T13:27:27","slug":"vini-del-trentino","status":"publish","type":"page","link":"https:\/\/pisonivini.it\/cs\/vini-del-trentino\/","title":{"rendered":"V\u00edna Pisoni"},"content":{"rendered":"<h3 style=\"text-align: center;\" align=\"JUSTIFY\">V\u00edna z\u00a0oblasti Trentino: triumf v\u016fn\u00ed, chut\u00ed a du\u0161e m\u00edstn\u00edho kraje<\/h3>\n<p class=\"p1\"><span class=\"s1\"><b>Nosiola<\/b><\/span>,\u00a0<span class=\"s1\"><b>Teroldego<\/b><\/span>, to jsou jen dv\u011b z\u00a0nejzn\u00e1m\u011bj\u0161\u00edch jmen proslaven\u00fdch tridentsk\u00fdch v\u00edn, kter\u00e1 dokazuj\u00ed, jak se r\u00e9va stala z\u00e1kladn\u00edm prvkem <b>tridentsk\u00e9 krajiny<\/b>! Rozmanitost podneb\u00ed, dostatek vody, v\u00e1nek od Gardsk\u00e9ho jezera a zku\u0161en\u00e9 ruce tridentsk\u00fdch vina\u0159\u016f d\u00e1vaj\u00ed vzniknout skute\u010dn\u00fdm mistrovsk\u00fdm d\u00edl\u016fm.<\/p>\n<p class=\"p1\">V\u0161echna <span class=\"s1\"><b>v\u00edna vina\u0159stv\u00ed Cantina Pisoni<\/b><\/span> jsou vyrobena z\u00a0<b>hrozn\u016f<\/b>, kter\u00e9 se urodily na <b>rodinn\u00fdch vinic\u00edch<\/b>, obd\u011bl\u00e1van\u00fdch pomoc\u00ed metod biologick\u00e9ho zem\u011bd\u011blstv\u00ed, bez pou\u017eit\u00ed chemick\u00fdch p\u0159\u00edpravk\u016f. Tak\u00e9 <b>techniky zpracov\u00e1n\u00ed<\/b> jsou jen p\u0159\u00edrodn\u00ed a snoub\u00ed se v\u00a0nich tradice a inovace<\/p>\n","protected":false},"excerpt":{"rendered":"<p>V\u00edna z\u00a0oblasti Trentino: triumf v\u016fn\u00ed, chut\u00ed a du\u0161e m\u00edstn\u00edho kraje Nosiola,\u00a0Teroldego, to jsou jen dv\u011b z\u00a0nejzn\u00e1m\u011bj\u0161\u00edch jmen proslaven\u00fdch tridentsk\u00fdch v\u00edn, kter\u00e1 dokazuj\u00ed, jak se r\u00e9va stala z\u00e1kladn\u00edm prvkem tridentsk\u00e9 krajiny! Rozmanitost podneb\u00ed, dostatek vody, v\u00e1nek od Gardsk\u00e9ho jezera a zku\u0161en\u00e9 ruce tridentsk\u00fdch vina\u0159\u016f d\u00e1vaj\u00ed vzniknout skute\u010dn\u00fdm mistrovsk\u00fdm d\u00edl\u016fm. V\u0161echna v\u00edna vina\u0159stv\u00ed Cantina Pisoni jsou vyrobena [&hellip;]<\/p>\n","protected":false},"author":4,"featured_media":3779,"parent":0,"menu_order":0,"comment_status":"open","ping_status":"open","template":"template-vini.php","meta":{"footnotes":""},"class_list":["post-3851","page","type-page","status-publish","has-post-thumbnail","hentry","odd"],"aioseo_notices":[],"_links":{"self":[{"href":"https:\/\/pisonivini.it\/cs\/wp-json\/wp\/v2\/pages\/3851","targetHints":{"allow":["GET"]}}],"collection":[{"href":"https:\/\/pisonivini.it\/cs\/wp-json\/wp\/v2\/pages"}],"about":[{"href":"https:\/\/pisonivini.it\/cs\/wp-json\/wp\/v2\/types\/page"}],"author":[{"embeddable":true,"href":"https:\/\/pisonivini.it\/cs\/wp-json\/wp\/v2\/users\/4"}],"replies":[{"embeddable":true,"href":"https:\/\/pisonivini.it\/cs\/wp-json\/wp\/v2\/comments?post=3851"}],"version-history":[{"count":3,"href":"https:\/\/pisonivini.it\/cs\/wp-json\/wp\/v2\/pages\/3851\/revisions"}],"predecessor-version":[{"id":4364,"href":"https:\/\/pisonivini.it\/cs\/wp-json\/wp\/v2\/pages\/3851\/revisions\/4364"}],"wp:featuredmedia":[{"embeddable":true,"href":"https:\/\/pisonivini.it\/cs\/wp-json\/wp\/v2\/media\/3779"}],"wp:attachment":[{"href":"https:\/\/pisonivini.it\/cs\/wp-json\/wp\/v2\/media?parent=3851"}],"curies":[{"name":"wp","href":"https:\/\/api.w.org\/{rel}","templated":true}]}}