{"id":3852,"date":"2014-10-22T14:33:30","date_gmt":"2014-10-22T14:33:30","guid":{"rendered":"https:\/\/www.pisonivini.it\/non-solo-vino\/"},"modified":"2021-01-14T15:25:29","modified_gmt":"2021-01-14T15:25:29","slug":"olej-evo","status":"publish","type":"page","link":"https:\/\/pisonivini.it\/cs\/vitejte\/olej-evo\/","title":{"rendered":"Olej EVO"},"content":{"rendered":"<h2>Extr\u00e9mn\u00ed\u201c olej<\/h2>\n<p class=\"p1\"><span class=\"s1\">V\u00a0hospod\u00e1\u0159stv\u00ed <b>Azienda Agricola Pisoni di Pergolese<\/b>\u00a0nepotk\u00e1te jen v\u00edno, ale tak\u00e9 velice kvalitn\u00ed <b>extrapanensk\u00fd olivov\u00fd olej<\/b>. Jde o \u201eextr\u00e9mn\u00ed\u201c olej, vyroben\u00fd z\u00a0plod\u016f zraj\u00edc\u00edch na na\u0161em pozemku v\u00a0ji\u017en\u00ed \u010d\u00e1sti kraje, kter\u00fd je sv\u011btov\u011b proslul\u00fd pr\u00e1v\u011b p\u011bstov\u00e1n\u00edm olivovn\u00edku. \u201ePraotec\u201c na\u0161\u00ed spole\u010dnosti, Arrigo Pisoni, je p\u0159edsedou asociace \u201dAssociazione Amici dell\u2019Olivo Estremo\u201d, kter\u00e1 zast\u0159e\u0161uje v\u0161echny men\u0161\u00ed v\u00fdrobce v\u00a0na\u0161em \u00fadol\u00ed. <\/span><\/p>\n<p><a href=\"\/wp-content\/uploads\/2018\/08\/fototonina-olio30.jpg\"><img loading=\"lazy\" decoding=\"async\" class=\"alignnone size-large wp-image-939\" src=\"\/wp-content\/uploads\/2018\/08\/fototonina-olio30-683x1024.jpg\" alt=\"\" width=\"683\" height=\"1024\" srcset=\"https:\/\/pisonivini.it\/wp-content\/uploads\/2018\/08\/fototonina-olio30-683x1024.jpg 683w, https:\/\/pisonivini.it\/wp-content\/uploads\/2018\/08\/fototonina-olio30-200x300.jpg 200w, https:\/\/pisonivini.it\/wp-content\/uploads\/2018\/08\/fototonina-olio30-768x1152.jpg 768w, https:\/\/pisonivini.it\/wp-content\/uploads\/2018\/08\/fototonina-olio30-1024x1536.jpg 1024w, https:\/\/pisonivini.it\/wp-content\/uploads\/2018\/08\/fototonina-olio30-300x450.jpg 300w, https:\/\/pisonivini.it\/wp-content\/uploads\/2018\/08\/fototonina-olio30-600x900.jpg 600w, https:\/\/pisonivini.it\/wp-content\/uploads\/2018\/08\/fototonina-olio30.jpg 1200w\" sizes=\"auto, (max-width: 683px) 100vw, 683px\" \/><\/a><\/p>\n<p>&nbsp;<\/p>\n<p>&nbsp;<\/p>\n","protected":false},"excerpt":{"rendered":"<p>Extr\u00e9mn\u00ed\u201c olej V\u00a0hospod\u00e1\u0159stv\u00ed Azienda Agricola Pisoni di Pergolese\u00a0nepotk\u00e1te jen v\u00edno, ale tak\u00e9 velice kvalitn\u00ed extrapanensk\u00fd olivov\u00fd olej. Jde o \u201eextr\u00e9mn\u00ed\u201c olej, vyroben\u00fd z\u00a0plod\u016f zraj\u00edc\u00edch na na\u0161em pozemku v\u00a0ji\u017en\u00ed \u010d\u00e1sti kraje, kter\u00fd je sv\u011btov\u011b proslul\u00fd pr\u00e1v\u011b p\u011bstov\u00e1n\u00edm olivovn\u00edku. \u201ePraotec\u201c na\u0161\u00ed spole\u010dnosti, Arrigo Pisoni, je p\u0159edsedou asociace \u201dAssociazione Amici dell\u2019Olivo Estremo\u201d, kter\u00e1 zast\u0159e\u0161uje v\u0161echny men\u0161\u00ed v\u00fdrobce v\u00a0na\u0161em [&hellip;]<\/p>\n","protected":false},"author":4,"featured_media":3853,"parent":3858,"menu_order":0,"comment_status":"open","ping_status":"open","template":"","meta":{"footnotes":""},"class_list":["post-3852","page","type-page","status-publish","has-post-thumbnail","hentry","odd"],"aioseo_notices":[],"_links":{"self":[{"href":"https:\/\/pisonivini.it\/cs\/wp-json\/wp\/v2\/pages\/3852","targetHints":{"allow":["GET"]}}],"collection":[{"href":"https:\/\/pisonivini.it\/cs\/wp-json\/wp\/v2\/pages"}],"about":[{"href":"https:\/\/pisonivini.it\/cs\/wp-json\/wp\/v2\/types\/page"}],"author":[{"embeddable":true,"href":"https:\/\/pisonivini.it\/cs\/wp-json\/wp\/v2\/users\/4"}],"replies":[{"embeddable":true,"href":"https:\/\/pisonivini.it\/cs\/wp-json\/wp\/v2\/comments?post=3852"}],"version-history":[{"count":0,"href":"https:\/\/pisonivini.it\/cs\/wp-json\/wp\/v2\/pages\/3852\/revisions"}],"up":[{"embeddable":true,"href":"https:\/\/pisonivini.it\/cs\/wp-json\/wp\/v2\/pages\/3858"}],"wp:featuredmedia":[{"embeddable":true,"href":"https:\/\/pisonivini.it\/cs\/wp-json\/wp\/v2\/media\/3853"}],"wp:attachment":[{"href":"https:\/\/pisonivini.it\/cs\/wp-json\/wp\/v2\/media?parent=3852"}],"curies":[{"name":"wp","href":"https:\/\/api.w.org\/{rel}","templated":true}]}}