{"id":3854,"date":"2014-10-22T14:28:53","date_gmt":"2014-10-22T14:28:53","guid":{"rendered":"https:\/\/www.pisonivini.it\/marco-e-stefano\/"},"modified":"2021-01-14T15:23:27","modified_gmt":"2021-01-14T15:23:27","slug":"marco-a-stefano","status":"publish","type":"page","link":"https:\/\/pisonivini.it\/cs\/vitejte\/marco-a-stefano\/","title":{"rendered":"Marco a Stefano"},"content":{"rendered":"<h2>Na r\u00e9vu roubujeme tradici a l\u00e1sku<\/h2>\n<p class=\"p1\"><span class=\"s1\"><b>Marco a Stefano<\/b> jsou bratranci a jejich spole\u010dnou v\u00e1\u0161n\u00ed je v\u00fdroba v\u00edna. Ve vina\u0159stv\u00ed <b>Cantina Pisoni<\/b> se st\u00e1le intenz\u00edvn\u011bji v\u011bnuj\u00ed p\u00e9\u010di o svou p\u016fdu s\u00a0<b>l\u00e1skou, respektem, odhodl\u00e1n\u00edm a nad\u0161en\u00edm<\/b>. Ka\u017edodenn\u00ed pr\u00e1ce prob\u00edh\u00e1 v\u00a0<b>pomal\u00e9m rytmu venkovsk\u00e9ho \u017eivota<\/b> a postupuje se podle <b>star\u00fdch metod p\u011bstov\u00e1n\u00ed<\/b>. <\/span><\/p>\n<p class=\"p1\"><span class=\"s1\">Proto\u017ee oba studovali na zem\u011bd\u011blsk\u00e9 \u0161kole <b>Istituto Agrario di San Michele<\/b>, ve sv\u00e9m podniku <b>Azienda Agricola di Pergolese <\/b>uv\u00e1d\u011bj\u00ed do praxe z\u00e1sady hospoda\u0159en\u00ed v\u00a0souladu s\u00a0p\u0159\u00edrodou, techniky <b>biozem\u011bd\u011blstv\u00ed<\/b>, d\u00edky nim\u017e vznikaj\u00ed <b>zcela p\u0159\u00edrodn\u00ed v\u00edna<\/b>.<\/span><\/p>\n<p><img loading=\"lazy\" decoding=\"async\" class=\"alignnone size-bigger_panoramic wp-image-320\" src=\"\/wp-content\/uploads\/2014\/10\/Cantina-Pisoni-1124-800x400.jpg\" alt=\"Cantina Pisoni-1124\" width=\"800\" height=\"400\" \/><\/p>\n","protected":false},"excerpt":{"rendered":"<p>Na r\u00e9vu roubujeme tradici a l\u00e1sku Marco a Stefano jsou bratranci a jejich spole\u010dnou v\u00e1\u0161n\u00ed je v\u00fdroba v\u00edna. Ve vina\u0159stv\u00ed Cantina Pisoni se st\u00e1le intenz\u00edvn\u011bji v\u011bnuj\u00ed p\u00e9\u010di o svou p\u016fdu s\u00a0l\u00e1skou, respektem, odhodl\u00e1n\u00edm a nad\u0161en\u00edm. Ka\u017edodenn\u00ed pr\u00e1ce prob\u00edh\u00e1 v\u00a0pomal\u00e9m rytmu venkovsk\u00e9ho \u017eivota a postupuje se podle star\u00fdch metod p\u011bstov\u00e1n\u00ed. Proto\u017ee oba studovali na zem\u011bd\u011blsk\u00e9 \u0161kole [&hellip;]<\/p>\n","protected":false},"author":4,"featured_media":3855,"parent":3858,"menu_order":0,"comment_status":"open","ping_status":"open","template":"","meta":{"footnotes":""},"class_list":["post-3854","page","type-page","status-publish","has-post-thumbnail","hentry","odd"],"aioseo_notices":[],"_links":{"self":[{"href":"https:\/\/pisonivini.it\/cs\/wp-json\/wp\/v2\/pages\/3854","targetHints":{"allow":["GET"]}}],"collection":[{"href":"https:\/\/pisonivini.it\/cs\/wp-json\/wp\/v2\/pages"}],"about":[{"href":"https:\/\/pisonivini.it\/cs\/wp-json\/wp\/v2\/types\/page"}],"author":[{"embeddable":true,"href":"https:\/\/pisonivini.it\/cs\/wp-json\/wp\/v2\/users\/4"}],"replies":[{"embeddable":true,"href":"https:\/\/pisonivini.it\/cs\/wp-json\/wp\/v2\/comments?post=3854"}],"version-history":[{"count":0,"href":"https:\/\/pisonivini.it\/cs\/wp-json\/wp\/v2\/pages\/3854\/revisions"}],"up":[{"embeddable":true,"href":"https:\/\/pisonivini.it\/cs\/wp-json\/wp\/v2\/pages\/3858"}],"wp:featuredmedia":[{"embeddable":true,"href":"https:\/\/pisonivini.it\/cs\/wp-json\/wp\/v2\/media\/3855"}],"wp:attachment":[{"href":"https:\/\/pisonivini.it\/cs\/wp-json\/wp\/v2\/media?parent=3854"}],"curies":[{"name":"wp","href":"https:\/\/api.w.org\/{rel}","templated":true}]}}