{"id":3856,"date":"2014-10-22T14:24:42","date_gmt":"2014-10-22T14:24:42","guid":{"rendered":"https:\/\/www.pisonivini.it\/anima-rurale\/"},"modified":"2021-01-14T15:24:27","modified_gmt":"2021-01-14T15:24:27","slug":"duse-kraje","status":"publish","type":"page","link":"https:\/\/pisonivini.it\/cs\/vitejte\/duse-kraje\/","title":{"rendered":"Du\u0161e kraje"},"content":{"rendered":"<h2>Du\u0161e kraje: poklad tridentsk\u00e9ho v\u00edna vyroben\u00e9ho podle z\u00e1kon\u016f\u00a0p\u0159\u00edrody!<\/h2>\n<p class=\"p1\"><span class=\"s1\">Du\u0161e kraje znamen\u00e1 pro n\u00e1s, lidi z vina\u0159stv\u00ed\u00a0<b>Cantina Pisoni di Pergolese<\/b>, sm\u011bs zku\u0161enost\u00ed a l\u00e1sky k\u00a0<b>tridentsk\u00e9mu kraji<\/b>, je to znovuobjeven\u00ed <b>tradic a prastar\u00fdch metod<\/b>, kter\u00e9 respektuj\u00ed <b>hodnoty ur\u010dovan\u00e9 matkou p\u0159\u00edrodou<\/b>, jej\u00edmi <b>obdob\u00edmi a cykly<\/b>.\u00a0<\/span><\/p>\n<p class=\"p1\"><span class=\"s1\">Du\u0161e kraje je tak\u00e9 p\u0159\u00edb\u011bh o <b>p\u0159\u00edm\u00e9m kontaktu<\/b> se <b>zem\u011bd\u011blskou spole\u010dnost\u00ed<\/b>, kde inovace a tradice existuj\u00ed v\u00a0souladu. Je provon\u011bn\u00fd jemn\u00fdm aroma p\u0159\u00edrodn\u00edch <b>biodynamick\u00fdch v\u00edn Cantina Pisoni.<\/b><\/span><\/p>\n<p><img loading=\"lazy\" decoding=\"async\" class=\"alignnone size-bigger_panoramic wp-image-277\" src=\"\/wp-content\/uploads\/2014\/10\/Cantina-Pisoni-1143-800x400.jpg\" alt=\"Vigneto Pisoni\" width=\"800\" height=\"400\" \/><\/p>\n","protected":false},"excerpt":{"rendered":"<p>Du\u0161e kraje: poklad tridentsk\u00e9ho v\u00edna vyroben\u00e9ho podle z\u00e1kon\u016f\u00a0p\u0159\u00edrody! Du\u0161e kraje znamen\u00e1 pro n\u00e1s, lidi z vina\u0159stv\u00ed\u00a0Cantina Pisoni di Pergolese, sm\u011bs zku\u0161enost\u00ed a l\u00e1sky k\u00a0tridentsk\u00e9mu kraji, je to znovuobjeven\u00ed tradic a prastar\u00fdch metod, kter\u00e9 respektuj\u00ed hodnoty ur\u010dovan\u00e9 matkou p\u0159\u00edrodou, jej\u00edmi obdob\u00edmi a cykly.\u00a0 Du\u0161e kraje je tak\u00e9 p\u0159\u00edb\u011bh o p\u0159\u00edm\u00e9m kontaktu se zem\u011bd\u011blskou spole\u010dnost\u00ed, kde inovace [&hellip;]<\/p>\n","protected":false},"author":4,"featured_media":3857,"parent":3858,"menu_order":0,"comment_status":"open","ping_status":"open","template":"","meta":{"footnotes":""},"class_list":["post-3856","page","type-page","status-publish","has-post-thumbnail","hentry","odd"],"aioseo_notices":[],"_links":{"self":[{"href":"https:\/\/pisonivini.it\/cs\/wp-json\/wp\/v2\/pages\/3856","targetHints":{"allow":["GET"]}}],"collection":[{"href":"https:\/\/pisonivini.it\/cs\/wp-json\/wp\/v2\/pages"}],"about":[{"href":"https:\/\/pisonivini.it\/cs\/wp-json\/wp\/v2\/types\/page"}],"author":[{"embeddable":true,"href":"https:\/\/pisonivini.it\/cs\/wp-json\/wp\/v2\/users\/4"}],"replies":[{"embeddable":true,"href":"https:\/\/pisonivini.it\/cs\/wp-json\/wp\/v2\/comments?post=3856"}],"version-history":[{"count":0,"href":"https:\/\/pisonivini.it\/cs\/wp-json\/wp\/v2\/pages\/3856\/revisions"}],"up":[{"embeddable":true,"href":"https:\/\/pisonivini.it\/cs\/wp-json\/wp\/v2\/pages\/3858"}],"wp:featuredmedia":[{"embeddable":true,"href":"https:\/\/pisonivini.it\/cs\/wp-json\/wp\/v2\/media\/3857"}],"wp:attachment":[{"href":"https:\/\/pisonivini.it\/cs\/wp-json\/wp\/v2\/media?parent=3856"}],"curies":[{"name":"wp","href":"https:\/\/api.w.org\/{rel}","templated":true}]}}