{"id":3858,"date":"2014-10-22T13:12:03","date_gmt":"2014-10-22T13:12:03","guid":{"rendered":"https:\/\/www.pisonivini.it\/benvenuti\/"},"modified":"2021-02-24T13:26:18","modified_gmt":"2021-02-24T13:26:18","slug":"vitejte","status":"publish","type":"page","link":"https:\/\/pisonivini.it\/cs\/vitejte\/","title":{"rendered":"V\u00edtejte"},"content":{"rendered":"<h2>V\u00edtejte ve vina\u0159stv\u00ed Pisoni v Pergolese: tridentsk\u00e1 v\u00edna v\u00a0\u00fadol\u00ed Valle dei Laghi<\/h2>\n<p class=\"p1\">Vina\u0159stv\u00ed <b>Azienda Agricola Pisoni di Pergolese<\/b>,\u00a0<b>vina\u0159sk\u00fd sklep v oblasti Trentino<\/b>\u00a0a\u00a0<b>rodinn\u00fd zem\u011bd\u011blsk\u00fd podnik<\/b>, se nach\u00e1zej\u00ed pobl\u00ed\u017e vina\u0159sk\u00e9 a gastronomick\u00e9 stezky\u00a0<b>Strada del vino e dei sapori del Trentino<\/b>, kter\u00e1 vede od jezera\u00a0<b>Lago di Garda<\/b>\u00a0a\u017e k hor\u00e1m\u00a0<b>Dolomiti di Brenta<\/b>, uprost\u0159ed olivov\u00fdch h\u00e1j\u016f nad Gardou a \u00fa\u017easn\u00e9 scen\u00e9rie Dolomit.<\/p>\n<p class=\"p1\">Pozemky se rozkl\u00e1daj\u00ed kolem jezer <b>Lago di Toblino<\/b>,\u00a0<b>Lago di Santa Massenza<\/b>\u00a0a\u00a0<b>Lago di Cavedine<\/b>, a roste na nich nejlep\u0161\u00ed r\u00e9va, kter\u00e1 se pou\u017e\u00edv\u00e1 na v\u00fdrobu elegantn\u00edch a t\u011blnat\u00fdch <b>\u010derven\u00fdch tridentsk\u00fdch v\u00edn<\/b>,<span class=\"Apple-converted-space\">\u00a0 <\/span>hebk\u00fdch a ovocn\u00fdch <b>b\u00edl\u00fdch horsk\u00fdch v\u00edn<\/b>, kter\u00e1 m\u016f\u017eete ochutnat p\u0159i <b>komentovan\u00e9 prohl\u00eddce<\/b> nebo <b>ochutn\u00e1vce<\/b>.<\/p>\n<p><img loading=\"lazy\" decoding=\"async\" class=\"alignnone size-bigger_panoramic wp-image-319\" src=\"\/wp-content\/uploads\/2014\/10\/Cantina-Pisoni-1120-800x400.jpg\" alt=\"Cantina Pisoni-1120\" width=\"800\" height=\"400\" \/><\/p>\n","protected":false},"excerpt":{"rendered":"<p>V\u00edtejte ve vina\u0159stv\u00ed Pisoni v Pergolese: tridentsk\u00e1 v\u00edna v\u00a0\u00fadol\u00ed Valle dei Laghi Vina\u0159stv\u00ed Azienda Agricola Pisoni di Pergolese,\u00a0vina\u0159sk\u00fd sklep v oblasti Trentino\u00a0a\u00a0rodinn\u00fd zem\u011bd\u011blsk\u00fd podnik, se nach\u00e1zej\u00ed pobl\u00ed\u017e vina\u0159sk\u00e9 a gastronomick\u00e9 stezky\u00a0Strada del vino e dei sapori del Trentino, kter\u00e1 vede od jezera\u00a0Lago di Garda\u00a0a\u017e k hor\u00e1m\u00a0Dolomiti di Brenta, uprost\u0159ed olivov\u00fdch h\u00e1j\u016f nad Gardou a \u00fa\u017easn\u00e9 [&hellip;]<\/p>\n","protected":false},"author":4,"featured_media":3859,"parent":0,"menu_order":0,"comment_status":"open","ping_status":"open","template":"","meta":{"footnotes":""},"class_list":["post-3858","page","type-page","status-publish","has-post-thumbnail","hentry","odd"],"aioseo_notices":[],"_links":{"self":[{"href":"https:\/\/pisonivini.it\/cs\/wp-json\/wp\/v2\/pages\/3858","targetHints":{"allow":["GET"]}}],"collection":[{"href":"https:\/\/pisonivini.it\/cs\/wp-json\/wp\/v2\/pages"}],"about":[{"href":"https:\/\/pisonivini.it\/cs\/wp-json\/wp\/v2\/types\/page"}],"author":[{"embeddable":true,"href":"https:\/\/pisonivini.it\/cs\/wp-json\/wp\/v2\/users\/4"}],"replies":[{"embeddable":true,"href":"https:\/\/pisonivini.it\/cs\/wp-json\/wp\/v2\/comments?post=3858"}],"version-history":[{"count":2,"href":"https:\/\/pisonivini.it\/cs\/wp-json\/wp\/v2\/pages\/3858\/revisions"}],"predecessor-version":[{"id":4362,"href":"https:\/\/pisonivini.it\/cs\/wp-json\/wp\/v2\/pages\/3858\/revisions\/4362"}],"wp:featuredmedia":[{"embeddable":true,"href":"https:\/\/pisonivini.it\/cs\/wp-json\/wp\/v2\/media\/3859"}],"wp:attachment":[{"href":"https:\/\/pisonivini.it\/cs\/wp-json\/wp\/v2\/media?parent=3858"}],"curies":[{"name":"wp","href":"https:\/\/api.w.org\/{rel}","templated":true}]}}