{"id":3874,"date":"2020-11-10T11:15:58","date_gmt":"2020-11-10T11:15:58","guid":{"rendered":"https:\/\/www.pisonivini.it\/prodotto\/scatola-di-legno-1-bottiglia-di-reboro-e-1-targhetta\/"},"modified":"2026-04-03T11:52:40","modified_gmt":"2026-04-03T11:52:40","slug":"scatola-di-legno-1-bottiglia-di-reboro-e-1-targhetta","status":"publish","type":"product","link":"https:\/\/pisonivini.it\/cs\/prodotto\/scatola-di-legno-1-bottiglia-di-reboro-e-1-targhetta\/","title":{"rendered":"Reb\u00f2ro in scatola di legno e regala 1 vigna &#8211; Annata 2021"},"content":{"rendered":"<p>La confezione contiene 1 bottiglia di Reb\u00f2ro e la possibilit\u00e0 di regalare a chi vuoi una vigna del nostro nuovo vigneto.<\/p>\n<p>Il nome del destinatario verr\u00e0 impresso su di una speciale targhetta metallica che rester\u00e0 appesa alla pianta per tutta la vita del vigneto: potr\u00e0 venire a vederla crescere, a conoscere le fasi di vendemmia e vinificazione, a seguire il processo di affinamento del Reb\u00f2ro. Sar\u00e0 parte di una comunit\u00e0 di amici del Reboro e della nostra famiglia!<\/p>\n<p><strong>Specifica il nome da imprimere sulla targhetta nel campo &#8222;Note sull&#8217;ordine&#8220; al momento di inserire i tuoi dati per la spedizione.<\/strong><\/p>\n<p><a href=\"https:\/\/www.pisonivini.it\/your-vine-your-wine-il-sogno-si-e-realizzato\/\">Scopri di pi\u00f9 sul progetto Your vine, your wine<\/a><\/p>\n","protected":false},"excerpt":{"rendered":"<p>La confezione contiene 1 bottiglia di Reb\u00f2ro e la possibilit\u00e0 di regalare a chi vuoi una vigna del nostro nuovo vigneto. Il nome del destinatario verr\u00e0 impresso su di una speciale targhetta metallica che rester\u00e0 appesa alla pianta per tutta la vita del vigneto: potr\u00e0 venire a vederla crescere, a conoscere le fasi di vendemmia [&hellip;]<\/p>\n","protected":false},"featured_media":3879,"template":"","meta":[],"product_brand":[],"product_cat":[199],"product_tag":[],"class_list":{"0":"post-3874","1":"product","2":"type-product","3":"status-publish","4":"has-post-thumbnail","6":"product_cat-confezioni-regalo-cs","7":"odd","9":"first","10":"instock","11":"shipping-taxable","12":"purchasable","13":"product-type-simple"},"aioseo_notices":[],"_links":{"self":[{"href":"https:\/\/pisonivini.it\/cs\/wp-json\/wp\/v2\/product\/3874","targetHints":{"allow":["GET"]}}],"collection":[{"href":"https:\/\/pisonivini.it\/cs\/wp-json\/wp\/v2\/product"}],"about":[{"href":"https:\/\/pisonivini.it\/cs\/wp-json\/wp\/v2\/types\/product"}],"wp:featuredmedia":[{"embeddable":true,"href":"https:\/\/pisonivini.it\/cs\/wp-json\/wp\/v2\/media\/3879"}],"wp:attachment":[{"href":"https:\/\/pisonivini.it\/cs\/wp-json\/wp\/v2\/media?parent=3874"}],"wp:term":[{"taxonomy":"product_brand","embeddable":true,"href":"https:\/\/pisonivini.it\/cs\/wp-json\/wp\/v2\/product_brand?post=3874"},{"taxonomy":"product_cat","embeddable":true,"href":"https:\/\/pisonivini.it\/cs\/wp-json\/wp\/v2\/product_cat?post=3874"},{"taxonomy":"product_tag","embeddable":true,"href":"https:\/\/pisonivini.it\/cs\/wp-json\/wp\/v2\/product_tag?post=3874"}],"curies":[{"name":"wp","href":"https:\/\/api.w.org\/{rel}","templated":true}]}}