{"id":3883,"date":"2020-09-17T08:29:32","date_gmt":"2020-09-17T08:29:32","guid":{"rendered":"https:\/\/www.pisonivini.it\/prodotto\/vino-santo-collezione-1977-1996\/"},"modified":"2021-01-14T16:44:14","modified_gmt":"2021-01-14T16:44:14","slug":"vino-santo-vyber-1977-1996","status":"publish","type":"product","link":"https:\/\/pisonivini.it\/cs\/prodotto\/vino-santo-vyber-1977-1996\/","title":{"rendered":"Vino Santo v\u00fdb\u011br 1977\/1996"},"content":{"rendered":"<p>Vino Santo z\u00a0\u00fadol\u00ed Valle dei Laghi m\u00e1 d\u00e1vnou historii, kter\u00e1 vypr\u00e1v\u00ed o kraji, v\u00a0n\u011bm\u017e se p\u0159\u00edrodn\u00ed podm\u00ednky a kulturn\u00ed tradice prol\u00ednaj\u00ed a vytv\u00e1\u0159ej\u00ed v\u00edno, na sv\u011bt\u011b ojedin\u011bl\u00e9, vyroben\u00e9 z\u00a0nejlep\u0161\u00edch hrozn\u016f odr\u016fdy Nosiola, ule\u017eel\u00fdch pomalu na m\u0159\u00ed\u017ek\u00e1ch, kter\u00fdm se \u0159\u00edk\u00e1 \u201earele\u201c, a\u017e do jara, a lisovan\u00fdch b\u011bhem velikono\u010dn\u00edho Svat\u00e9ho t\u00fddne.<br \/>\nNa\u0161e rodina ct\u00ed tuto tradici. Na za\u010d\u00e1tku roku 2018 jsme sto\u010dili do lahv\u00ed dvacet ro\u010dn\u00edk\u016f v\u00edna Vino Santo, kter\u00e9 zr\u00e1lo v\u00a0sudech dvacet a\u017e \u010dty\u0159icet let.<br \/>\nZ\u00a0ka\u017ed\u00e9ho ro\u010dn\u00edku od roku 1977 do roku 1996 se na trh dostalo 100 lahv\u00ed: velmi omezen\u00fd v\u00fdb\u011br, ve sv\u00e9 kategorii jedine\u010dn\u00fd, kter\u00fd ukazuje, jak velk\u00fd je v\u00fdvojov\u00fd potenci\u00e1l tohoto sladk\u00e9ho v\u00edna, zrozen\u00e9ho na \u00fapat\u00ed tridentsk\u00fdch hor, v\u00a0submediter\u00e1nn\u00edm klimatu \u00fadol\u00ed Valle dei Laghi.<\/p>\n","protected":false},"excerpt":{"rendered":"<p>Vino Santo z\u00a0\u00fadol\u00ed Valle dei Laghi m\u00e1 d\u00e1vnou historii, kter\u00e1 vypr\u00e1v\u00ed o kraji, v\u00a0n\u011bm\u017e se p\u0159\u00edrodn\u00ed podm\u00ednky a kulturn\u00ed tradice prol\u00ednaj\u00ed a vytv\u00e1\u0159ej\u00ed v\u00edno, na sv\u011bt\u011b ojedin\u011bl\u00e9, vyroben\u00e9 z\u00a0nejlep\u0161\u00edch hrozn\u016f odr\u016fdy Nosiola, ule\u017eel\u00fdch pomalu na m\u0159\u00ed\u017ek\u00e1ch, kter\u00fdm se \u0159\u00edk\u00e1 \u201earele\u201c, a\u017e do jara, a lisovan\u00fdch b\u011bhem velikono\u010dn\u00edho Svat\u00e9ho t\u00fddne. Na\u0161e rodina ct\u00ed tuto tradici. Na [&hellip;]<\/p>\n","protected":false},"featured_media":3884,"template":"","meta":[],"product_brand":[],"product_cat":[200],"product_tag":[],"class_list":{"0":"post-3883","1":"product","2":"type-product","3":"status-publish","4":"has-post-thumbnail","6":"product_cat-vino-santo-cs","7":"odd","9":"first","10":"instock","11":"shipping-taxable","12":"purchasable","13":"product-type-variable"},"aioseo_notices":[],"_links":{"self":[{"href":"https:\/\/pisonivini.it\/cs\/wp-json\/wp\/v2\/product\/3883","targetHints":{"allow":["GET"]}}],"collection":[{"href":"https:\/\/pisonivini.it\/cs\/wp-json\/wp\/v2\/product"}],"about":[{"href":"https:\/\/pisonivini.it\/cs\/wp-json\/wp\/v2\/types\/product"}],"wp:featuredmedia":[{"embeddable":true,"href":"https:\/\/pisonivini.it\/cs\/wp-json\/wp\/v2\/media\/3884"}],"wp:attachment":[{"href":"https:\/\/pisonivini.it\/cs\/wp-json\/wp\/v2\/media?parent=3883"}],"wp:term":[{"taxonomy":"product_brand","embeddable":true,"href":"https:\/\/pisonivini.it\/cs\/wp-json\/wp\/v2\/product_brand?post=3883"},{"taxonomy":"product_cat","embeddable":true,"href":"https:\/\/pisonivini.it\/cs\/wp-json\/wp\/v2\/product_cat?post=3883"},{"taxonomy":"product_tag","embeddable":true,"href":"https:\/\/pisonivini.it\/cs\/wp-json\/wp\/v2\/product_tag?post=3883"}],"curies":[{"name":"wp","href":"https:\/\/api.w.org\/{rel}","templated":true}]}}