{"id":3910,"date":"2020-09-17T08:29:29","date_gmt":"2020-09-17T08:29:29","guid":{"rendered":"https:\/\/www.pisonivini.it\/prodotto\/teroldego\/"},"modified":"2021-02-24T14:36:05","modified_gmt":"2021-02-24T14:36:05","slug":"teroldego","status":"publish","type":"product","link":"https:\/\/pisonivini.it\/cs\/prodotto\/teroldego\/","title":{"rendered":"Teroldego"},"content":{"rendered":"<p>Toto v\u00edno je typick\u00e9 pro oblast Tridentska na severu It\u00e1lie. Za Rakouska -Uherska bylo zn\u00e1m\u00e9 pod jm\u00e9nem Tiroldego, tedy Tyrolsk\u00e9 v\u00edno. Odr\u016fda se dob\u0159e hod\u00ed na pozemky vina\u0159stv\u00ed Pisoni na p\u00eds\u010dito-j\u00edlovit\u00fdch z\u00e1plavov\u00fdch planin\u00e1ch \u0159eky Sarca. Vznik\u00e1 z\u00a0n\u00ed speci\u00e1ln\u00ed v\u00edno, kter\u00e9 vina\u0159i nech\u00e1vaj\u00ed zr\u00e1t ve sklep\u011b, ale kter\u00e9 se m\u016f\u017ee d\u00e1l vyv\u00edjet tak\u00e9 v\u00a0l\u00e1hvi.\u2028Teroldego se dob\u0159e hod\u00ed k\u00a0\u010deven\u00e9mu masu a v\u0161eobecn\u011b k\u00a0druh\u00fdm chod\u016fm.<\/p>\n<table class=\"wines\">\n<tbody>\n<tr>\n<td><strong>Hrozny<\/strong><\/td>\n<td>100% Teroldego<\/td>\n<\/tr>\n<tr>\n<td><strong>Zpracov\u00e1n\u00ed<\/strong><\/td>\n<td>12 m\u011bs\u00edc\u016f v sudech barrique<\/td>\n<\/tr>\n<tr>\n<td><strong>Zr\u00e1n\u00ed v l\u00e1hvi<\/strong><\/td>\n<td>6 m\u011bs\u00edc\u016f<\/td>\n<\/tr>\n<tr>\n<td><strong>Barva<\/strong><\/td>\n<td>rub\u00ednov\u011b \u010derven\u00e1<\/td>\n<\/tr>\n<tr>\n<td><strong>V\u016fn\u011b<\/strong><\/td>\n<td>kv\u011btinov\u00e1, hebk\u00e1<\/td>\n<\/tr>\n<tr>\n<td><strong>Chu\u0165<\/strong><\/td>\n<td>v\u00fdrazn\u00e1, jemn\u00e1, kulat\u00e1 s\u00a0p\u0159im\u011b\u0159enou trpkost\u00ed<\/td>\n<\/tr>\n<\/tbody>\n<\/table>\n<p>&nbsp;<\/p>\n<p><a title=\"Karta\" href=\"\/wp-content\/uploads\/2020\/12\/teroldego-scheda-tecnica-data-sheet-pisoni-vini.pdf\" target=\"_blank\" rel=\"noopener noreferrer\">Karta<\/a><\/p>\n","protected":false},"excerpt":{"rendered":"<p>Toto v\u00edno je typick\u00e9 pro oblast Tridentska na severu It\u00e1lie. Za Rakouska -Uherska bylo zn\u00e1m\u00e9 pod jm\u00e9nem Tiroldego, tedy Tyrolsk\u00e9 v\u00edno. Odr\u016fda se dob\u0159e hod\u00ed na pozemky vina\u0159stv\u00ed Pisoni na p\u00eds\u010dito-j\u00edlovit\u00fdch z\u00e1plavov\u00fdch planin\u00e1ch \u0159eky Sarca. Vznik\u00e1 z\u00a0n\u00ed speci\u00e1ln\u00ed v\u00edno, kter\u00e9 vina\u0159i nech\u00e1vaj\u00ed zr\u00e1t ve sklep\u011b, ale kter\u00e9 se m\u016f\u017ee d\u00e1l vyv\u00edjet tak\u00e9 v\u00a0l\u00e1hvi.\u2028Teroldego se dob\u0159e [&hellip;]<\/p>\n","protected":false},"featured_media":13908,"template":"","meta":[],"product_brand":[],"product_cat":[223],"product_tag":[],"class_list":{"0":"post-3910","1":"product","2":"type-product","3":"status-publish","4":"has-post-thumbnail","6":"product_cat-cervena-vina","7":"odd","9":"first","10":"instock","11":"shipping-taxable","12":"purchasable","13":"product-type-simple"},"aioseo_notices":[],"_links":{"self":[{"href":"https:\/\/pisonivini.it\/cs\/wp-json\/wp\/v2\/product\/3910","targetHints":{"allow":["GET"]}}],"collection":[{"href":"https:\/\/pisonivini.it\/cs\/wp-json\/wp\/v2\/product"}],"about":[{"href":"https:\/\/pisonivini.it\/cs\/wp-json\/wp\/v2\/types\/product"}],"wp:featuredmedia":[{"embeddable":true,"href":"https:\/\/pisonivini.it\/cs\/wp-json\/wp\/v2\/media\/13908"}],"wp:attachment":[{"href":"https:\/\/pisonivini.it\/cs\/wp-json\/wp\/v2\/media?parent=3910"}],"wp:term":[{"taxonomy":"product_brand","embeddable":true,"href":"https:\/\/pisonivini.it\/cs\/wp-json\/wp\/v2\/product_brand?post=3910"},{"taxonomy":"product_cat","embeddable":true,"href":"https:\/\/pisonivini.it\/cs\/wp-json\/wp\/v2\/product_cat?post=3910"},{"taxonomy":"product_tag","embeddable":true,"href":"https:\/\/pisonivini.it\/cs\/wp-json\/wp\/v2\/product_tag?post=3910"}],"curies":[{"name":"wp","href":"https:\/\/api.w.org\/{rel}","templated":true}]}}