{"id":3912,"date":"2020-09-17T08:29:29","date_gmt":"2020-09-17T08:29:29","guid":{"rendered":"https:\/\/www.pisonivini.it\/prodotto\/siero-viso\/"},"modified":"2021-02-24T14:10:58","modified_gmt":"2021-02-24T14:10:58","slug":"serum","status":"publish","type":"product","link":"https:\/\/pisonivini.it\/cs\/prodotto\/serum\/","title":{"rendered":"Serum"},"content":{"rendered":"<p class=\"p1\">Zpev\u0148uj\u00edc\u00ed s\u00e9rum m\u00e1 jemnou v\u016fni a p\u016fsob\u00ed proti st\u00e1rnut\u00ed prost\u0159ednictv\u00edm polyfenol\u016f, kter\u00e9 obsahuj\u00ed sem\u00ednka \u010derven\u00e9 r\u00e9vy Rebo, a d\u00edky squalenu, obsa\u017een\u00e9mu v\u00a0extrapanensk\u00e9m olivov\u00e9m oleji od jezera Garda. Hydratuje, vyhlazuje vr\u00e1sky a tonizuje, ple\u0165 je po n\u011bm mlad\u0161\u00ed a z\u00e1\u0159iv\u011bj\u0161\u00ed. Vhodn\u00e9 pro v\u0161echny druhy pleti a ka\u017ed\u00fd v\u011bk. Aplikuje se r\u00e1no a ve\u010der na obli\u010dej, krom\u011b o\u010dn\u00edho okol\u00ed, a krk.<\/p>\n<p class=\"p1\">Dermatologicky testov\u00e1no.<\/p>\n","protected":false},"excerpt":{"rendered":"<p>Zpev\u0148uj\u00edc\u00ed s\u00e9rum m\u00e1 jemnou v\u016fni a p\u016fsob\u00ed proti st\u00e1rnut\u00ed prost\u0159ednictv\u00edm polyfenol\u016f, kter\u00e9 obsahuj\u00ed sem\u00ednka \u010derven\u00e9 r\u00e9vy Rebo, a d\u00edky squalenu, obsa\u017een\u00e9mu v\u00a0extrapanensk\u00e9m olivov\u00e9m oleji od jezera Garda. Hydratuje, vyhlazuje vr\u00e1sky a tonizuje, ple\u0165 je po n\u011bm mlad\u0161\u00ed a z\u00e1\u0159iv\u011bj\u0161\u00ed. Vhodn\u00e9 pro v\u0161echny druhy pleti a ka\u017ed\u00fd v\u011bk. Aplikuje se r\u00e1no a ve\u010der na obli\u010dej, krom\u011b [&hellip;]<\/p>\n","protected":false},"featured_media":3913,"template":"","meta":[],"product_brand":[],"product_cat":[225],"product_tag":[],"class_list":{"0":"post-3912","1":"product","2":"type-product","3":"status-publish","4":"has-post-thumbnail","6":"product_cat-kosmetika","7":"odd","9":"first","10":"instock","11":"shipping-taxable","12":"purchasable","13":"product-type-simple"},"aioseo_notices":[],"_links":{"self":[{"href":"https:\/\/pisonivini.it\/cs\/wp-json\/wp\/v2\/product\/3912","targetHints":{"allow":["GET"]}}],"collection":[{"href":"https:\/\/pisonivini.it\/cs\/wp-json\/wp\/v2\/product"}],"about":[{"href":"https:\/\/pisonivini.it\/cs\/wp-json\/wp\/v2\/types\/product"}],"wp:featuredmedia":[{"embeddable":true,"href":"https:\/\/pisonivini.it\/cs\/wp-json\/wp\/v2\/media\/3913"}],"wp:attachment":[{"href":"https:\/\/pisonivini.it\/cs\/wp-json\/wp\/v2\/media?parent=3912"}],"wp:term":[{"taxonomy":"product_brand","embeddable":true,"href":"https:\/\/pisonivini.it\/cs\/wp-json\/wp\/v2\/product_brand?post=3912"},{"taxonomy":"product_cat","embeddable":true,"href":"https:\/\/pisonivini.it\/cs\/wp-json\/wp\/v2\/product_cat?post=3912"},{"taxonomy":"product_tag","embeddable":true,"href":"https:\/\/pisonivini.it\/cs\/wp-json\/wp\/v2\/product_tag?post=3912"}],"curies":[{"name":"wp","href":"https:\/\/api.w.org\/{rel}","templated":true}]}}