{"id":3914,"date":"2020-09-17T08:29:29","date_gmt":"2020-09-17T08:29:29","guid":{"rendered":"https:\/\/www.pisonivini.it\/prodotto\/sarica-rosso\/"},"modified":"2021-02-24T14:38:55","modified_gmt":"2021-02-24T14:38:55","slug":"sarica-rosso","status":"publish","type":"product","link":"https:\/\/pisonivini.it\/cs\/prodotto\/sarica-rosso\/","title":{"rendered":"Sarica Rosso"},"content":{"rendered":"<p>Exkluz\u00edvn\u00ed v\u00edno, kter\u00e9 Marco a Stefano Pisoni vytvo\u0159ili v\u00a0roce 1994 z\u00a0hrozn\u016f odr\u016fd Syrah a Pinot Nero, je\u017e na kopc\u00edch kolem Pergolese nach\u00e1zej\u00ed ide\u00e1ln\u00ed m\u00edsto k\u00a0\u017eivotu. Rostliny pro v\u00fdrobu tohoto v\u00edna maj\u00ed vyhrazen\u00e9 nejlep\u0161\u00ed \u010d\u00e1sti vinic, kde nejl\u00e9pe sv\u00edt\u00ed slunce. Hrozny tak z\u00edsk\u00e1vaj\u00ed maximum barvy, buketu i extraktu.<br \/>\nO toto v\u00edno se star\u00e1me pozorn\u011b, pe\u010dliv\u011b, nep\u0159etr\u017eit\u011b, t\u00e9m\u011b\u0159 jako o mal\u00e9 d\u00edt\u011b. Proto Marco a Stefano Pisoni pojmenovali sv\u00e9 nov\u00e9 cuv\u00e9e \u201eSarica\u201c. Je to slo\u017eenina prvn\u00edch slabik jmen jejich prvorozen\u00fdch dcer: Sara a Federica.<\/p>\n<table class=\"wines\">\n<tbody>\n<tr>\n<td><strong>Hrozny<\/strong><\/td>\n<td>80% Syrah, 20% Pinot Nero<\/td>\n<\/tr>\n<tr>\n<td><strong>Zpracov\u00e1n\u00ed<\/strong><\/td>\n<td>18 m\u011bs\u00edc\u016f v\u00a0sudech barrique<\/td>\n<\/tr>\n<tr>\n<td><strong>Zr\u00e1n\u00ed v l\u00e1hvi<\/strong><\/td>\n<td>12 m\u011bs\u00edc\u016f<\/td>\n<\/tr>\n<tr>\n<td><strong>Barva<\/strong><\/td>\n<td>intenz\u00edvn\u00ed \u010derven\u00e1, nafialov\u011bl\u00e9 odlesky<\/td>\n<\/tr>\n<tr>\n<td><strong>V\u016fn\u011b<\/strong><\/td>\n<td>intenz\u00edvn\u00ed, hebk\u00e1, ko\u0159en\u011bno-kv\u011btinov\u00e1<\/td>\n<\/tr>\n<tr>\n<td><strong>Chu\u0165<\/strong><\/td>\n<td>t\u0159e\u0161e\u0148 a vi\u0161e\u0148, s\u00a0n\u00e1dechem vanilky<\/td>\n<\/tr>\n<\/tbody>\n<\/table>\n<p>&nbsp;<\/p>\n<p><a title=\"Karta\" href=\"\/wp-content\/uploads\/2020\/12\/sarica-rosso-scheda-tecnica-data-sheet-pisoni-vini.pdf\" target=\"_blank\" rel=\"noopener noreferrer\">Karta<\/a><\/p>\n","protected":false},"excerpt":{"rendered":"<p>Exkluz\u00edvn\u00ed v\u00edno, kter\u00e9 Marco a Stefano Pisoni vytvo\u0159ili v\u00a0roce 1994 z\u00a0hrozn\u016f odr\u016fd Syrah a Pinot Nero, je\u017e na kopc\u00edch kolem Pergolese nach\u00e1zej\u00ed ide\u00e1ln\u00ed m\u00edsto k\u00a0\u017eivotu. Rostliny pro v\u00fdrobu tohoto v\u00edna maj\u00ed vyhrazen\u00e9 nejlep\u0161\u00ed \u010d\u00e1sti vinic, kde nejl\u00e9pe sv\u00edt\u00ed slunce. Hrozny tak z\u00edsk\u00e1vaj\u00ed maximum barvy, buketu i extraktu. O toto v\u00edno se star\u00e1me pozorn\u011b, pe\u010dliv\u011b, nep\u0159etr\u017eit\u011b, [&hellip;]<\/p>\n","protected":false},"featured_media":15125,"template":"","meta":[],"product_brand":[],"product_cat":[223],"product_tag":[],"class_list":{"0":"post-3914","1":"product","2":"type-product","3":"status-publish","4":"has-post-thumbnail","6":"product_cat-cervena-vina","7":"odd","9":"first","10":"instock","11":"shipping-taxable","12":"purchasable","13":"product-type-simple"},"aioseo_notices":[],"_links":{"self":[{"href":"https:\/\/pisonivini.it\/cs\/wp-json\/wp\/v2\/product\/3914","targetHints":{"allow":["GET"]}}],"collection":[{"href":"https:\/\/pisonivini.it\/cs\/wp-json\/wp\/v2\/product"}],"about":[{"href":"https:\/\/pisonivini.it\/cs\/wp-json\/wp\/v2\/types\/product"}],"wp:featuredmedia":[{"embeddable":true,"href":"https:\/\/pisonivini.it\/cs\/wp-json\/wp\/v2\/media\/15125"}],"wp:attachment":[{"href":"https:\/\/pisonivini.it\/cs\/wp-json\/wp\/v2\/media?parent=3914"}],"wp:term":[{"taxonomy":"product_brand","embeddable":true,"href":"https:\/\/pisonivini.it\/cs\/wp-json\/wp\/v2\/product_brand?post=3914"},{"taxonomy":"product_cat","embeddable":true,"href":"https:\/\/pisonivini.it\/cs\/wp-json\/wp\/v2\/product_cat?post=3914"},{"taxonomy":"product_tag","embeddable":true,"href":"https:\/\/pisonivini.it\/cs\/wp-json\/wp\/v2\/product_tag?post=3914"}],"curies":[{"name":"wp","href":"https:\/\/api.w.org\/{rel}","templated":true}]}}