{"id":3916,"date":"2020-09-17T08:29:29","date_gmt":"2020-09-17T08:29:29","guid":{"rendered":"https:\/\/www.pisonivini.it\/prodotto\/san-siro-rosso\/"},"modified":"2021-02-24T14:56:39","modified_gmt":"2021-02-24T14:56:39","slug":"san-siro-rosso","status":"publish","type":"product","link":"https:\/\/pisonivini.it\/cs\/prodotto\/san-siro-rosso\/","title":{"rendered":"San Siro Rosso"},"content":{"rendered":"<p>Exkluz\u00edvn\u00ed v\u00edno vina\u0159stv\u00ed Azienda Vitivinicola Pisoni je pojmenovan\u00e9 podle mal\u00e9ho pozemku na kopci San Siro, soused\u00edc\u00edho se sklepy, kousek od stejnojmenn\u00e9ho rom\u00e1nsk\u00e9ho kostel\u00edku.<br \/>\nToto v\u00edno vzniklo na za\u010d\u00e1tku minul\u00e9ho stolet\u00ed a je v\u00fdsledkem pr\u00e1ce a zku\u0161enost\u00ed r\u016fzn\u00fdch \u010dlen\u016f rodiny Pisoni, absolvent\u016f institutu Istituto Agrario di San Michele all\u2019Adige, odborn\u00edk\u016f nejen na p\u00e9\u010di o vinice, ale stejn\u011b tak na hled\u00e1n\u00ed nov\u00fdch odr\u016fd, nov\u00fdch kombinac\u00ed hrozn\u016f a tak d\u00e1le.<br \/>\nToto rafinovan\u00e9 v\u00edno se skl\u00e1d\u00e1 z\u00a0hrozn\u016f Merlot a Cabernet Sauvignon, kter\u00e9 se p\u011bstuj\u00ed ve v\u00fd\u0161ce 250 metr\u016f nad mo\u0159em.<\/p>\n<table class=\"wines\">\n<tbody>\n<tr>\n<td><strong>Hrozny<\/strong><\/td>\n<td>50% Cabernet Sauvignon, 50% Merlot<\/td>\n<\/tr>\n<tr>\n<td><strong>Zpracov\u00e1n\u00ed<\/strong><\/td>\n<td>minim\u00e1ln\u011b 12 m\u011bs\u00edc\u016f v\u00a0d\u0159ev\u011bn\u00e9m sudu<\/td>\n<\/tr>\n<tr>\n<td><strong>Zr\u00e1n\u00ed v l\u00e1hvi<\/strong><\/td>\n<td>6 m\u011bs\u00edc\u016f<\/td>\n<\/tr>\n<tr>\n<td><strong>Barva<\/strong><\/td>\n<td>rub\u00ednov\u011b \u010derven\u00e1<\/td>\n<\/tr>\n<tr>\n<td><strong>V\u016fn\u011b<\/strong><\/td>\n<td>kv\u011btinov\u00e1, hebk\u00e1<\/td>\n<\/tr>\n<tr>\n<td><strong>Chu\u0165<\/strong><\/td>\n<td>chu\u0165 v\u00fdrazn\u00e1, jemn\u00e1, kulat\u00e1<\/td>\n<\/tr>\n<\/tbody>\n<\/table>\n<p>&nbsp;<\/p>\n<p><a title=\"Karta\" href=\"\/wp-content\/uploads\/2020\/12\/san-siro-rosso-scheda-tecnica-data-sheet-pisoni-vini.pdf\" target=\"_blank\" rel=\"noopener noreferrer\">Karta<\/a><\/p>\n","protected":false},"excerpt":{"rendered":"<p>Exkluz\u00edvn\u00ed v\u00edno vina\u0159stv\u00ed Azienda Vitivinicola Pisoni je pojmenovan\u00e9 podle mal\u00e9ho pozemku na kopci San Siro, soused\u00edc\u00edho se sklepy, kousek od stejnojmenn\u00e9ho rom\u00e1nsk\u00e9ho kostel\u00edku. Toto v\u00edno vzniklo na za\u010d\u00e1tku minul\u00e9ho stolet\u00ed a je v\u00fdsledkem pr\u00e1ce a zku\u0161enost\u00ed r\u016fzn\u00fdch \u010dlen\u016f rodiny Pisoni, absolvent\u016f institutu Istituto Agrario di San Michele all\u2019Adige, odborn\u00edk\u016f nejen na p\u00e9\u010di o vinice, ale [&hellip;]<\/p>\n","protected":false},"featured_media":15202,"template":"","meta":[],"product_brand":[],"product_cat":[223],"product_tag":[],"class_list":{"0":"post-3916","1":"product","2":"type-product","3":"status-publish","4":"has-post-thumbnail","6":"product_cat-cervena-vina","7":"odd","9":"first","10":"instock","11":"shipping-taxable","12":"purchasable","13":"product-type-simple"},"aioseo_notices":[],"_links":{"self":[{"href":"https:\/\/pisonivini.it\/cs\/wp-json\/wp\/v2\/product\/3916","targetHints":{"allow":["GET"]}}],"collection":[{"href":"https:\/\/pisonivini.it\/cs\/wp-json\/wp\/v2\/product"}],"about":[{"href":"https:\/\/pisonivini.it\/cs\/wp-json\/wp\/v2\/types\/product"}],"wp:featuredmedia":[{"embeddable":true,"href":"https:\/\/pisonivini.it\/cs\/wp-json\/wp\/v2\/media\/15202"}],"wp:attachment":[{"href":"https:\/\/pisonivini.it\/cs\/wp-json\/wp\/v2\/media?parent=3916"}],"wp:term":[{"taxonomy":"product_brand","embeddable":true,"href":"https:\/\/pisonivini.it\/cs\/wp-json\/wp\/v2\/product_brand?post=3916"},{"taxonomy":"product_cat","embeddable":true,"href":"https:\/\/pisonivini.it\/cs\/wp-json\/wp\/v2\/product_cat?post=3916"},{"taxonomy":"product_tag","embeddable":true,"href":"https:\/\/pisonivini.it\/cs\/wp-json\/wp\/v2\/product_tag?post=3916"}],"curies":[{"name":"wp","href":"https:\/\/api.w.org\/{rel}","templated":true}]}}