{"id":3918,"date":"2020-09-17T08:29:29","date_gmt":"2020-09-17T08:29:29","guid":{"rendered":"https:\/\/www.pisonivini.it\/prodotto\/san-siro-bianco\/"},"modified":"2021-02-24T14:40:36","modified_gmt":"2021-02-24T14:40:36","slug":"san-siro-bianco","status":"publish","type":"product","link":"https:\/\/pisonivini.it\/cs\/prodotto\/san-siro-bianco\/","title":{"rendered":"San Siro Bianco"},"content":{"rendered":"<p>Na\u0161e spole\u010dnost u\u017e po generace p\u011bstuje tuto skv\u011blou r\u00e9vu s v\u00fdte\u010dn\u00fdmi hrozny na vini\u010dk\u00e1ch ve 450 metrech nad mo\u0159em, na kopci San Siro, v okol\u00ed stejnojmenn\u00e9ho rom\u00e1nsk\u00e9ho kostel\u00edka. Je to tak zvl\u00e1\u0161tn\u00ed a ope\u010dov\u00e1van\u00e9 v\u00edno, \u017ee jej 23. \u010dervence 1930 tridentsk\u00e9 biskupstv\u00ed uznalo za \u201eme\u0161n\u00ed v\u00edno\u201c, tedy \u201e\u010dist\u00e9 v\u00edno pro slaven\u00ed Nejsv\u011bt\u011bj\u0161\u00ed ob\u011bti\u201c. V tradici jeho v\u00fdroby pokra\u010dujeme. Toto zvl\u00e1\u0161tn\u00ed v\u00edno je vyv\u00e1\u017een\u00e9, charakteristicky jemn\u00e9, m\u00e1 um\u00edrn\u011bn\u00fd obsah alkoholu.<\/p>\n<table class=\"wines\">\n<tbody>\n<tr>\n<td><strong>Hrozny<\/strong><\/td>\n<td>50% Chardonnay, 50% Pinot Bianco<\/td>\n<\/tr>\n<tr>\n<td><strong>Zpracov\u00e1n\u00ed<\/strong><\/td>\n<td>3-4 m\u011bs\u00edce v oceli<\/td>\n<\/tr>\n<tr>\n<td><strong>Zr\u00e1n\u00ed v l\u00e1hvi<\/strong><\/td>\n<td>2-3 m\u011bs\u00edce<\/td>\n<\/tr>\n<tr>\n<td><strong>Barva<\/strong><\/td>\n<td>sv\u011btle \u017elut\u00e1, sl\u00e1mov\u00e1<\/td>\n<\/tr>\n<tr>\n<td><strong>V\u016fn\u011b<\/strong><\/td>\n<td>ovocn\u00e1, jablko golden<\/td>\n<\/tr>\n<tr>\n<td><strong>Chu\u0165<\/strong><\/td>\n<td>jemn\u00e1, sv\u011b\u017e\u00ed a ovocn\u00e1, zral\u00e9 jablko<\/td>\n<\/tr>\n<\/tbody>\n<\/table>\n<p><a title=\"Karta\" href=\"\/wp-content\/uploads\/2020\/12\/san-siro-bianco-scheda-tecnica-data-sheet-pisoni-vini.pdf\" target=\"_blank\" rel=\"noopener noreferrer\"><br \/>\nKarta<br \/>\n<\/a><\/p>\n","protected":false},"excerpt":{"rendered":"<p>Na\u0161e spole\u010dnost u\u017e po generace p\u011bstuje tuto skv\u011blou r\u00e9vu s v\u00fdte\u010dn\u00fdmi hrozny na vini\u010dk\u00e1ch ve 450 metrech nad mo\u0159em, na kopci San Siro, v okol\u00ed stejnojmenn\u00e9ho rom\u00e1nsk\u00e9ho kostel\u00edka. Je to tak zvl\u00e1\u0161tn\u00ed a ope\u010dov\u00e1van\u00e9 v\u00edno, \u017ee jej 23. \u010dervence 1930 tridentsk\u00e9 biskupstv\u00ed uznalo za \u201eme\u0161n\u00ed v\u00edno\u201c, tedy \u201e\u010dist\u00e9 v\u00edno pro slaven\u00ed Nejsv\u011bt\u011bj\u0161\u00ed ob\u011bti\u201c. V tradici [&hellip;]<\/p>\n","protected":false},"featured_media":14212,"template":"","meta":[],"product_brand":[],"product_cat":[227],"product_tag":[],"class_list":{"0":"post-3918","1":"product","2":"type-product","3":"status-publish","4":"has-post-thumbnail","6":"product_cat-bila-vina","7":"odd","9":"first","10":"instock","11":"shipping-taxable","12":"purchasable","13":"product-type-simple"},"aioseo_notices":[],"_links":{"self":[{"href":"https:\/\/pisonivini.it\/cs\/wp-json\/wp\/v2\/product\/3918","targetHints":{"allow":["GET"]}}],"collection":[{"href":"https:\/\/pisonivini.it\/cs\/wp-json\/wp\/v2\/product"}],"about":[{"href":"https:\/\/pisonivini.it\/cs\/wp-json\/wp\/v2\/types\/product"}],"wp:featuredmedia":[{"embeddable":true,"href":"https:\/\/pisonivini.it\/cs\/wp-json\/wp\/v2\/media\/14212"}],"wp:attachment":[{"href":"https:\/\/pisonivini.it\/cs\/wp-json\/wp\/v2\/media?parent=3918"}],"wp:term":[{"taxonomy":"product_brand","embeddable":true,"href":"https:\/\/pisonivini.it\/cs\/wp-json\/wp\/v2\/product_brand?post=3918"},{"taxonomy":"product_cat","embeddable":true,"href":"https:\/\/pisonivini.it\/cs\/wp-json\/wp\/v2\/product_cat?post=3918"},{"taxonomy":"product_tag","embeddable":true,"href":"https:\/\/pisonivini.it\/cs\/wp-json\/wp\/v2\/product_tag?post=3918"}],"curies":[{"name":"wp","href":"https:\/\/api.w.org\/{rel}","templated":true}]}}