{"id":3920,"date":"2020-09-17T08:29:29","date_gmt":"2020-09-17T08:29:29","guid":{"rendered":"https:\/\/www.pisonivini.it\/prodotto\/rosato\/"},"modified":"2021-02-24T14:40:47","modified_gmt":"2021-02-24T14:40:47","slug":"rose","status":"publish","type":"product","link":"https:\/\/pisonivini.it\/cs\/prodotto\/rose\/","title":{"rendered":"Ros\u00e9"},"content":{"rendered":"<p>Lehk\u00e9 v\u00edno vyroben\u00e9 z hrozn\u016f odr\u016fd Schiava Gentile a Merlot.<\/p>\n<p>Jemn\u00e9 a elegantn\u00ed, v\u00edno Rosato Vigneti delle Dolomiti se v\u00fdborn\u011b hod\u00ed ke v\u0161em p\u0159edkrm\u016fm a k druh\u00fdm chod\u016fm jemn\u00e9 chuti, masit\u00fdm nebo z ryb.<\/p>\n<table class=\"wines\">\n<tbody>\n<tr>\n<td><strong>Hrozny<\/strong><\/td>\n<td>90% Schiava, 10% Merlot<\/td>\n<\/tr>\n<tr>\n<td><strong>Zpracov\u00e1n\u00ed<\/strong><\/td>\n<td>3-4 m\u011bs\u00edce v oceli<\/td>\n<\/tr>\n<tr>\n<td><strong>Zr\u00e1n\u00ed v l\u00e1hvi<\/strong><\/td>\n<td>1-2 m\u011bs\u00edce<\/td>\n<\/tr>\n<tr>\n<td><strong>Barva<\/strong><\/td>\n<td>jasn\u00e1, k\u0159i\u0161\u0165\u00e1lov\u00e1 r\u016f\u017eov\u00e1<\/td>\n<\/tr>\n<tr>\n<td><strong>V\u016fn\u011b<\/strong><\/td>\n<td>lehce kv\u011btinov\u00e1<\/td>\n<\/tr>\n<tr>\n<td><strong>Chu\u0165<\/strong><\/td>\n<td>nakysl\u00e1, such\u00e1 a lehk\u00e1<\/td>\n<\/tr>\n<\/tbody>\n<\/table>\n<p><a title=\"Karta\" href=\"\/wp-content\/uploads\/2020\/12\/rosato-scheda-tecnica-data-sheet-pisoni-vini.pdf\" target=\"_blank\" rel=\"noopener noreferrer\"><br \/>\nKarta<br \/>\n<\/a><\/p>\n","protected":false},"excerpt":{"rendered":"<p>Lehk\u00e9 v\u00edno vyroben\u00e9 z hrozn\u016f odr\u016fd Schiava Gentile a Merlot. Jemn\u00e9 a elegantn\u00ed, v\u00edno Rosato Vigneti delle Dolomiti se v\u00fdborn\u011b hod\u00ed ke v\u0161em p\u0159edkrm\u016fm a k druh\u00fdm chod\u016fm jemn\u00e9 chuti, masit\u00fdm nebo z ryb. Hrozny 90% Schiava, 10% Merlot Zpracov\u00e1n\u00ed 3-4 m\u011bs\u00edce v oceli Zr\u00e1n\u00ed v l\u00e1hvi 1-2 m\u011bs\u00edce Barva jasn\u00e1, k\u0159i\u0161\u0165\u00e1lov\u00e1 r\u016f\u017eov\u00e1 V\u016fn\u011b lehce [&hellip;]<\/p>\n","protected":false},"featured_media":13904,"template":"","meta":[],"product_brand":[],"product_cat":[223],"product_tag":[],"class_list":{"0":"post-3920","1":"product","2":"type-product","3":"status-publish","4":"has-post-thumbnail","6":"product_cat-cervena-vina","7":"odd","9":"first","10":"instock","11":"shipping-taxable","12":"purchasable","13":"product-type-simple"},"aioseo_notices":[],"_links":{"self":[{"href":"https:\/\/pisonivini.it\/cs\/wp-json\/wp\/v2\/product\/3920","targetHints":{"allow":["GET"]}}],"collection":[{"href":"https:\/\/pisonivini.it\/cs\/wp-json\/wp\/v2\/product"}],"about":[{"href":"https:\/\/pisonivini.it\/cs\/wp-json\/wp\/v2\/types\/product"}],"wp:featuredmedia":[{"embeddable":true,"href":"https:\/\/pisonivini.it\/cs\/wp-json\/wp\/v2\/media\/13904"}],"wp:attachment":[{"href":"https:\/\/pisonivini.it\/cs\/wp-json\/wp\/v2\/media?parent=3920"}],"wp:term":[{"taxonomy":"product_brand","embeddable":true,"href":"https:\/\/pisonivini.it\/cs\/wp-json\/wp\/v2\/product_brand?post=3920"},{"taxonomy":"product_cat","embeddable":true,"href":"https:\/\/pisonivini.it\/cs\/wp-json\/wp\/v2\/product_cat?post=3920"},{"taxonomy":"product_tag","embeddable":true,"href":"https:\/\/pisonivini.it\/cs\/wp-json\/wp\/v2\/product_tag?post=3920"}],"curies":[{"name":"wp","href":"https:\/\/api.w.org\/{rel}","templated":true}]}}