{"id":3933,"date":"2020-09-17T08:29:26","date_gmt":"2020-09-17T08:29:26","guid":{"rendered":"https:\/\/www.pisonivini.it\/prodotto\/pinot-grigio\/"},"modified":"2021-02-24T14:41:25","modified_gmt":"2021-02-24T14:41:25","slug":"pinot-grigio","status":"publish","type":"product","link":"https:\/\/pisonivini.it\/cs\/prodotto\/pinot-grigio\/","title":{"rendered":"Pinot Grigio"},"content":{"rendered":"<p>Toto v\u00edno se vyr\u00e1b\u00ed z\u00a0hrozn\u016f Pinot Grigio, kter\u00e9 v\u00a0regionu Tridentska rozv\u00edjej\u00ed sv\u00e9 charakteristiky a eleganci nejl\u00e9pe. Ovocn\u00e1 v\u016fn\u011b s\u00a0n\u00e1dechem vanilky. Chu\u0165 je bohat\u00e1, such\u00e1 a p\u0159etrv\u00e1v\u00e1. Ide\u00e1ln\u00ed k\u00a0prvn\u00edm chod\u016fm, pol\u00e9vk\u00e1m nebo pokrm\u016fm z\u00a0ryb.<\/p>\n<table class=\"wines\">\n<tbody>\n<tr>\n<td><strong>Hrozny<\/strong><\/td>\n<td>100% Pinot Grigio<\/td>\n<\/tr>\n<tr>\n<td><strong>Zpracov\u00e1n\u00ed<\/strong><\/td>\n<td>4-5 m\u011bs\u00edc\u016f v oceli<\/td>\n<\/tr>\n<tr>\n<td><strong>Zr\u00e1n\u00ed v l\u00e1hvi<\/strong><\/td>\n<td>2-3 m\u011bs\u00edce<\/td>\n<\/tr>\n<tr>\n<td><strong>Barva<\/strong><\/td>\n<td>sl\u00e1mov\u011b \u017elut\u00e1<\/td>\n<\/tr>\n<tr>\n<td><strong>V\u016fn\u011b<\/strong><\/td>\n<td>ovocn\u00e1, n\u00e1dech vanilky<\/td>\n<\/tr>\n<tr>\n<td><strong>Chu\u0165<\/strong><\/td>\n<td>bohat\u00e1, such\u00e1, vytrval\u00e1<\/td>\n<\/tr>\n<\/tbody>\n<\/table>\n<p>&nbsp;<\/p>\n<p><a title=\"Karta\" href=\"\/wp-content\/uploads\/2020\/12\/pinot-grigio-scheda-tecnica-data-sheet-pisoni-vini.pdf\" target=\"_blank\" rel=\"noopener noreferrer\">Karta<\/a><\/p>\n","protected":false},"excerpt":{"rendered":"<p>Toto v\u00edno se vyr\u00e1b\u00ed z\u00a0hrozn\u016f Pinot Grigio, kter\u00e9 v\u00a0regionu Tridentska rozv\u00edjej\u00ed sv\u00e9 charakteristiky a eleganci nejl\u00e9pe. Ovocn\u00e1 v\u016fn\u011b s\u00a0n\u00e1dechem vanilky. Chu\u0165 je bohat\u00e1, such\u00e1 a p\u0159etrv\u00e1v\u00e1. Ide\u00e1ln\u00ed k\u00a0prvn\u00edm chod\u016fm, pol\u00e9vk\u00e1m nebo pokrm\u016fm z\u00a0ryb. Hrozny 100% Pinot Grigio Zpracov\u00e1n\u00ed 4-5 m\u011bs\u00edc\u016f v oceli Zr\u00e1n\u00ed v l\u00e1hvi 2-3 m\u011bs\u00edce Barva sl\u00e1mov\u011b \u017elut\u00e1 V\u016fn\u011b ovocn\u00e1, n\u00e1dech vanilky Chu\u0165 [&hellip;]<\/p>\n","protected":false},"featured_media":13912,"template":"","meta":[],"product_brand":[],"product_cat":[227],"product_tag":[],"class_list":{"0":"post-3933","1":"product","2":"type-product","3":"status-publish","4":"has-post-thumbnail","6":"product_cat-bila-vina","7":"odd","9":"first","10":"instock","11":"shipping-taxable","12":"purchasable","13":"product-type-simple"},"aioseo_notices":[],"_links":{"self":[{"href":"https:\/\/pisonivini.it\/cs\/wp-json\/wp\/v2\/product\/3933","targetHints":{"allow":["GET"]}}],"collection":[{"href":"https:\/\/pisonivini.it\/cs\/wp-json\/wp\/v2\/product"}],"about":[{"href":"https:\/\/pisonivini.it\/cs\/wp-json\/wp\/v2\/types\/product"}],"wp:featuredmedia":[{"embeddable":true,"href":"https:\/\/pisonivini.it\/cs\/wp-json\/wp\/v2\/media\/13912"}],"wp:attachment":[{"href":"https:\/\/pisonivini.it\/cs\/wp-json\/wp\/v2\/media?parent=3933"}],"wp:term":[{"taxonomy":"product_brand","embeddable":true,"href":"https:\/\/pisonivini.it\/cs\/wp-json\/wp\/v2\/product_brand?post=3933"},{"taxonomy":"product_cat","embeddable":true,"href":"https:\/\/pisonivini.it\/cs\/wp-json\/wp\/v2\/product_cat?post=3933"},{"taxonomy":"product_tag","embeddable":true,"href":"https:\/\/pisonivini.it\/cs\/wp-json\/wp\/v2\/product_tag?post=3933"}],"curies":[{"name":"wp","href":"https:\/\/api.w.org\/{rel}","templated":true}]}}