{"id":3935,"date":"2020-09-17T08:29:26","date_gmt":"2020-09-17T08:29:26","guid":{"rendered":"https:\/\/www.pisonivini.it\/prodotto\/pinot-nero\/"},"modified":"2021-02-24T14:41:39","modified_gmt":"2021-02-24T14:41:39","slug":"pinot-nero","status":"publish","type":"product","link":"https:\/\/pisonivini.it\/cs\/prodotto\/pinot-nero\/","title":{"rendered":"Pinot Nero"},"content":{"rendered":"<p>Vz\u00e1cn\u00e1 a m\u00e1lo se vyskytuj\u00edc\u00ed odr\u016fda z\u00a0Burgundska na\u0161la v\u00a0tridentsk\u00e9m kraji vina\u0159e a p\u011bstitele, kte\u0159\u00ed d\u00edky pe\u010dliv\u00e9 v\u00fdkumn\u00e9 pr\u00e1ci b\u011bhem stalet\u00ed vytvo\u0159ili typickou odr\u016fdu v\u00fdte\u010dn\u00e9 kvality s\u00a0n\u00edzk\u00fdm v\u00fdnosem.<br \/>\nRodina Pisoni byla jednou z\u00a0nich a d\u00edky promy\u0161len\u00e9 snaze o p\u011bstov\u00e1n\u00ed za \u00fa\u010delem zv\u00fdrazn\u011bn\u00ed charakteristik jednotliv\u00fdch odr\u016fd vzniklo v\u00edno velmi vysok\u00e9 \u00farovn\u011b. Odr\u016fdy Pinot Nero a Chardonnay, p\u011bstovan\u00e9 ve vina\u0159stv\u00ed Azienda Vitivinicola Pisoni se u\u017e\u00edvaj\u00ed tak\u00e9 k\u00a0v\u00fdrob\u011b zn\u00e1m\u00e9ho \u0161umiv\u00e9ho v\u00edna Spumante Pisoni, Brut a Riserva<\/p>\n<table class=\"wines\">\n<tbody>\n<tr>\n<td><strong>Hrozny<\/strong><\/td>\n<td>100% Pinot Nero<\/td>\n<\/tr>\n<tr>\n<td><strong>Zpracov\u00e1n\u00ed<\/strong><\/td>\n<td>18 m\u011bs\u00edc\u016f v\u00a0sudech barrique<\/td>\n<\/tr>\n<tr>\n<td><strong>Zr\u00e1n\u00ed v l\u00e1hvi<\/strong><\/td>\n<td>12 m\u011bs\u00edc\u016f<\/td>\n<\/tr>\n<tr>\n<td><strong>Barva<\/strong><\/td>\n<td>intenz\u00edvn\u00ed \u010derven\u00e1, gran\u00e1tov\u00e9 odlesky<\/td>\n<\/tr>\n<tr>\n<td><strong>V\u016fn\u011b<\/strong><\/td>\n<td>sametov\u00e1, t\u0159e\u0161e\u0148 a lesn\u00ed plody<\/td>\n<\/tr>\n<tr>\n<td><strong>Chu\u0165<\/strong><\/td>\n<td>such\u00e1, intenz\u00edvn\u00ed, p\u0159im\u011b\u0159en\u011b vanilkov\u00e1<\/td>\n<\/tr>\n<\/tbody>\n<\/table>\n<p>&nbsp;<\/p>\n<p><a title=\"Karta\" href=\"\/wp-content\/uploads\/2020\/12\/pinot-nero-scheda-tecnica-data-sheet-pisoni-vini.pdf\" target=\"_blank\" rel=\"noopener noreferrer\">Karta<\/a><\/p>\n","protected":false},"excerpt":{"rendered":"<p>Vz\u00e1cn\u00e1 a m\u00e1lo se vyskytuj\u00edc\u00ed odr\u016fda z\u00a0Burgundska na\u0161la v\u00a0tridentsk\u00e9m kraji vina\u0159e a p\u011bstitele, kte\u0159\u00ed d\u00edky pe\u010dliv\u00e9 v\u00fdkumn\u00e9 pr\u00e1ci b\u011bhem stalet\u00ed vytvo\u0159ili typickou odr\u016fdu v\u00fdte\u010dn\u00e9 kvality s\u00a0n\u00edzk\u00fdm v\u00fdnosem. Rodina Pisoni byla jednou z\u00a0nich a d\u00edky promy\u0161len\u00e9 snaze o p\u011bstov\u00e1n\u00ed za \u00fa\u010delem zv\u00fdrazn\u011bn\u00ed charakteristik jednotliv\u00fdch odr\u016fd vzniklo v\u00edno velmi vysok\u00e9 \u00farovn\u011b. Odr\u016fdy Pinot Nero a Chardonnay, p\u011bstovan\u00e9 [&hellip;]<\/p>\n","protected":false},"featured_media":22745,"template":"","meta":[],"product_brand":[],"product_cat":[223],"product_tag":[],"class_list":{"0":"post-3935","1":"product","2":"type-product","3":"status-publish","4":"has-post-thumbnail","6":"product_cat-cervena-vina","7":"odd","9":"first","10":"instock","11":"shipping-taxable","12":"purchasable","13":"product-type-simple"},"aioseo_notices":[],"_links":{"self":[{"href":"https:\/\/pisonivini.it\/cs\/wp-json\/wp\/v2\/product\/3935","targetHints":{"allow":["GET"]}}],"collection":[{"href":"https:\/\/pisonivini.it\/cs\/wp-json\/wp\/v2\/product"}],"about":[{"href":"https:\/\/pisonivini.it\/cs\/wp-json\/wp\/v2\/types\/product"}],"wp:featuredmedia":[{"embeddable":true,"href":"https:\/\/pisonivini.it\/cs\/wp-json\/wp\/v2\/media\/22745"}],"wp:attachment":[{"href":"https:\/\/pisonivini.it\/cs\/wp-json\/wp\/v2\/media?parent=3935"}],"wp:term":[{"taxonomy":"product_brand","embeddable":true,"href":"https:\/\/pisonivini.it\/cs\/wp-json\/wp\/v2\/product_brand?post=3935"},{"taxonomy":"product_cat","embeddable":true,"href":"https:\/\/pisonivini.it\/cs\/wp-json\/wp\/v2\/product_cat?post=3935"},{"taxonomy":"product_tag","embeddable":true,"href":"https:\/\/pisonivini.it\/cs\/wp-json\/wp\/v2\/product_tag?post=3935"}],"curies":[{"name":"wp","href":"https:\/\/api.w.org\/{rel}","templated":true}]}}