{"id":3937,"date":"2020-09-17T08:29:26","date_gmt":"2020-09-17T08:29:26","guid":{"rendered":"https:\/\/www.pisonivini.it\/prodotto\/rebo\/"},"modified":"2021-02-24T14:41:50","modified_gmt":"2021-02-24T14:41:50","slug":"rebo","status":"publish","type":"product","link":"https:\/\/pisonivini.it\/cs\/prodotto\/rebo\/","title":{"rendered":"Rebo"},"content":{"rendered":"<p>Tato odr\u016fda vznikla k\u0159\u00ed\u017een\u00edm dvou odr\u016fd typick\u00fdch pro tridentsk\u00fd kraj, autoktonn\u00edho Teroldega a Merlotu.<br \/>\nRebo Rigotti, v\u00fdzkumn\u00fd pracovn\u00edk institutu Istituto Agrario di San Michele all\u2019Adige, vytvo\u0159il tuto odr\u016fdu na za\u010d\u00e1tku pades\u00e1t\u00fdch let dvac\u00e1t\u00e9ho stolet\u00ed. Doned\u00e1vna se myslelo, \u017ee Rebo poch\u00e1z\u00ed z k\u0159\u00ed\u017een\u00ed odr\u016fd Merlot a Marzemino; rozbor DNA ale uk\u00e1zal, \u017ee vznikl spojen\u00edm odr\u016fd Merlot a Teroldego (charakteristick\u00e9 pro oblast Piana Rotaliana), a proto je v\u00edno z\u00a0n\u011bj t\u011blnat\u00e9, vhodn\u00e9 ke zr\u00e1n\u00ed.<\/p>\n<table class=\"wines\">\n<tbody>\n<tr>\n<td><strong>Hrozny<\/strong><\/td>\n<td>100% Rebo<\/td>\n<\/tr>\n<tr>\n<td><strong>Zpracov\u00e1n\u00ed<\/strong><\/td>\n<td>18 m\u011bs\u00edc\u016f v\u00a0sudech barrique<\/td>\n<\/tr>\n<tr>\n<td><strong>Zr\u00e1n\u00ed v l\u00e1hvi<\/strong><\/td>\n<td>12 m\u011bs\u00edc\u016f<\/td>\n<\/tr>\n<tr>\n<td><strong>Barva<\/strong><\/td>\n<td>intenz\u00edvn\u00ed \u010derven\u00e1, rub\u00ednov\u00e1<\/td>\n<\/tr>\n<tr>\n<td><strong>V\u016fn\u011b<\/strong><\/td>\n<td>ko\u0159en\u011bn\u00e1, lesn\u00ed plody<\/td>\n<\/tr>\n<tr>\n<td><strong>Chu\u0165<\/strong><\/td>\n<td>sametov\u00e1, jemn\u00e1, vi\u0161e\u0148 a ryb\u00edz<\/td>\n<\/tr>\n<\/tbody>\n<\/table>\n<p>&nbsp;<\/p>\n<p><a title=\"Karta\" href=\"\/wp-content\/uploads\/2020\/12\/rebo-scheda-tecnica-data-sheet-pisoni-vini.pdf\" target=\"_blank\" rel=\"noopener noreferrer\">Karta<\/a><\/p>\n","protected":false},"excerpt":{"rendered":"<p>Tato odr\u016fda vznikla k\u0159\u00ed\u017een\u00edm dvou odr\u016fd typick\u00fdch pro tridentsk\u00fd kraj, autoktonn\u00edho Teroldega a Merlotu. Rebo Rigotti, v\u00fdzkumn\u00fd pracovn\u00edk institutu Istituto Agrario di San Michele all\u2019Adige, vytvo\u0159il tuto odr\u016fdu na za\u010d\u00e1tku pades\u00e1t\u00fdch let dvac\u00e1t\u00e9ho stolet\u00ed. Doned\u00e1vna se myslelo, \u017ee Rebo poch\u00e1z\u00ed z k\u0159\u00ed\u017een\u00ed odr\u016fd Merlot a Marzemino; rozbor DNA ale uk\u00e1zal, \u017ee vznikl spojen\u00edm odr\u016fd Merlot [&hellip;]<\/p>\n","protected":false},"featured_media":13916,"template":"","meta":[],"product_brand":[],"product_cat":[223],"product_tag":[],"class_list":{"0":"post-3937","1":"product","2":"type-product","3":"status-publish","4":"has-post-thumbnail","6":"product_cat-cervena-vina","7":"odd","9":"first","10":"instock","11":"shipping-taxable","12":"purchasable","13":"product-type-simple"},"aioseo_notices":[],"_links":{"self":[{"href":"https:\/\/pisonivini.it\/cs\/wp-json\/wp\/v2\/product\/3937","targetHints":{"allow":["GET"]}}],"collection":[{"href":"https:\/\/pisonivini.it\/cs\/wp-json\/wp\/v2\/product"}],"about":[{"href":"https:\/\/pisonivini.it\/cs\/wp-json\/wp\/v2\/types\/product"}],"wp:featuredmedia":[{"embeddable":true,"href":"https:\/\/pisonivini.it\/cs\/wp-json\/wp\/v2\/media\/13916"}],"wp:attachment":[{"href":"https:\/\/pisonivini.it\/cs\/wp-json\/wp\/v2\/media?parent=3937"}],"wp:term":[{"taxonomy":"product_brand","embeddable":true,"href":"https:\/\/pisonivini.it\/cs\/wp-json\/wp\/v2\/product_brand?post=3937"},{"taxonomy":"product_cat","embeddable":true,"href":"https:\/\/pisonivini.it\/cs\/wp-json\/wp\/v2\/product_cat?post=3937"},{"taxonomy":"product_tag","embeddable":true,"href":"https:\/\/pisonivini.it\/cs\/wp-json\/wp\/v2\/product_tag?post=3937"}],"curies":[{"name":"wp","href":"https:\/\/api.w.org\/{rel}","templated":true}]}}