{"id":3939,"date":"2020-09-17T08:29:24","date_gmt":"2020-09-17T08:29:24","guid":{"rendered":"https:\/\/www.pisonivini.it\/prodotto\/moscato-secco\/"},"modified":"2021-02-24T14:42:37","modified_gmt":"2021-02-24T14:42:37","slug":"moscato-secco-suchy-muskat","status":"publish","type":"product","link":"https:\/\/pisonivini.it\/cs\/prodotto\/moscato-secco-suchy-muskat\/","title":{"rendered":"Moscato Secco \u2013 Such\u00fd mu\u0161k\u00e1t"},"content":{"rendered":"<p>Odr\u016fda Moscato Giallo na\u0161la v\u00a0\u00fadol\u00ed Valle dei Laghi perfektn\u00ed prost\u0159ed\u00ed.<br \/>\nVelmi aromatick\u00e9 a m\u00edrn\u011b nasl\u00e1dl\u00e9 v\u00edno je vhodn\u00e9 jako aperitiv a k\u00a0dezert\u016fm.<br \/>\nJe to siln\u00e1 odr\u016fda se st\u0159edn\u011b vysokou produktivitou. Zr\u00e1n\u00ed trv\u00e1 a\u017e do\u00a0pozdn\u00edho podzimu.<br \/>\nVina\u0159stv\u00ed Azienda Vitivinicola Pisoni zpracov\u00e1v\u00e1 jen mal\u00e9 mno\u017estv\u00ed a nech\u00e1v\u00e1 u tohoto v\u00edna rozvinout strukturu a charakteristiky, kter\u00e9 ocen\u00ed i nejv\u011bt\u0161\u00ed labu\u017en\u00edci.<\/p>\n<table class=\"wines\">\n<tbody>\n<tr>\n<td><strong>Hrozny<\/strong><\/td>\n<td>100% \u017dlut\u00fd mu\u0161k\u00e1t<\/td>\n<\/tr>\n<tr>\n<td><strong>Zpracov\u00e1n\u00ed<\/strong><\/td>\n<td>3-4 m\u011bs\u00edce v oceli<\/td>\n<\/tr>\n<tr>\n<td><strong>Zr\u00e1n\u00ed v l\u00e1hvi<\/strong><\/td>\n<td>2-3 m\u011bs\u00edce<\/td>\n<\/tr>\n<tr>\n<td><strong>Barva<\/strong><\/td>\n<td>sl\u00e1mov\u011b \u017elut\u00e1<\/td>\n<\/tr>\n<tr>\n<td><strong>V\u016fn\u011b<\/strong><\/td>\n<td>pro odr\u016fdu typick\u00e1<\/td>\n<\/tr>\n<tr>\n<td><strong>Chu\u0165<\/strong><\/td>\n<td>such\u00e1, p\u0159\u00edm\u00e1, p\u0159\u00edjemn\u00e1<\/td>\n<\/tr>\n<\/tbody>\n<\/table>\n<p>&nbsp;<\/p>\n<p><a title=\"Karta\" href=\"\/wp-content\/uploads\/2020\/12\/moscato-scheda-tecnica-data-sheet-pisoni-vini.pdf\" target=\"_blank\" rel=\"noopener noreferrer\">Karta<\/a><\/p>\n","protected":false},"excerpt":{"rendered":"<p>Odr\u016fda Moscato Giallo na\u0161la v\u00a0\u00fadol\u00ed Valle dei Laghi perfektn\u00ed prost\u0159ed\u00ed. Velmi aromatick\u00e9 a m\u00edrn\u011b nasl\u00e1dl\u00e9 v\u00edno je vhodn\u00e9 jako aperitiv a k\u00a0dezert\u016fm. Je to siln\u00e1 odr\u016fda se st\u0159edn\u011b vysokou produktivitou. Zr\u00e1n\u00ed trv\u00e1 a\u017e do\u00a0pozdn\u00edho podzimu. Vina\u0159stv\u00ed Azienda Vitivinicola Pisoni zpracov\u00e1v\u00e1 jen mal\u00e9 mno\u017estv\u00ed a nech\u00e1v\u00e1 u tohoto v\u00edna rozvinout strukturu a charakteristiky, kter\u00e9 ocen\u00ed i [&hellip;]<\/p>\n","protected":false},"featured_media":13920,"template":"","meta":[],"product_brand":[],"product_cat":[227],"product_tag":[],"class_list":{"0":"post-3939","1":"product","2":"type-product","3":"status-publish","4":"has-post-thumbnail","6":"product_cat-bila-vina","7":"odd","9":"first","10":"instock","11":"shipping-taxable","12":"purchasable","13":"product-type-simple"},"aioseo_notices":[],"_links":{"self":[{"href":"https:\/\/pisonivini.it\/cs\/wp-json\/wp\/v2\/product\/3939","targetHints":{"allow":["GET"]}}],"collection":[{"href":"https:\/\/pisonivini.it\/cs\/wp-json\/wp\/v2\/product"}],"about":[{"href":"https:\/\/pisonivini.it\/cs\/wp-json\/wp\/v2\/types\/product"}],"wp:featuredmedia":[{"embeddable":true,"href":"https:\/\/pisonivini.it\/cs\/wp-json\/wp\/v2\/media\/13920"}],"wp:attachment":[{"href":"https:\/\/pisonivini.it\/cs\/wp-json\/wp\/v2\/media?parent=3939"}],"wp:term":[{"taxonomy":"product_brand","embeddable":true,"href":"https:\/\/pisonivini.it\/cs\/wp-json\/wp\/v2\/product_brand?post=3939"},{"taxonomy":"product_cat","embeddable":true,"href":"https:\/\/pisonivini.it\/cs\/wp-json\/wp\/v2\/product_cat?post=3939"},{"taxonomy":"product_tag","embeddable":true,"href":"https:\/\/pisonivini.it\/cs\/wp-json\/wp\/v2\/product_tag?post=3939"}],"curies":[{"name":"wp","href":"https:\/\/api.w.org\/{rel}","templated":true}]}}