{"id":3941,"date":"2020-09-17T08:29:24","date_gmt":"2020-09-17T08:29:24","guid":{"rendered":"https:\/\/www.pisonivini.it\/prodotto\/nosiola\/"},"modified":"2021-02-24T14:42:52","modified_gmt":"2021-02-24T14:42:52","slug":"nosiola","status":"publish","type":"product","link":"https:\/\/pisonivini.it\/cs\/prodotto\/nosiola\/","title":{"rendered":"Nosiola"},"content":{"rendered":"<p class=\"p1\"><span class=\"s1\">Jedin\u00e1 autoktonn\u00ed tridentsk\u00e1 r\u00e9va, kter\u00e1 d\u00e1v\u00e1 nejlep\u0161\u00ed v\u00fdsledky pr\u00e1v\u011b v\u00a0oblasti \u00fadol\u00ed Valle dei Laghi. Typick\u00e9 st\u0159edomo\u0159sk\u00e9 klima pak umo\u017e\u0148uje vysych\u00e1n\u00ed hrozn\u016f a v\u00fdrobu v\u00edna Vino Santo Classico-Trentino DOC.<\/span><\/p>\n<p class=\"p1\"><span class=\"s1\">Odr\u016fda Nosiola je je\u0161t\u011b poloplan\u00e1 odr\u016fda (v\u011btv\u00ed se t\u00e9m\u011b\u0159 ke\u0159ovit\u011b), tak\u017ee p\u00e9\u010de o ni je slo\u017eit\u00e1, i proto, \u017ee je choulostiv\u00e1 a n\u00e1chyln\u00e1 k\u00a0nemocem. Mal\u00fd v\u00fdnos je d\u016fvodem, pro\u010d z\u00a0t\u00e9to odr\u016fdy vznikaj\u00ed v\u00edna pro skute\u010dn\u00e9 znalce a nad\u0161ence.<\/span><\/p>\n<table class=\"wines\">\n<tbody>\n<tr>\n<td><strong>Hrozny<\/strong><\/td>\n<td>100% Nosiola<\/td>\n<\/tr>\n<tr>\n<td><strong>Zpracov\u00e1n\u00ed<\/strong><\/td>\n<td>7-8 m\u011bs\u00edc\u016f v oceli<\/td>\n<\/tr>\n<tr>\n<td><strong>Zr\u00e1n\u00ed v l\u00e1hvi<\/strong><\/td>\n<td>3-4 m\u011bs\u00edce<\/td>\n<\/tr>\n<tr>\n<td><strong>Barva<\/strong><\/td>\n<td>sl\u00e1mov\u011b \u017elutozelen\u00e1<\/td>\n<\/tr>\n<tr>\n<td><strong>V\u016fn\u011b<\/strong><\/td>\n<td>meru\u0148ka a bezinky<\/td>\n<\/tr>\n<tr>\n<td><strong>Chu\u0165<\/strong><\/td>\n<td>naho\u0159kl\u00e1, o\u0159\u00ed\u0161ky a mandle<\/td>\n<\/tr>\n<\/tbody>\n<\/table>\n<p><a title=\"Karta\" href=\"\/wp-content\/uploads\/2020\/12\/nosiola-scheda-tecnica-data-sheet-pisoni-vini.pdf\" target=\"_blank\" rel=\"noopener noreferrer\"><br \/>\nKarta<br \/>\n<\/a><\/p>\n","protected":false},"excerpt":{"rendered":"<p>Jedin\u00e1 autoktonn\u00ed tridentsk\u00e1 r\u00e9va, kter\u00e1 d\u00e1v\u00e1 nejlep\u0161\u00ed v\u00fdsledky pr\u00e1v\u011b v\u00a0oblasti \u00fadol\u00ed Valle dei Laghi. Typick\u00e9 st\u0159edomo\u0159sk\u00e9 klima pak umo\u017e\u0148uje vysych\u00e1n\u00ed hrozn\u016f a v\u00fdrobu v\u00edna Vino Santo Classico-Trentino DOC. Odr\u016fda Nosiola je je\u0161t\u011b poloplan\u00e1 odr\u016fda (v\u011btv\u00ed se t\u00e9m\u011b\u0159 ke\u0159ovit\u011b), tak\u017ee p\u00e9\u010de o ni je slo\u017eit\u00e1, i proto, \u017ee je choulostiv\u00e1 a n\u00e1chyln\u00e1 k\u00a0nemocem. Mal\u00fd v\u00fdnos je [&hellip;]<\/p>\n","protected":false},"featured_media":13924,"template":"","meta":[],"product_brand":[],"product_cat":[227],"product_tag":[],"class_list":{"0":"post-3941","1":"product","2":"type-product","3":"status-publish","4":"has-post-thumbnail","6":"product_cat-bila-vina","7":"odd","9":"first","10":"instock","11":"shipping-taxable","12":"purchasable","13":"product-type-simple"},"aioseo_notices":[],"_links":{"self":[{"href":"https:\/\/pisonivini.it\/cs\/wp-json\/wp\/v2\/product\/3941","targetHints":{"allow":["GET"]}}],"collection":[{"href":"https:\/\/pisonivini.it\/cs\/wp-json\/wp\/v2\/product"}],"about":[{"href":"https:\/\/pisonivini.it\/cs\/wp-json\/wp\/v2\/types\/product"}],"wp:featuredmedia":[{"embeddable":true,"href":"https:\/\/pisonivini.it\/cs\/wp-json\/wp\/v2\/media\/13924"}],"wp:attachment":[{"href":"https:\/\/pisonivini.it\/cs\/wp-json\/wp\/v2\/media?parent=3941"}],"wp:term":[{"taxonomy":"product_brand","embeddable":true,"href":"https:\/\/pisonivini.it\/cs\/wp-json\/wp\/v2\/product_brand?post=3941"},{"taxonomy":"product_cat","embeddable":true,"href":"https:\/\/pisonivini.it\/cs\/wp-json\/wp\/v2\/product_cat?post=3941"},{"taxonomy":"product_tag","embeddable":true,"href":"https:\/\/pisonivini.it\/cs\/wp-json\/wp\/v2\/product_tag?post=3941"}],"curies":[{"name":"wp","href":"https:\/\/api.w.org\/{rel}","templated":true}]}}