{"id":3943,"date":"2020-09-17T08:29:23","date_gmt":"2020-09-17T08:29:23","guid":{"rendered":"https:\/\/www.pisonivini.it\/prodotto\/cabernet\/"},"modified":"2021-01-14T16:22:23","modified_gmt":"2021-01-14T16:22:23","slug":"cabernet","status":"publish","type":"product","link":"https:\/\/pisonivini.it\/cs\/prodotto\/cabernet\/","title":{"rendered":"Cabernet"},"content":{"rendered":"<p>Odr\u016fda p\u0159i\u0161la do tridentsk\u00e9ho kraje v\u00a0roce 1894 z\u00a0Francie. Je ur\u010dit\u011b jednou z\u00a0nejstar\u0161\u00edch v\u00a0Evrop\u011b, u\u017e za \u0158\u00edman\u016f byla zn\u00e1m\u00e1 jako Biturica. Cabernet Franc m\u00e1 r\u00e1d kopce, j\u00edlovitou p\u016fdu a zpracov\u00e1v\u00e1 se spolu s\u00a0odr\u016fdou Cabernet Sauvignon, s\u00a0n\u00ed\u017e tvo\u0159\u00ed opravdu zaj\u00edmav\u00e9 v\u00edno.<br \/>\nV\u00a0\u00fadol\u00ed Valle dei Laghi na\u0161el Cabernet sv\u00e9 ide\u00e1ln\u00ed prost\u0159ed\u00ed. Aristokratickou a elegantn\u00ed odr\u016fdu p\u011bstuj\u00ed vina\u0159\u0161t\u00ed technici Pisoni a vyr\u00e1b\u011bj\u00ed z\u00a0n\u00ed toto t\u011blnat\u00e9, vz\u00e1cn\u00e9 v\u00edno, vyzr\u00e1l\u00e9 ve sklep\u00edch, ale vhodn\u00e9 i k\u00a0dal\u0161\u00edmu zr\u00e1n\u00ed v\u00a0l\u00e1hvi, kter\u00e9 jeho zvl\u00e1\u0161tn\u00ed charakteristiky je\u0161t\u011b v\u00edce podtrhne.<\/p>\n<table class=\"wines\">\n<tbody>\n<tr>\n<td><strong>Hrozny<\/strong><\/td>\n<td>50% C. Franc, 50% C. Sauvignon<\/td>\n<\/tr>\n<tr>\n<td><strong>Zpracov\u00e1n\u00ed<\/strong><\/td>\n<td>1 rok v\u00a0tradi\u010dn\u00edm d\u0159ev\u011bn\u00e9m sudu<\/td>\n<\/tr>\n<tr>\n<td><strong>Zr\u00e1n\u00ed v l\u00e1hvi<\/strong><\/td>\n<td>6 m\u011bs\u00edc\u016f<\/td>\n<\/tr>\n<tr>\n<td><strong>Barva<\/strong><\/td>\n<td>intenz\u00edvn\u00ed \u010derven\u00e1, rub\u00ednov\u00e1<\/td>\n<\/tr>\n<tr>\n<td><strong>V\u016fn\u011b<\/strong><\/td>\n<td>intenz\u00edvn\u00ed a ko\u0159en\u011bn\u00e1<\/td>\n<\/tr>\n<tr>\n<td><strong>Chu\u0165<\/strong><\/td>\n<td>pln\u00e1, p\u0159\u00edjemn\u00e1, hebk\u00e1<\/td>\n<\/tr>\n<\/tbody>\n<\/table>\n","protected":false},"excerpt":{"rendered":"<p>Odr\u016fda p\u0159i\u0161la do tridentsk\u00e9ho kraje v\u00a0roce 1894 z\u00a0Francie. Je ur\u010dit\u011b jednou z\u00a0nejstar\u0161\u00edch v\u00a0Evrop\u011b, u\u017e za \u0158\u00edman\u016f byla zn\u00e1m\u00e1 jako Biturica. Cabernet Franc m\u00e1 r\u00e1d kopce, j\u00edlovitou p\u016fdu a zpracov\u00e1v\u00e1 se spolu s\u00a0odr\u016fdou Cabernet Sauvignon, s\u00a0n\u00ed\u017e tvo\u0159\u00ed opravdu zaj\u00edmav\u00e9 v\u00edno. V\u00a0\u00fadol\u00ed Valle dei Laghi na\u0161el Cabernet sv\u00e9 ide\u00e1ln\u00ed prost\u0159ed\u00ed. Aristokratickou a elegantn\u00ed odr\u016fdu p\u011bstuj\u00ed vina\u0159\u0161t\u00ed technici [&hellip;]<\/p>\n","protected":false},"featured_media":3944,"template":"","meta":[],"product_brand":[],"product_cat":[223],"product_tag":[],"class_list":{"0":"post-3943","1":"product","2":"type-product","3":"status-publish","4":"has-post-thumbnail","6":"product_cat-cervena-vina","7":"odd","9":"first","10":"outofstock","11":"shipping-taxable","12":"purchasable","13":"product-type-simple"},"aioseo_notices":[],"_links":{"self":[{"href":"https:\/\/pisonivini.it\/cs\/wp-json\/wp\/v2\/product\/3943","targetHints":{"allow":["GET"]}}],"collection":[{"href":"https:\/\/pisonivini.it\/cs\/wp-json\/wp\/v2\/product"}],"about":[{"href":"https:\/\/pisonivini.it\/cs\/wp-json\/wp\/v2\/types\/product"}],"wp:featuredmedia":[{"embeddable":true,"href":"https:\/\/pisonivini.it\/cs\/wp-json\/wp\/v2\/media\/3944"}],"wp:attachment":[{"href":"https:\/\/pisonivini.it\/cs\/wp-json\/wp\/v2\/media?parent=3943"}],"wp:term":[{"taxonomy":"product_brand","embeddable":true,"href":"https:\/\/pisonivini.it\/cs\/wp-json\/wp\/v2\/product_brand?post=3943"},{"taxonomy":"product_cat","embeddable":true,"href":"https:\/\/pisonivini.it\/cs\/wp-json\/wp\/v2\/product_cat?post=3943"},{"taxonomy":"product_tag","embeddable":true,"href":"https:\/\/pisonivini.it\/cs\/wp-json\/wp\/v2\/product_tag?post=3943"}],"curies":[{"name":"wp","href":"https:\/\/api.w.org\/{rel}","templated":true}]}}