{"id":3945,"date":"2020-09-17T08:29:23","date_gmt":"2020-09-17T08:29:23","guid":{"rendered":"https:\/\/www.pisonivini.it\/prodotto\/chardonnay\/"},"modified":"2021-01-14T15:55:25","modified_gmt":"2021-01-14T15:55:25","slug":"chardonnay","status":"publish","type":"product","link":"https:\/\/pisonivini.it\/cs\/prodotto\/chardonnay\/","title":{"rendered":"Chardonnay"},"content":{"rendered":"<p class=\"p1\"><span class=\"s1\">Chardonnay p\u011bstovan\u00e9 na pozemc\u00edch rodiny Pisoni \u201eMas del Gobo\u201c a \u201eChiesura\u201c se v\u00fdrazn\u011b li\u0161\u00ed od t\u011bch p\u011bstovan\u00fdch v\u00a0jin\u00fdch oblastech, proto\u017ee tu vznik\u00e1 elegantn\u00ed, t\u011blnat\u00e9, lehk\u00e9 a rafinovan\u00e9 v\u00edno. V\u00a0sou\u010dasn\u00e9 dob\u011b nakupuj\u00ed nejvyhl\u00e1\u0161en\u011bj\u0161\u00ed v\u00fdrobci \u0161umiv\u00fdch v\u00edn z\u00a0It\u00e1lie i z\u00a0jin\u00fdch zem\u00ed pro jejich v\u00fdrobu pr\u00e1v\u011b tridentsk\u00fd Chardonnay. Vina\u0159stv\u00ed Pisoni pou\u017e\u00edv\u00e1 \u010d\u00e1st \u00farody tak\u00e9 na v\u00fdrobu vlastn\u00edch \u0161umiv\u00fdch v\u00edn Brut a Riserva. <\/span><\/p>\n<table class=\"wines\">\n<tbody>\n<tr>\n<td><strong>Hrozny<\/strong><\/td>\n<td>100% Chardonnay<\/td>\n<\/tr>\n<tr>\n<td><strong>Zpracov\u00e1n\u00ed<\/strong><\/td>\n<td>4-5 m\u011bs\u00edc\u016f v oceli<\/td>\n<\/tr>\n<tr>\n<td><strong>Zr\u00e1n\u00ed v l\u00e1hvi<\/strong><\/td>\n<td>2-3 m\u011bs\u00edce<\/td>\n<\/tr>\n<tr>\n<td><strong>Barva<\/strong><\/td>\n<td>sl\u00e1mov\u011b \u017elut\u00e1<\/td>\n<\/tr>\n<tr>\n<td><strong>V\u016fn\u011b<\/strong><\/td>\n<td>ovocn\u00e1, zral\u00e9 jablko<\/td>\n<\/tr>\n<tr>\n<td><strong>Chu\u0165<\/strong><\/td>\n<td>bohat\u00e1, such\u00e1, vytrval\u00e1<\/td>\n<\/tr>\n<\/tbody>\n<\/table>\n","protected":false},"excerpt":{"rendered":"<p>Chardonnay p\u011bstovan\u00e9 na pozemc\u00edch rodiny Pisoni \u201eMas del Gobo\u201c a \u201eChiesura\u201c se v\u00fdrazn\u011b li\u0161\u00ed od t\u011bch p\u011bstovan\u00fdch v\u00a0jin\u00fdch oblastech, proto\u017ee tu vznik\u00e1 elegantn\u00ed, t\u011blnat\u00e9, lehk\u00e9 a rafinovan\u00e9 v\u00edno. V\u00a0sou\u010dasn\u00e9 dob\u011b nakupuj\u00ed nejvyhl\u00e1\u0161en\u011bj\u0161\u00ed v\u00fdrobci \u0161umiv\u00fdch v\u00edn z\u00a0It\u00e1lie i z\u00a0jin\u00fdch zem\u00ed pro jejich v\u00fdrobu pr\u00e1v\u011b tridentsk\u00fd Chardonnay. Vina\u0159stv\u00ed Pisoni pou\u017e\u00edv\u00e1 \u010d\u00e1st \u00farody tak\u00e9 na v\u00fdrobu vlastn\u00edch \u0161umiv\u00fdch [&hellip;]<\/p>\n","protected":false},"featured_media":13932,"template":"","meta":[],"product_brand":[],"product_cat":[227],"product_tag":[],"class_list":{"0":"post-3945","1":"product","2":"type-product","3":"status-publish","4":"has-post-thumbnail","6":"product_cat-bila-vina","7":"odd","9":"first","10":"instock","11":"shipping-taxable","12":"purchasable","13":"product-type-simple"},"aioseo_notices":[],"_links":{"self":[{"href":"https:\/\/pisonivini.it\/cs\/wp-json\/wp\/v2\/product\/3945","targetHints":{"allow":["GET"]}}],"collection":[{"href":"https:\/\/pisonivini.it\/cs\/wp-json\/wp\/v2\/product"}],"about":[{"href":"https:\/\/pisonivini.it\/cs\/wp-json\/wp\/v2\/types\/product"}],"wp:featuredmedia":[{"embeddable":true,"href":"https:\/\/pisonivini.it\/cs\/wp-json\/wp\/v2\/media\/13932"}],"wp:attachment":[{"href":"https:\/\/pisonivini.it\/cs\/wp-json\/wp\/v2\/media?parent=3945"}],"wp:term":[{"taxonomy":"product_brand","embeddable":true,"href":"https:\/\/pisonivini.it\/cs\/wp-json\/wp\/v2\/product_brand?post=3945"},{"taxonomy":"product_cat","embeddable":true,"href":"https:\/\/pisonivini.it\/cs\/wp-json\/wp\/v2\/product_cat?post=3945"},{"taxonomy":"product_tag","embeddable":true,"href":"https:\/\/pisonivini.it\/cs\/wp-json\/wp\/v2\/product_tag?post=3945"}],"curies":[{"name":"wp","href":"https:\/\/api.w.org\/{rel}","templated":true}]}}