{"id":3947,"date":"2020-09-17T08:29:23","date_gmt":"2020-09-17T08:29:23","guid":{"rendered":"https:\/\/www.pisonivini.it\/prodotto\/codecce\/"},"modified":"2021-02-24T14:43:11","modified_gmt":"2021-02-24T14:43:11","slug":"codecce","status":"publish","type":"product","link":"https:\/\/pisonivini.it\/cs\/prodotto\/codecce\/","title":{"rendered":"Codecce"},"content":{"rendered":"<p>Toto v\u00edno vyr\u00e1b\u00ed exkluz\u00edvn\u011b vina\u0159stv\u00ed Azienda Agricola Fratelli Pisoni z\u00a0hrozn\u016f odr\u016fdy Nosiola, Sauvignon bianco, Chardonnay a Goldtraminer, p\u011bstovan\u00fdch na vinici Codecce, um\u00edst\u011bn\u00e9 na kopci San Siro, na \u00fapat\u00ed hory Monte Bondone.<\/p>\n<p>V\u00cdNO VYROBEN\u00c9 BEZ P\u0158\u00cdDAVKU SI\u0158I\u010cITAN\u016e<\/p>\n<table class=\"wines\">\n<tbody>\n<tr>\n<td><strong>Hrozny<\/strong><\/td>\n<td>Sauvignon blanc, Goldtraminer, Chardonnay, Nosiola<\/td>\n<\/tr>\n<tr>\n<td><strong>Zpracov\u00e1n\u00ed<\/strong><\/td>\n<td>12 m\u011bs\u00edc\u016f v oceli<\/td>\n<\/tr>\n<tr>\n<td><strong>Zr\u00e1n\u00ed v l\u00e1hvi<\/strong><\/td>\n<td>6 m\u011bs\u00edc\u016f<\/td>\n<\/tr>\n<tr>\n<td><strong>Barva<\/strong><\/td>\n<td>syt\u00e1 s\u00a0nazelenal\u00fdmi odlesky<\/td>\n<\/tr>\n<tr>\n<td><strong>V\u016fn\u011b<\/strong><\/td>\n<td>zral\u00e9 jablko a exotick\u00e9 ovoce (mu\u010denka, ananas)<\/td>\n<\/tr>\n<tr>\n<td><strong>Chu\u0165<\/strong><\/td>\n<td>m\u011bkk\u00e1, ovocn\u00e1 s\u00a0dlouho p\u0159etrv\u00e1vaj\u00edc\u00ed chut\u00ed zral\u00e9ho jablka<\/td>\n<\/tr>\n<\/tbody>\n<\/table>\n<p><a title=\"Karta\" href=\"\/wp-content\/uploads\/2020\/12\/codecce-scheda-tecnica-data-sheet-pisoni-vini.pdf\" target=\"_blank\" rel=\"noopener noreferrer\"><br \/>\nKarta<br \/>\n<\/a><\/p>\n","protected":false},"excerpt":{"rendered":"<p>Toto v\u00edno vyr\u00e1b\u00ed exkluz\u00edvn\u011b vina\u0159stv\u00ed Azienda Agricola Fratelli Pisoni z\u00a0hrozn\u016f odr\u016fdy Nosiola, Sauvignon bianco, Chardonnay a Goldtraminer, p\u011bstovan\u00fdch na vinici Codecce, um\u00edst\u011bn\u00e9 na kopci San Siro, na \u00fapat\u00ed hory Monte Bondone. V\u00cdNO VYROBEN\u00c9 BEZ P\u0158\u00cdDAVKU SI\u0158I\u010cITAN\u016e Hrozny Sauvignon blanc, Goldtraminer, Chardonnay, Nosiola Zpracov\u00e1n\u00ed 12 m\u011bs\u00edc\u016f v oceli Zr\u00e1n\u00ed v l\u00e1hvi 6 m\u011bs\u00edc\u016f Barva syt\u00e1 s\u00a0nazelenal\u00fdmi [&hellip;]<\/p>\n","protected":false},"featured_media":14217,"template":"","meta":[],"product_brand":[],"product_cat":[227,235],"product_tag":[],"class_list":{"0":"post-3947","1":"product","2":"type-product","3":"status-publish","4":"has-post-thumbnail","6":"product_cat-bila-vina","7":"product_cat-bio-vinem","8":"odd","10":"first","11":"instock","12":"shipping-taxable","13":"purchasable","14":"product-type-simple"},"aioseo_notices":[],"_links":{"self":[{"href":"https:\/\/pisonivini.it\/cs\/wp-json\/wp\/v2\/product\/3947","targetHints":{"allow":["GET"]}}],"collection":[{"href":"https:\/\/pisonivini.it\/cs\/wp-json\/wp\/v2\/product"}],"about":[{"href":"https:\/\/pisonivini.it\/cs\/wp-json\/wp\/v2\/types\/product"}],"wp:featuredmedia":[{"embeddable":true,"href":"https:\/\/pisonivini.it\/cs\/wp-json\/wp\/v2\/media\/14217"}],"wp:attachment":[{"href":"https:\/\/pisonivini.it\/cs\/wp-json\/wp\/v2\/media?parent=3947"}],"wp:term":[{"taxonomy":"product_brand","embeddable":true,"href":"https:\/\/pisonivini.it\/cs\/wp-json\/wp\/v2\/product_brand?post=3947"},{"taxonomy":"product_cat","embeddable":true,"href":"https:\/\/pisonivini.it\/cs\/wp-json\/wp\/v2\/product_cat?post=3947"},{"taxonomy":"product_tag","embeddable":true,"href":"https:\/\/pisonivini.it\/cs\/wp-json\/wp\/v2\/product_tag?post=3947"}],"curies":[{"name":"wp","href":"https:\/\/api.w.org\/{rel}","templated":true}]}}