{"id":3949,"date":"2020-09-17T08:29:23","date_gmt":"2020-09-17T08:29:23","guid":{"rendered":"https:\/\/www.pisonivini.it\/prodotto\/balsamo-occhi\/"},"modified":"2021-02-24T14:08:26","modified_gmt":"2021-02-24T14:08:26","slug":"ocni-balzam","status":"publish","type":"product","link":"https:\/\/pisonivini.it\/cs\/prodotto\/ocni-balzam\/","title":{"rendered":"O\u010dn\u00ed balz\u00e1m"},"content":{"rendered":"<p class=\"p1\">S \u010di\u0161t\u011bn\u00fdm v\u00fdta\u017ekem ze sem\u00ednek \u010derven\u00e9 vinn\u00e9 r\u00e9vy.<\/p>\n<p class=\"p1\">O\u010dn\u00ed balz\u00e1m pro mladistv\u00fd pohled: pom\u00e1h\u00e1 zbavit se otok\u016f, zesv\u011btlit tmav\u00e9 st\u00edny a zmen\u0161it po\u010det vr\u00e1sek. R\u00e1no a ve\u010der vklepeme okolo o\u010d\u00ed a rt\u016f.<\/p>\n","protected":false},"excerpt":{"rendered":"<p>S \u010di\u0161t\u011bn\u00fdm v\u00fdta\u017ekem ze sem\u00ednek \u010derven\u00e9 vinn\u00e9 r\u00e9vy. O\u010dn\u00ed balz\u00e1m pro mladistv\u00fd pohled: pom\u00e1h\u00e1 zbavit se otok\u016f, zesv\u011btlit tmav\u00e9 st\u00edny a zmen\u0161it po\u010det vr\u00e1sek. R\u00e1no a ve\u010der vklepeme okolo o\u010d\u00ed a rt\u016f.<\/p>\n","protected":false},"featured_media":3950,"template":"","meta":[],"product_brand":[],"product_cat":[225],"product_tag":[],"class_list":{"0":"post-3949","1":"product","2":"type-product","3":"status-publish","4":"has-post-thumbnail","6":"product_cat-kosmetika","7":"odd","9":"first","10":"instock","11":"shipping-taxable","12":"purchasable","13":"product-type-simple"},"aioseo_notices":[],"_links":{"self":[{"href":"https:\/\/pisonivini.it\/cs\/wp-json\/wp\/v2\/product\/3949","targetHints":{"allow":["GET"]}}],"collection":[{"href":"https:\/\/pisonivini.it\/cs\/wp-json\/wp\/v2\/product"}],"about":[{"href":"https:\/\/pisonivini.it\/cs\/wp-json\/wp\/v2\/types\/product"}],"wp:featuredmedia":[{"embeddable":true,"href":"https:\/\/pisonivini.it\/cs\/wp-json\/wp\/v2\/media\/3950"}],"wp:attachment":[{"href":"https:\/\/pisonivini.it\/cs\/wp-json\/wp\/v2\/media?parent=3949"}],"wp:term":[{"taxonomy":"product_brand","embeddable":true,"href":"https:\/\/pisonivini.it\/cs\/wp-json\/wp\/v2\/product_brand?post=3949"},{"taxonomy":"product_cat","embeddable":true,"href":"https:\/\/pisonivini.it\/cs\/wp-json\/wp\/v2\/product_cat?post=3949"},{"taxonomy":"product_tag","embeddable":true,"href":"https:\/\/pisonivini.it\/cs\/wp-json\/wp\/v2\/product_tag?post=3949"}],"curies":[{"name":"wp","href":"https:\/\/api.w.org\/{rel}","templated":true}]}}