{"id":3951,"date":"2020-09-17T08:29:23","date_gmt":"2020-09-17T08:29:23","guid":{"rendered":"https:\/\/www.pisonivini.it\/prodotto\/gobbo-rosso\/"},"modified":"2021-02-24T14:43:27","modified_gmt":"2021-02-24T14:43:27","slug":"gobbo-rosso","status":"publish","type":"product","link":"https:\/\/pisonivini.it\/cs\/prodotto\/gobbo-rosso\/","title":{"rendered":"Gobbo Rosso"},"content":{"rendered":"<p>V\u00edno z\u00a0hrozn\u016f odr\u016fdy Teroldego p\u011bstovan\u00e9 na vinici Maso Gobbo, kter\u00e1 se nach\u00e1z\u00ed v\u00a0srdci \u00fadol\u00ed Valle dei Laghi, mezi obc\u00ed Pergolese a b\u0159ehy \u0159eky Sarca.<br \/>\nV\u00cdNO VYROBEN\u00c9 BEZ P\u0158\u00cdDAVKU SI\u0158I\u010cITAN\u016e<\/p>\n<table class=\"wines\">\n<tbody>\n<tr>\n<td><strong>Hrozny<\/strong><\/td>\n<td>100% Teroldego<\/td>\n<\/tr>\n<tr>\n<td><strong>Zpracov\u00e1n\u00ed<\/strong><\/td>\n<td>7-8 m\u011bs\u00edc\u016f v oceli<\/td>\n<\/tr>\n<tr>\n<td><strong>Zr\u00e1n\u00ed v l\u00e1hvi<\/strong><\/td>\n<td>3-4 m\u011bs\u00edce<\/td>\n<\/tr>\n<tr>\n<td><strong>Barva<\/strong><\/td>\n<td>rub\u00ednov\u011b \u010derven\u00e1<\/td>\n<\/tr>\n<tr>\n<td><strong>V\u016fn\u011b<\/strong><\/td>\n<td>zvl\u00e1\u0161tn\u00ed v\u016fn\u011b jahod a \u010derven\u00fdch plod\u016f<\/td>\n<\/tr>\n<tr>\n<td><strong>Chu\u0165<\/strong><\/td>\n<td>zvl\u00e1\u0161t\u011b jemn\u00e1, sv\u011b\u017e\u00ed a ovocn\u00e1 (jahoda), dlouho p\u0159etrv\u00e1v\u00e1<\/td>\n<\/tr>\n<\/tbody>\n<\/table>\n<p>&nbsp;<\/p>\n<p><a title=\"Karta\" href=\"\/wp-content\/uploads\/2020\/12\/gobbo-rosso-scheda-tecnica-data-sheet-pisoni-vini.pdf\" target=\"_blank\" rel=\"noopener noreferrer\">Karta<\/a><\/p>\n","protected":false},"excerpt":{"rendered":"<p>V\u00edno z\u00a0hrozn\u016f odr\u016fdy Teroldego p\u011bstovan\u00e9 na vinici Maso Gobbo, kter\u00e1 se nach\u00e1z\u00ed v\u00a0srdci \u00fadol\u00ed Valle dei Laghi, mezi obc\u00ed Pergolese a b\u0159ehy \u0159eky Sarca. V\u00cdNO VYROBEN\u00c9 BEZ P\u0158\u00cdDAVKU SI\u0158I\u010cITAN\u016e Hrozny 100% Teroldego Zpracov\u00e1n\u00ed 7-8 m\u011bs\u00edc\u016f v oceli Zr\u00e1n\u00ed v l\u00e1hvi 3-4 m\u011bs\u00edce Barva rub\u00ednov\u011b \u010derven\u00e1 V\u016fn\u011b zvl\u00e1\u0161tn\u00ed v\u016fn\u011b jahod a \u010derven\u00fdch plod\u016f Chu\u0165 zvl\u00e1\u0161t\u011b jemn\u00e1, [&hellip;]<\/p>\n","protected":false},"featured_media":15129,"template":"","meta":[],"product_brand":[],"product_cat":[235,223],"product_tag":[],"class_list":{"0":"post-3951","1":"product","2":"type-product","3":"status-publish","4":"has-post-thumbnail","6":"product_cat-bio-vinem","7":"product_cat-cervena-vina","8":"odd","10":"first","11":"instock","12":"shipping-taxable","13":"purchasable","14":"product-type-simple"},"aioseo_notices":[],"_links":{"self":[{"href":"https:\/\/pisonivini.it\/cs\/wp-json\/wp\/v2\/product\/3951","targetHints":{"allow":["GET"]}}],"collection":[{"href":"https:\/\/pisonivini.it\/cs\/wp-json\/wp\/v2\/product"}],"about":[{"href":"https:\/\/pisonivini.it\/cs\/wp-json\/wp\/v2\/types\/product"}],"wp:featuredmedia":[{"embeddable":true,"href":"https:\/\/pisonivini.it\/cs\/wp-json\/wp\/v2\/media\/15129"}],"wp:attachment":[{"href":"https:\/\/pisonivini.it\/cs\/wp-json\/wp\/v2\/media?parent=3951"}],"wp:term":[{"taxonomy":"product_brand","embeddable":true,"href":"https:\/\/pisonivini.it\/cs\/wp-json\/wp\/v2\/product_brand?post=3951"},{"taxonomy":"product_cat","embeddable":true,"href":"https:\/\/pisonivini.it\/cs\/wp-json\/wp\/v2\/product_cat?post=3951"},{"taxonomy":"product_tag","embeddable":true,"href":"https:\/\/pisonivini.it\/cs\/wp-json\/wp\/v2\/product_tag?post=3951"}],"curies":[{"name":"wp","href":"https:\/\/api.w.org\/{rel}","templated":true}]}}