{"id":3953,"date":"2020-09-17T08:29:23","date_gmt":"2020-09-17T08:29:23","guid":{"rendered":"https:\/\/www.pisonivini.it\/prodotto\/mesum\/"},"modified":"2021-02-24T14:43:36","modified_gmt":"2021-02-24T14:43:36","slug":"mesum","status":"publish","type":"product","link":"https:\/\/pisonivini.it\/cs\/prodotto\/mesum\/","title":{"rendered":"Mesum"},"content":{"rendered":"<p>Mesum je v\u00edno s\u00a0prastarou chut\u00ed. Hrozny k\u00a0jeho v\u00fdrob\u011b se urodily na vinici, kter\u00e1 je p\u0159esnou kopi\u00ed vinice zobrazen\u00e9 na jedn\u00e9 z\u00a0fresek z\u00a0cyklu \u201eM\u011bs\u00edce\u201c, kter\u00fd namaloval na st\u011bny jedn\u00e9 z v\u011b\u017e\u00ed hradu Buonconsiglio v\u00a0Trentu \u010desk\u00fd mistr V\u00e1clav ve 14. stolet\u00ed. Je to pocta na\u0161emu kraji a lidsk\u00e9 pr\u00e1ci: m\u00edrn\u011b sladk\u00e9 p\u0159\u00edrodn\u00ed v\u00edno, v\u011brn\u00e9 odkazu stalet\u00ed. Z\u00a0respektu k\u00a0tradici, kterou freska zobrazuje, nebyl na vinici pou\u017eit beton, plast, ani dr\u00e1t, ale jen sloupky z\u00a0tridentsk\u00e9ho ka\u0161tanu a p\u0159\u00edrodn\u00ed materi\u00e1ly. Na t\u00e9to vinici se pln\u011b realizuje na\u0161e filosofie bio a biodynamick\u00e9ho p\u011bstov\u00e1n\u00ed. Vysadili jsme rostliny rezistentn\u00ed odr\u016fdy na p\u016fvodn\u00edch podno\u017e\u00edch, kter\u00e9 nepot\u0159ebuj\u00ed \u017e\u00e1dn\u00e9 l\u00e9\u010debn\u00e9 z\u00e1sahy. Pr\u00e1ce na vinici je v\u00fdhradn\u011b ru\u010dn\u00ed, bez pou\u017eit\u00ed mechanizace. Na podzim se hrozny ru\u010dn\u011b skl\u00edzej\u00ed a ma\u010dkaj\u00ed nohama. V\u00edno kvas\u00ed a zraje v\u00a0terakotov\u00e9 amfo\u0159e, n\u011bkolik m\u011bs\u00edc\u016f v\u00a0n\u00ed z\u016fst\u00e1v\u00e1 se slupkami.<\/p>\n<table class=\"wines\">\n<tbody>\n<tr>\n<td><strong>Hrozny<\/strong><\/td>\n<td>100% Varieta PIWI<\/td>\n<\/tr>\n<tr>\n<td><strong>Zpracov\u00e1n\u00ed<\/strong><\/td>\n<td>Macerace se slupkami po dobu 6 m\u011bs\u00edc\u016f v\u00a0terakotov\u00e9 amfo\u0159e<\/td>\n<\/tr>\n<tr>\n<td><strong>Zr\u00e1n\u00ed v l\u00e1hvi<\/strong><\/td>\n<td>3-4 m\u011bs\u00edce<\/td>\n<\/tr>\n<tr>\n<td><strong>Barva<\/strong><\/td>\n<td>zlatav\u011b \u017elut\u00e1<\/td>\n<\/tr>\n<tr>\n<td><strong>V\u016fn\u011b<\/strong><\/td>\n<td>\u017elut\u00e9 kv\u011bty, he\u0159m\u00e1nek, ak\u00e1tov\u00fd med<\/td>\n<\/tr>\n<tr>\n<td><strong>Chu\u0165<\/strong><\/td>\n<td>p\u0159\u00edjemn\u011b sladk\u00e1, m\u011bkk\u00e1 a pln\u00e1<\/td>\n<\/tr>\n<\/tbody>\n<\/table>\n<p>&nbsp;<\/p>\n<p><a title=\"Karta\" href=\"\/wp-content\/uploads\/2020\/12\/mesum-scheda-tecnica-data-sheet-pisoni-vini.pdf\" target=\"_blank\" rel=\"noopener noreferrer\">Karta<\/a><\/p>\n","protected":false},"excerpt":{"rendered":"<p>Mesum je v\u00edno s\u00a0prastarou chut\u00ed. Hrozny k\u00a0jeho v\u00fdrob\u011b se urodily na vinici, kter\u00e1 je p\u0159esnou kopi\u00ed vinice zobrazen\u00e9 na jedn\u00e9 z\u00a0fresek z\u00a0cyklu \u201eM\u011bs\u00edce\u201c, kter\u00fd namaloval na st\u011bny jedn\u00e9 z v\u011b\u017e\u00ed hradu Buonconsiglio v\u00a0Trentu \u010desk\u00fd mistr V\u00e1clav ve 14. stolet\u00ed. Je to pocta na\u0161emu kraji a lidsk\u00e9 pr\u00e1ci: m\u00edrn\u011b sladk\u00e9 p\u0159\u00edrodn\u00ed v\u00edno, v\u011brn\u00e9 odkazu stalet\u00ed. Z\u00a0respektu [&hellip;]<\/p>\n","protected":false},"featured_media":3954,"template":"","meta":[],"product_brand":[],"product_cat":[227],"product_tag":[],"class_list":{"0":"post-3953","1":"product","2":"type-product","3":"status-publish","4":"has-post-thumbnail","6":"product_cat-bila-vina","7":"odd","9":"first","10":"instock","11":"shipping-taxable","12":"purchasable","13":"product-type-simple"},"aioseo_notices":[],"_links":{"self":[{"href":"https:\/\/pisonivini.it\/cs\/wp-json\/wp\/v2\/product\/3953","targetHints":{"allow":["GET"]}}],"collection":[{"href":"https:\/\/pisonivini.it\/cs\/wp-json\/wp\/v2\/product"}],"about":[{"href":"https:\/\/pisonivini.it\/cs\/wp-json\/wp\/v2\/types\/product"}],"wp:featuredmedia":[{"embeddable":true,"href":"https:\/\/pisonivini.it\/cs\/wp-json\/wp\/v2\/media\/3954"}],"wp:attachment":[{"href":"https:\/\/pisonivini.it\/cs\/wp-json\/wp\/v2\/media?parent=3953"}],"wp:term":[{"taxonomy":"product_brand","embeddable":true,"href":"https:\/\/pisonivini.it\/cs\/wp-json\/wp\/v2\/product_brand?post=3953"},{"taxonomy":"product_cat","embeddable":true,"href":"https:\/\/pisonivini.it\/cs\/wp-json\/wp\/v2\/product_cat?post=3953"},{"taxonomy":"product_tag","embeddable":true,"href":"https:\/\/pisonivini.it\/cs\/wp-json\/wp\/v2\/product_tag?post=3953"}],"curies":[{"name":"wp","href":"https:\/\/api.w.org\/{rel}","templated":true}]}}